{"id":2169,"date":"2025-02-13T14:19:20","date_gmt":"2025-02-13T13:19:20","guid":{"rendered":"https:\/\/peform.com\/?page_id=2169"},"modified":"2025-07-09T09:53:28","modified_gmt":"2025-07-09T07:53:28","slug":"vertikalne-navijalne-naprave","status":"publish","type":"page","link":"https:\/\/peform.com\/si\/inzenirske-resitve\/vertikalne-navijalne-naprave\/","title":{"rendered":"Vertikalne navijalne naprave"},"content":{"rendered":"<div\n\tclass=\"scroll-my-24 wrapper-full mt-0 mb-4 pt-0 pb-0 w-full\"\n\t>\n\t<div class=\"flex flex-col sm:grid sm:grid-rows-1 grid-cols-1 sm:grid-cols-12 relative group\">\n\t\t<div class=\"px-4 sm:px-10 pb-8 sm:pb-12 pt-3 z-10 bg-blue-900 [.group:not(:has(.breadcrumbs))_&amp;]:pt-8 grid sm:flex sm:flex-col order-2 sm:order-none sm:justify-end items-start grid-rows-1 sm:grid-cols-4 row-start-1 col-start-1 sm:row-start-1 sm:col-start-1 md:col-start-1 sm:col-span-9 md:col-span-6 bg-opacity-100 sm:cut-off-content-secondary-sm md:cut-off-content-secondary-md\">\n\t\t<div class='breadcrumbs text-md\/5 flex flex-wrap items-baseline gap-x-1.5 gap-y-0.5 text-gray-300 mt-4 mb-8 sm:mb-auto sm:mt-4 col-span-4'><a href='https:\/\/peform.com\/si\/' aria-label='Home link'>\n\t\t\t<svg xmlns='http:\/\/www.w3.org\/2000\/svg' width='12' height='12' viewBox='0 0 12 12' fill='none'><path d='M2 10.667h2v-4h4v4h2v-6l-4-3-4 3v6ZM.667 12V4L6 0l5.333 4v8H6.667V8H5.333v4H.667Z' fill='currentColor'\/><\/svg> <span><a href=\" https:\/\/peform.com\/si\/ \">Home<\/a><\/span>\n\t\t<\/a><\/div><p class=\"font-sans [&amp;&gt;a]:underline font-synthesis-none break-words hyphens-auto text-3xl md:text-4xl lg:text-5xl leading-normal sm:mb-2 col-start-1 col-span-3 text-gray-300 sm:max-w-[70%]\">\n\tIN\u017dENIRING<\/p><h2\tdata-slug=\"vertikalne-navijalne-naprave\"\n\tclass=\"font-display text-balance font-synthesis-none scroll-m-20 flex items-start text-7xl md:text-8xl leading-[1.125] col-start-1 col-span-3 text-white sm:max-w-[70%]\"\n>\n\t\t<span class=\"min-w-0 break-words hyphens-auto\">\n\t\tVertikalne navijalne naprave\t<\/span>\n<\/h2>\t<\/div>\n\n\t<div class=\"z-20 absolute justify-center items-center [.group:not(:has(.breadcrumbs))_&amp;]:mt-8 w-8 h-16 sm:w-12 sm:h-24 md:size-auto hidden sm:flex sm:bottom-[1%] sm:left-[53.6%] md:bottom-[6%] md:left-[36.1%] xl:left-[36.35%]\">\n\t\t<svg xmlns='http:\/\/www.w3.org\/2000\/svg' width='101' height='218' viewBox='0 0 101 218' fill='none'><path d='M100.33 0 19.784 218H0L80.545 0h19.785Z' fill='#E00832'\/><\/svg>\t<\/div>\n\t<picture\n\t\t\tclass=\"mb-0 row-start-1 col-start-1 z-0 sm:col-start-6 sm:col-span-7 md:col-start-5 md:col-span-8\"\n\t>\n\t\t\t\t\t\t\t\n\t<img\n\t\tsrc=\"https:\/\/peform.com\/wp-content\/uploads\/sites\/3\/2025\/02\/Vertical_Winding_Machine_Header-scaled.jpg\"\n\t\talt=\"\"\n\t\tclass=\"object-cover object-center row-start-1 col-start-1 z-0 block sm:aspect-16\/9 sm:cut-off-media-1\"\n\t\/>\n<\/picture><\/div><\/div>\n\n<div\n\tclass=\"scroll-my-24 wrapper-contained mt-0 mb-4 pt-0 pb-0 w-full\"\n\t>\n\t<div class=\"grid grid-cols-12 gap-y-4 gap-x-4\" >\n\t\n<div class=\"flex flex-col col-start-3 max-sm:col-start-1 col-end-span-8 max-sm:col-end-span-12 row-end-span-1 justify-stretch h-full [&amp;&gt;*:only-child]:h-full items-stretch w-full [&amp;&gt;*:only-child]:w-full pl-0 pr-0 pt-0 pb-0 bg-gradient-to-r overflow-visible\" >\n\t\n<div\n\tclass=\"scroll-my-24 mt-0 mb-4 pt-20 pb-0 w-full\"\n\t>\n\t<h2\tdata-slug=\"napredne-vertikalne-navijalne-naprave-za-energetski-sektor\"\n\tclass=\"font-display text-balance font-synthesis-none scroll-m-20 flex items-start text-6xl md:text-7xl leading-tight text-center justify-center text-blue-900 [&amp;&gt;a]:text-blue-700\"\n>\n\t\t<span class=\"min-w-0 break-words hyphens-auto\">\n\t\tNapredne vertikalne navijalne naprave za energetski sektor.\t<\/span>\n<\/h2><\/div>\n\n<div\n\tclass=\"scroll-my-24 mt-0 mb-4 pt-0 pb-0 w-full\"\n\t>\n\t<p class=\"font-sans [&amp;&gt;a]:underline font-synthesis-none break-words hyphens-auto text-base leading-normal text-center text-blue-900 [&amp;&gt;a]:text-blue-700\">\n\tV podjetju peform zagotavljamo zanesljive in u\u010dinkovite re\u0161itve za proizvodnjo transformatorjev. Na\u0161e in\u017eenirsko znanje pretvarja kompleksne proizvodne izzive v optimizirane, visokozmogljive procese, ki zagotavljajo natan\u010dnost in zanesljivost za klju\u010dne aplikacije v energetiki.<\/p><\/div>\n<\/div>\n<\/div><\/div>\n\n<div\n\tclass=\"scroll-my-24 wrapper-contained mt-0 mb-4 pt-16 pb-0 w-full\"\n\t>\n\t<div class=\"grid grid-cols-8 sm:grid-cols-5 sm:gap-14\">\n\t<picture\n\t\t\tclass=\"col-span-full sm:cut-off-right sm:col-span-3\"\n\t>\n\t\t\t\t\t\t\t\n\t<img\n\t\tsrc=\"https:\/\/peform.com\/wp-content\/uploads\/sites\/3\/2025\/02\/Vertikalwickelmaschine_1.jpg\"\n\t\talt=\"\"\n\t\tclass=\"object-cover object-center\"\n\t\/>\n<\/picture>\n\t<div class=\"col-span-8 mt-8 sm:mt-0 flex flex-col flex-wrap justify-center sm:col-span-2\">\n\t\t\n<div\n\tclass=\"scroll-my-24 mt-0 mb-4 pt-0 pb-0 w-full\"\n\t>\n\t<h2\tdata-slug=\"tehnologija\"\n\tclass=\"font-display text-balance font-synthesis-none scroll-m-20 flex items-start text-6xl md:text-7xl leading-tight text-start justify-start text-blue-900 [&amp;&gt;a]:text-blue-700\"\n>\n\t\t<span class=\"min-w-0 break-words hyphens-auto\">\n\t\t<strong><strong>Tehnologija<\/strong><\/strong>\t<\/span>\n<\/h2><\/div>\n\n<div\n\tclass=\"scroll-my-24 mt-0 mb-4 pt-0 pb-0 w-full\"\n\t>\n\t<p class=\"font-sans [&amp;&gt;a]:underline font-synthesis-none break-words hyphens-auto text-base leading-normal text-start text-blue-900 [&amp;&gt;a]:text-blue-700\">\n\tNa\u0161i vertikalni navijalni stroji vklju\u010dujejo napredne sisteme za natan\u010dno krmiljenje za proizvodnjo transformatorjev. Ta tehnologija omogo\u010da polavtomatizirane in popolnoma avtomatizirane navijalne procese, pri katerih se uporabljajo razli\u010dni prevodni materiali in vrste izolacije. Sofisticirani sistemi za nadzor napetosti in pozicioniranje zagotavljajo natan\u010dno oblikovanje plasti in dosledno.<\/p><\/div>\n\t<\/div>\n<\/div><\/div>\n\n<div\n\tclass=\"scroll-my-24 wrapper-contained mt-0 mb-4 pt-16 pb-16 w-full\"\n\t>\n\t<div class=\"grid grid-cols-8 sm:grid-cols-5 sm:gap-14\">\n\t<picture\n\t\t\tclass=\"col-span-full sm:order-2 sm:cut-off-left sm:col-span-3\"\n\t>\n\t\t\t\t\t\t\t\n\t<img\n\t\tsrc=\"https:\/\/peform.com\/wp-content\/uploads\/sites\/3\/2025\/02\/Vertikalwickelmaschine_2-scaled.jpg\"\n\t\talt=\"\"\n\t\tclass=\"object-cover object-center\"\n\t\/>\n<\/picture>\n\t<div class=\"col-span-8 mt-8 sm:mt-0 flex flex-col flex-wrap justify-center sm:col-span-2\">\n\t\t\n<div\n\tclass=\"scroll-my-24 mt-0 mb-4 pt-0 pb-0 w-full\"\n\t>\n\t<h2\tdata-slug=\"\"\n\tclass=\"font-display text-balance font-synthesis-none scroll-m-20 flex items-start text-6xl md:text-7xl leading-tight text-start justify-start text-blue-900 [&amp;&gt;a]:text-blue-700\"\n>\n\t\t<span class=\"min-w-0 break-words hyphens-auto\">\n\t\t<strong>Celovite navijalne re\u0161itve za razli\u010dne potrebe.<\/strong>\t<\/span>\n<\/h2><\/div>\n\n<div\n\tclass=\"scroll-my-24 mt-0 mb-4 pt-0 pb-0 w-full\"\n\t>\n\t<p class=\"font-sans [&amp;&gt;a]:underline font-synthesis-none break-words hyphens-auto text-base leading-normal text-start text-blue-900 [&amp;&gt;a]:text-blue-700\">\n\t<br>Na\u0161 proizvodni program vklju\u010duje polavtomatske in popolnoma avtomatizirane navijalne stroje, prilagojene razli\u010dnim zahtevam pri izdelavi transformatorjev. Fleksibilne konfiguracije zagotavljajo optimalno zmogljivost, zaradi \u010desar so idealna izbira za proizvodnjo razli\u010dnih obsegov.<\/p><\/div>\n\t<\/div>\n<\/div><\/div>\n\n<div\n\tclass=\"scroll-my-24 bg-gray-50 wrapper-contained-wide mt-0 mb-0 pt-20 pb-12 w-full\"\n\t>\n\t<div class=\"grid grid-cols-12 gap-y-4 gap-x-4\" >\n\t\n<div class=\"flex flex-col col-start-3 max-sm:col-start-2 col-end-span-8 max-sm:col-end-span-10 row-end-span-1 justify-stretch h-full [&amp;&gt;*:only-child]:h-full items-stretch w-full [&amp;&gt;*:only-child]:w-full pl-0 pr-0 pt-0 pb-0 bg-gradient-to-r overflow-visible\" >\n\t\n<div\n\tclass=\"scroll-my-24 mt-0 mb-4 pt-0 pb-0 w-full\"\n\t>\n\t<h2\tdata-slug=\"zakaj-peform\"\n\tclass=\"font-display text-balance font-synthesis-none scroll-m-20 flex items-start text-3xl md:text-4xl lg:text-5xl leading-normal text-start justify-start text-black [&amp;&gt;a]:text-blue-700\"\n>\n\t\t<span class=\"min-w-0 break-words hyphens-auto\">\n\t\tZakaj peform?\t<\/span>\n<\/h2><\/div>\n\n<div\n\tclass=\"scroll-my-24 mt-0 mb-4 pt-0 pb-0 w-full\"\n\t>\n\t<ul\tclass=\"font-sans [&amp;&gt;a]:underline font-synthesis-none text-xl md:text-2xl leading-normal list-[&#039;\u2713_&#039;] ml-[1em] marker:text-red-700 text-black\"\n>\n\t<li>Desetletja in\u017eenirskih izku\u0161enj pri razvoju vertikalnih navijalnih naprav za transformatorje<\/li><li>Vsestranske navijalne re\u0161itve \u2013 od polavtomatskih do popolnoma avtomatiziranih sistemov<\/li><li>Visoka natan\u010dnost in u\u010dinkovitost v proizvodnem procesu<br>Prilagodljive konfiguracije, zasnovane po meri industrijskih zahtev<\/li><\/ul><\/div>\n<\/div>\n<\/div><\/div>\n\n<div\n\tclass=\"scroll-my-24 mt-16 mb-12 pt-0 pb-0 w-full\"\n\t>\n\t<div class=\"flex flex-col flex-wrap justify-center max-w-2xl px-4 py-8 mx-auto gap-y-5 items-center text-center text-blue-900\">\n\t<h2\tdata-slug=\"\"\n\tclass=\"font-display text-balance font-synthesis-none scroll-m-20 flex items-start text-6xl md:text-7xl leading-tight\"\n>\n\t\t<span class=\"min-w-0 break-words hyphens-auto\">\n\t\tOdprite nov potencial v svojem proizvodnem procesu z inovativnimi in\u017eenirskimi re\u0161itvami!\t<\/span>\n<\/h2><p class=\"font-sans [&amp;&gt;a]:underline font-synthesis-none break-words hyphens-auto text-xl md:text-2xl leading-normal\">\n\tPogovorite se z na\u0161imi strokovnjaki in poi\u0161\u010dite re\u0161itev, prilagojeno va\u0161im potrebam.<\/p><a\thref=\"https:\/\/peform.com\/si\/kontaktni-obrazec\/\"class=\"font-sans transition duration-300 flex w-fit items-center focus-visible:ring focus:outline-none text-lg disabled:cursor-default [&amp;&gt;svg]:flex-none max-w-full px-8 border [&amp;&gt;svg]:size-5 gap-2 py-2 rounded-sm text-white bg-red-700 border-red-700 hover:bg-red-800 hover:border-red-800 disabled:bg-gray-300 disabled:border-gray-300 focus-visible:ring-red-500\/30 button mt-2\">\n\t\t\t<span class=\"min-w-0 break-words hyphens-auto\">Stopite v stik<\/span>\n\t\n\t<\/a><\/div><\/div>\n\n<div\n\tclass=\"scroll-my-24 border-b border-b-gray-50 bg-gray-950 wrapper-contained-wide mt-0 mb-0 pt-0 pb-16 w-full\"\n\t>\n\t<div\n\tclass=\"scroll-my-24 mt-16 mb-0 pt-0 max-sm:pt-8 pb-0 w-full\"\n\t>\n\t<h2\tdata-slug=\"xn-odkrijte-ve-xnb\"\n\tclass=\"font-display text-balance font-synthesis-none scroll-m-20 flex items-start text-3xl md:text-4xl lg:text-5xl leading-normal text-start justify-start text-white [&amp;&gt;a]:text-blue-700\"\n>\n\t\t\t<span class=\"mt-[0.35rem] [&amp;&gt;svg]:size-5\">\n\t\t\t<svg xmlns='http:\/\/www.w3.org\/2000\/svg' width='11' height='24' viewBox='0 0 11 24' fill='none'><path stroke='#E20031' stroke-width='3' d='m1.59 23.487 8-22' fill='none'\/><\/svg>\t\t<\/span>\n\n\t\t<span class=\"min-w-0 break-words hyphens-auto\">\n\t\tOdkrijte Ve\u010d\t<\/span>\n<\/h2><\/div>\n\n<div\n\tclass=\"scroll-my-24 bg-gray-950 mt-0 max-sm:mt-8 mb-0 pt-0 pb-0 w-full\"\n\t>\n\t<div>\n\t\n\t<div\n\t\tid=\"featured-content-es-95\"\n\t\tclass=\"grid py-28 *:scale-125 hover:*:scale-150 *:origin-bottom *:transition hover:*:z-20 grid-cols-2 gap-y-16 sm:gap-y-0 sm:grid-cols-4 sm:mx-8\"\n\t\taria-live=\"polite\"\n\t>\n\t\t<a class=\"grid grid-cols-1 grid-rows-1 w-full group items-end isolate relative before:content-[''] before:absolute before:bg-red-600 before:opacity-0 before:size-full before:top-0 before:left-0 before:-z-10 hover:before:translate-x-1.5 before:transition hover:before:opacity-100 before:card-rhombus [&amp;:not(:last-child)]:before:cutoff-top-17-only\" href=\"https:\/\/peform.com\/si\/inzenirske-resitve\/preskusni-manometer\/\">\n\t<picture\n\t\t\tclass=\"card-rhombus w-full h-full row-start-1 col-start-1 col-span-1 row-span-1 object-cover overflow-hidden !block\"\n\t>\n\t\t\t\t\t\t\t\n\t<img\n\t\tsrc=\"https:\/\/peform.com\/wp-content\/uploads\/sites\/3\/2025\/02\/HPB-210_2-1024x683.jpg\"\n\t\talt=\"\"\n\t\tclass=\"object-cover object-center aspect-3\/2\"\n\t\/>\n<\/picture>\n\t<div class=\"card-rhombus row-start-1 col-start-1 col-span-1 row-span-1 pl-6 pr-16 py-2 h-full flex flex-col z-10 transition-colors bg-black\/60 group-hover:bg-black\/5\">\n\t\t<button\tclass=\"font-sans transition duration-300 flex w-fit items-center focus-visible:ring focus:outline-none text-lg disabled:cursor-default [&amp;&gt;svg]:flex-none max-w-full leading-tight cursor-pointer [&amp;&gt;svg]:size-6 gap-3 text-left text-white hover:text-blue-200 button font-display text-white hover:!text-white font-bold text-left mb-2 mt-auto w-full !text-xl [&amp;&gt;svg]:opacity-0 group-hover:[&amp;&gt;svg]:opacity-100\">\n\t\t\t<span class=\"min-w-0 break-words hyphens-auto\">Preskusni manometer<\/span>\n\t\n\t<svg xmlns='http:\/\/www.w3.org\/2000\/svg' width='31' height='20' viewBox='0 0 31 20' fill='none'><path d='m22.315 1.432 5.771 6.53H9.432' stroke='#E20031' stroke-width='2.4' fill='none'\/><path d='m13.596 19.154 6.01-6.53H.106' stroke='#EDEDED' stroke-width='2.4' fill='none'\/><\/svg><\/button>\t<\/div>\n<\/a><a class=\"grid grid-cols-1 grid-rows-1 w-full group items-end isolate relative before:content-[''] before:absolute before:bg-red-600 before:opacity-0 before:size-full before:top-0 before:left-0 before:-z-10 hover:before:translate-x-1.5 before:transition hover:before:opacity-100 before:card-rhombus [&amp;:not(:last-child)]:before:cutoff-top-17-only\" href=\"https:\/\/peform.com\/si\/inzenirske-resitve\/stroji-za-varjenje-verig\/\">\n\t<picture\n\t\t\tclass=\"card-rhombus w-full h-full row-start-1 col-start-1 col-span-1 row-span-1 object-cover overflow-hidden !block\"\n\t>\n\t\t\t\t\t\t\t\n\t<img\n\t\tsrc=\"https:\/\/peform.com\/wp-content\/uploads\/sites\/3\/2025\/02\/Chain-Welding-2-1024x683.jpg\"\n\t\talt=\"\"\n\t\tclass=\"object-cover object-center aspect-3\/2\"\n\t\/>\n<\/picture>\n\t<div class=\"card-rhombus row-start-1 col-start-1 col-span-1 row-span-1 pl-6 pr-16 py-2 h-full flex flex-col z-10 transition-colors bg-black\/60 group-hover:bg-black\/5\">\n\t\t<button\tclass=\"font-sans transition duration-300 flex w-fit items-center focus-visible:ring focus:outline-none text-lg disabled:cursor-default [&amp;&gt;svg]:flex-none max-w-full leading-tight cursor-pointer [&amp;&gt;svg]:size-6 gap-3 text-left text-white hover:text-blue-200 button font-display text-white hover:!text-white font-bold text-left mb-2 mt-auto w-full !text-xl [&amp;&gt;svg]:opacity-0 group-hover:[&amp;&gt;svg]:opacity-100\">\n\t\t\t<span class=\"min-w-0 break-words hyphens-auto\">Stroji za varjenje verig<\/span>\n\t\n\t<svg xmlns='http:\/\/www.w3.org\/2000\/svg' width='31' height='20' viewBox='0 0 31 20' fill='none'><path d='m22.315 1.432 5.771 6.53H9.432' stroke='#E20031' stroke-width='2.4' fill='none'\/><path d='m13.596 19.154 6.01-6.53H.106' stroke='#EDEDED' stroke-width='2.4' fill='none'\/><\/svg><\/button>\t<\/div>\n<\/a><a class=\"grid grid-cols-1 grid-rows-1 w-full group items-end isolate relative before:content-[''] before:absolute before:bg-red-600 before:opacity-0 before:size-full before:top-0 before:left-0 before:-z-10 hover:before:translate-x-1.5 before:transition hover:before:opacity-100 before:card-rhombus [&amp;:not(:last-child)]:before:cutoff-top-17-only\" href=\"https:\/\/peform.com\/si\/o-nas\/kariera-v-podjetju-peform\/\">\n\t<picture\n\t\t\tclass=\"card-rhombus w-full h-full row-start-1 col-start-1 col-span-1 row-span-1 object-cover overflow-hidden !block\"\n\t>\n\t\t\t\t\t\t\t\n\t<img\n\t\tsrc=\"https:\/\/peform.com\/wp-content\/uploads\/sites\/3\/2025\/05\/header_working_at_peform_welding_IMG_8772-1024x563.png\"\n\t\talt=\"\"\n\t\tclass=\"object-cover object-center aspect-3\/2\"\n\t\/>\n<\/picture>\n\t<div class=\"card-rhombus row-start-1 col-start-1 col-span-1 row-span-1 pl-6 pr-16 py-2 h-full flex flex-col z-10 transition-colors bg-black\/60 group-hover:bg-black\/5\">\n\t\t<button\tclass=\"font-sans transition duration-300 flex w-fit items-center focus-visible:ring focus:outline-none text-lg disabled:cursor-default [&amp;&gt;svg]:flex-none max-w-full leading-tight cursor-pointer [&amp;&gt;svg]:size-6 gap-3 text-left text-white hover:text-blue-200 button font-display text-white hover:!text-white font-bold text-left mb-2 mt-auto w-full !text-xl [&amp;&gt;svg]:opacity-0 group-hover:[&amp;&gt;svg]:opacity-100\">\n\t\t\t<span class=\"min-w-0 break-words hyphens-auto\">Kariera v podjetju peform<\/span>\n\t\n\t<svg xmlns='http:\/\/www.w3.org\/2000\/svg' width='31' height='20' viewBox='0 0 31 20' fill='none'><path d='m22.315 1.432 5.771 6.53H9.432' stroke='#E20031' stroke-width='2.4' fill='none'\/><path d='m13.596 19.154 6.01-6.53H.106' stroke='#EDEDED' stroke-width='2.4' fill='none'\/><\/svg><\/button>\t<\/div>\n<\/a><a class=\"grid grid-cols-1 grid-rows-1 w-full group items-end isolate relative before:content-[''] before:absolute before:bg-red-600 before:opacity-0 before:size-full before:top-0 before:left-0 before:-z-10 hover:before:translate-x-1.5 before:transition hover:before:opacity-100 before:card-rhombus [&amp;:not(:last-child)]:before:cutoff-top-17-only\" href=\"https:\/\/peform.com\/si\/inzenirske-resitve\/\">\n\t<picture\n\t\t\tclass=\"card-rhombus w-full h-full row-start-1 col-start-1 col-span-1 row-span-1 object-cover overflow-hidden !block\"\n\t>\n\t\t\t\t\t\t\t\n\t<img\n\t\tsrc=\"https:\/\/peform.com\/wp-content\/uploads\/sites\/3\/2025\/02\/Bin_Picking-1024x683.jpeg\"\n\t\talt=\"\"\n\t\tclass=\"object-cover object-center aspect-3\/2\"\n\t\/>\n<\/picture>\n\t<div class=\"card-rhombus row-start-1 col-start-1 col-span-1 row-span-1 pl-6 pr-16 py-2 h-full flex flex-col z-10 transition-colors bg-black\/60 group-hover:bg-black\/5\">\n\t\t<button\tclass=\"font-sans transition duration-300 flex w-fit items-center focus-visible:ring focus:outline-none text-lg disabled:cursor-default [&amp;&gt;svg]:flex-none max-w-full leading-tight cursor-pointer [&amp;&gt;svg]:size-6 gap-3 text-left text-white hover:text-blue-200 button font-display text-white hover:!text-white font-bold text-left mb-2 mt-auto w-full !text-xl [&amp;&gt;svg]:opacity-0 group-hover:[&amp;&gt;svg]:opacity-100\">\n\t\t\t<span class=\"min-w-0 break-words hyphens-auto\">In\u017eenirske re\u0161itve<\/span>\n\t\n\t<svg xmlns='http:\/\/www.w3.org\/2000\/svg' width='31' height='20' viewBox='0 0 31 20' fill='none'><path d='m22.315 1.432 5.771 6.53H9.432' stroke='#E20031' stroke-width='2.4' fill='none'\/><path d='m13.596 19.154 6.01-6.53H.106' stroke='#EDEDED' stroke-width='2.4' fill='none'\/><\/svg><\/button>\t<\/div>\n<\/a>\t<\/div>\n\n\t\n\t<\/div><\/div><\/div>","protected":false},"excerpt":{"rendered":"","protected":false},"author":6,"featured_media":475,"parent":2199,"menu_order":0,"comment_status":"closed","ping_status":"closed","template":"","meta":{"footnotes":""},"content-types":[23],"class_list":["post-2169","page","type-page","status-publish","has-post-thumbnail","hentry","content-type-engineering"],"yoast_head":"<!-- This site is optimized with the Yoast SEO plugin v27.2 - https:\/\/yoast.com\/product\/yoast-seo-wordpress\/ -->\n<title>Vertikalne navijalne naprave - peform<\/title>\n<meta name=\"robots\" content=\"index, follow, max-snippet:-1, max-image-preview:large, max-video-preview:-1\" \/>\n<link rel=\"canonical\" href=\"https:\/\/peform.com\/si\/inzenirske-resitve\/vertikalne-navijalne-naprave\/\" \/>\n<meta property=\"og:locale\" content=\"sl_SI\" \/>\n<meta property=\"og:type\" content=\"article\" \/>\n<meta property=\"og:title\" content=\"Vertikalne navijalne naprave - peform\" \/>\n<meta property=\"og:url\" content=\"https:\/\/peform.com\/si\/inzenirske-resitve\/vertikalne-navijalne-naprave\/\" \/>\n<meta property=\"og:site_name\" content=\"peform\" \/>\n<meta property=\"article:modified_time\" content=\"2025-07-09T07:53:28+00:00\" \/>\n<meta property=\"og:image\" content=\"https:\/\/peform.com\/wp-content\/uploads\/sites\/3\/2025\/02\/Vertikalwickelmaschine_2-scaled.jpg\" \/>\n\t<meta property=\"og:image:width\" content=\"2560\" \/>\n\t<meta property=\"og:image:height\" content=\"1920\" \/>\n\t<meta property=\"og:image:type\" content=\"image\/jpeg\" \/>\n<meta name=\"twitter:card\" content=\"summary_large_image\" \/>\n<meta name=\"twitter:label1\" content=\"Est. reading time\" \/>\n\t<meta name=\"twitter:data1\" content=\"3 minutes\" \/>\n<script type=\"application\/ld+json\" class=\"yoast-schema-graph\">{\"@context\":\"https:\/\/schema.org\",\"@graph\":[{\"@type\":\"WebPage\",\"@id\":\"https:\/\/peform.com\/si\/inzenirske-resitve\/vertikalne-navijalne-naprave\/\",\"url\":\"https:\/\/peform.com\/si\/inzenirske-resitve\/vertikalne-navijalne-naprave\/\",\"name\":\"Vertikalne navijalne naprave - peform\",\"isPartOf\":{\"@id\":\"https:\/\/peform.com\/#website\"},\"primaryImageOfPage\":{\"@id\":\"https:\/\/peform.com\/si\/inzenirske-resitve\/vertikalne-navijalne-naprave\/#primaryimage\"},\"image\":{\"@id\":\"https:\/\/peform.com\/si\/inzenirske-resitve\/vertikalne-navijalne-naprave\/#primaryimage\"},\"thumbnailUrl\":\"https:\/\/peform.com\/wp-content\/uploads\/sites\/3\/2025\/02\/Vertikalwickelmaschine_2-scaled.jpg\",\"datePublished\":\"2025-02-13T13:19:20+00:00\",\"dateModified\":\"2025-07-09T07:53:28+00:00\",\"breadcrumb\":{\"@id\":\"https:\/\/peform.com\/si\/inzenirske-resitve\/vertikalne-navijalne-naprave\/#breadcrumb\"},\"inLanguage\":\"sl-SI\",\"potentialAction\":[{\"@type\":\"ReadAction\",\"target\":[\"https:\/\/peform.com\/si\/inzenirske-resitve\/vertikalne-navijalne-naprave\/\"]}]},{\"@type\":\"ImageObject\",\"inLanguage\":\"sl-SI\",\"@id\":\"https:\/\/peform.com\/si\/inzenirske-resitve\/vertikalne-navijalne-naprave\/#primaryimage\",\"url\":\"https:\/\/peform.com\/wp-content\/uploads\/sites\/3\/2025\/02\/Vertikalwickelmaschine_2-scaled.jpg\",\"contentUrl\":\"https:\/\/peform.com\/wp-content\/uploads\/sites\/3\/2025\/02\/Vertikalwickelmaschine_2-scaled.jpg\",\"width\":2560,\"height\":1920},{\"@type\":\"BreadcrumbList\",\"@id\":\"https:\/\/peform.com\/si\/inzenirske-resitve\/vertikalne-navijalne-naprave\/#breadcrumb\",\"itemListElement\":[{\"@type\":\"ListItem\",\"position\":1,\"name\":\"Home\",\"item\":\"https:\/\/peform.com\/si\/\"},{\"@type\":\"ListItem\",\"position\":2,\"name\":\"In\u017eenirske re\u0161itve\",\"item\":\"https:\/\/peform.com\/si\/inzenirske-resitve\/\"},{\"@type\":\"ListItem\",\"position\":3,\"name\":\"Vertikalne navijalne naprave\"}]},{\"@type\":\"WebSite\",\"@id\":\"https:\/\/peform.com\/#website\",\"url\":\"https:\/\/peform.com\/\",\"name\":\"peform\",\"description\":\"\",\"potentialAction\":[{\"@type\":\"SearchAction\",\"target\":{\"@type\":\"EntryPoint\",\"urlTemplate\":\"https:\/\/peform.com\/?s={search_term_string}\"},\"query-input\":{\"@type\":\"PropertyValueSpecification\",\"valueRequired\":true,\"valueName\":\"search_term_string\"}}],\"inLanguage\":\"sl-SI\"}]}<\/script>\n<!-- \/ Yoast SEO plugin. -->","yoast_head_json":{"title":"Vertikalne navijalne naprave - peform","robots":{"index":"index","follow":"follow","max-snippet":"max-snippet:-1","max-image-preview":"max-image-preview:large","max-video-preview":"max-video-preview:-1"},"canonical":"https:\/\/peform.com\/si\/inzenirske-resitve\/vertikalne-navijalne-naprave\/","og_locale":"sl_SI","og_type":"article","og_title":"Vertikalne navijalne naprave - peform","og_url":"https:\/\/peform.com\/si\/inzenirske-resitve\/vertikalne-navijalne-naprave\/","og_site_name":"peform","article_modified_time":"2025-07-09T07:53:28+00:00","og_image":[{"width":2560,"height":1920,"url":"https:\/\/peform.com\/wp-content\/uploads\/sites\/3\/2025\/02\/Vertikalwickelmaschine_2-scaled.jpg","type":"image\/jpeg"}],"twitter_card":"summary_large_image","twitter_misc":{"Est. reading time":"3 minutes"},"schema":{"@context":"https:\/\/schema.org","@graph":[{"@type":"WebPage","@id":"https:\/\/peform.com\/si\/inzenirske-resitve\/vertikalne-navijalne-naprave\/","url":"https:\/\/peform.com\/si\/inzenirske-resitve\/vertikalne-navijalne-naprave\/","name":"Vertikalne navijalne naprave - peform","isPartOf":{"@id":"https:\/\/peform.com\/#website"},"primaryImageOfPage":{"@id":"https:\/\/peform.com\/si\/inzenirske-resitve\/vertikalne-navijalne-naprave\/#primaryimage"},"image":{"@id":"https:\/\/peform.com\/si\/inzenirske-resitve\/vertikalne-navijalne-naprave\/#primaryimage"},"thumbnailUrl":"https:\/\/peform.com\/wp-content\/uploads\/sites\/3\/2025\/02\/Vertikalwickelmaschine_2-scaled.jpg","datePublished":"2025-02-13T13:19:20+00:00","dateModified":"2025-07-09T07:53:28+00:00","breadcrumb":{"@id":"https:\/\/peform.com\/si\/inzenirske-resitve\/vertikalne-navijalne-naprave\/#breadcrumb"},"inLanguage":"sl-SI","potentialAction":[{"@type":"ReadAction","target":["https:\/\/peform.com\/si\/inzenirske-resitve\/vertikalne-navijalne-naprave\/"]}]},{"@type":"ImageObject","inLanguage":"sl-SI","@id":"https:\/\/peform.com\/si\/inzenirske-resitve\/vertikalne-navijalne-naprave\/#primaryimage","url":"https:\/\/peform.com\/wp-content\/uploads\/sites\/3\/2025\/02\/Vertikalwickelmaschine_2-scaled.jpg","contentUrl":"https:\/\/peform.com\/wp-content\/uploads\/sites\/3\/2025\/02\/Vertikalwickelmaschine_2-scaled.jpg","width":2560,"height":1920},{"@type":"BreadcrumbList","@id":"https:\/\/peform.com\/si\/inzenirske-resitve\/vertikalne-navijalne-naprave\/#breadcrumb","itemListElement":[{"@type":"ListItem","position":1,"name":"Home","item":"https:\/\/peform.com\/si\/"},{"@type":"ListItem","position":2,"name":"In\u017eenirske re\u0161itve","item":"https:\/\/peform.com\/si\/inzenirske-resitve\/"},{"@type":"ListItem","position":3,"name":"Vertikalne navijalne naprave"}]},{"@type":"WebSite","@id":"https:\/\/peform.com\/#website","url":"https:\/\/peform.com\/","name":"peform","description":"","potentialAction":[{"@type":"SearchAction","target":{"@type":"EntryPoint","urlTemplate":"https:\/\/peform.com\/?s={search_term_string}"},"query-input":{"@type":"PropertyValueSpecification","valueRequired":true,"valueName":"search_term_string"}}],"inLanguage":"sl-SI"}]}},"_links":{"self":[{"href":"https:\/\/peform.com\/si\/wp-json\/wp\/v2\/pages\/2169","targetHints":{"allow":["GET"]}}],"collection":[{"href":"https:\/\/peform.com\/si\/wp-json\/wp\/v2\/pages"}],"about":[{"href":"https:\/\/peform.com\/si\/wp-json\/wp\/v2\/types\/page"}],"author":[{"embeddable":true,"href":"https:\/\/peform.com\/si\/wp-json\/wp\/v2\/users\/6"}],"replies":[{"embeddable":true,"href":"https:\/\/peform.com\/si\/wp-json\/wp\/v2\/comments?post=2169"}],"version-history":[{"count":2,"href":"https:\/\/peform.com\/si\/wp-json\/wp\/v2\/pages\/2169\/revisions"}],"predecessor-version":[{"id":2184,"href":"https:\/\/peform.com\/si\/wp-json\/wp\/v2\/pages\/2169\/revisions\/2184"}],"up":[{"embeddable":true,"href":"https:\/\/peform.com\/si\/wp-json\/wp\/v2\/pages\/2199"}],"wp:featuredmedia":[{"embeddable":true,"href":"https:\/\/peform.com\/si\/wp-json\/wp\/v2\/media\/475"}],"wp:attachment":[{"href":"https:\/\/peform.com\/si\/wp-json\/wp\/v2\/media?parent=2169"}],"wp:term":[{"taxonomy":"content-type","embeddable":true,"href":"https:\/\/peform.com\/si\/wp-json\/wp\/v2\/content-types?post=2169"}],"curies":[{"name":"wp","href":"https:\/\/api.w.org\/{rel}","templated":true}]}}