{"id":2132,"date":"2025-02-13T11:46:59","date_gmt":"2025-02-13T10:46:59","guid":{"rendered":"https:\/\/peform.com\/?page_id=2132"},"modified":"2025-07-09T12:15:37","modified_gmt":"2025-07-09T10:15:37","slug":"tehnologija-strojne-obdelave","status":"publish","type":"page","link":"https:\/\/peform.com\/si\/resitve-za-proizvodnjo\/tehnologija-strojne-obdelave\/","title":{"rendered":"Tehnologija strojne obdelave"},"content":{"rendered":"<div\n\tclass=\"scroll-my-24 mt-0 mb-0 pt-12 max-sm:pt-4 pb-12 max-sm:pb-4 w-full\"\n\t>\n\t<div class='breadcrumbs text-md\/5 flex flex-wrap items-baseline gap-x-1.5 gap-y-0.5 text-gray-700 mx-4 sm:mx-8 lg:mx-2'><a href='https:\/\/peform.com\/si\/' aria-label='Home link'>\n\t\t\t<svg xmlns='http:\/\/www.w3.org\/2000\/svg' width='12' height='12' viewBox='0 0 12 12' fill='none'><path d='M2 10.667h2v-4h4v4h2v-6l-4-3-4 3v6ZM.667 12V4L6 0l5.333 4v8H6.667V8H5.333v4H.667Z' fill='currentColor'\/><\/svg> <span><a href=\" https:\/\/peform.com\/si\/ \">Home<\/a><\/span>\n\t\t<\/a><\/div><\/div>\n\n<div\n\tclass=\"scroll-my-24 wrapper-contained mt-0 mb-4 pt-0 pb-0 w-full\"\n\t>\n\t<div class=\"grid grid-cols-12 gap-y-4 gap-x-4\" >\n\t\n<div class=\"flex flex-col col-start-3 max-sm:col-start-2 col-end-span-8 max-sm:col-end-span-10 row-end-span-1 justify-stretch h-full [&amp;&gt;*:only-child]:h-full items-stretch w-full [&amp;&gt;*:only-child]:w-full pl-0 pr-0 pt-0 pb-0 bg-gradient-to-r overflow-visible\" >\n\t\n<div\n\tclass=\"scroll-my-24 mt-0 mb-4 pt-8 pb-0 w-full\"\n\t>\n\t<h2\tdata-slug=\"\"\n\tclass=\"font-display text-balance font-synthesis-none scroll-m-20 flex items-start text-6xl md:text-7xl leading-tight text-center justify-center text-blue-900 [&amp;&gt;a]:text-blue-700\"\n>\n\t\t<span class=\"min-w-0 break-words hyphens-auto\">\n\t\tNatan\u010dnost in vsestranskost v naprednih obdelovalnih centrih peform.\t<\/span>\n<\/h2><\/div>\n\n<div\n\tclass=\"scroll-my-24 mt-0 mb-4 pt-0 pb-0 w-full\"\n\t>\n\t<p class=\"font-sans [&amp;&gt;a]:underline font-synthesis-none break-words hyphens-auto text-base leading-normal text-center text-blue-900 [&amp;&gt;a]:text-blue-700\">\n\tZ ve\u010d kot 40 specializiranimi stroji spreminjamo surovine v visokokakovostne komponente za razli\u010dne industrije. Na\u0161a proizvodnja presega strojno obdelavo, saj vklju\u010duje kaljenje, povr\u0161insko obdelavo in monta\u017eo ter tako zagotavlja celovite re\u0161itve, optimizirane za stranke.<\/p><\/div>\n<\/div>\n<\/div><\/div>\n\n<div\n\tclass=\"scroll-my-24 wrapper-contained mt-0 mb-4 pt-20 pb-16 w-full\"\n\t>\n\t<div class=\"flex flex-col items-center sm:items-start justify-center sm:flex-row sm:flex-wrap sm:justify-between gap-y-6 sm:gap-y-10 *:min-w-24\">\n\t\n<div class=\"flex flex-col items-center justify-center text-center\" >\n\t\t\t<img\n\t\t\tsrc=\"https:\/\/peform.com\/wp-content\/uploads\/sites\/3\/2025\/02\/Peform-Icons_engineering-manufacturing.png\"\n\t\t\talt=\"\"\n\t\t\tclass=\"object-cover mb-5 mx-auto max-w-16 aspect-square\"\n\t\t\/>\n\t\t\n\t<p class=\"font-sans [&amp;&gt;a]:underline font-synthesis-none break-words hyphens-auto text-tiny lg:text-md leading-tight transition duration-300 max-w-52 w-max text-black group-hover:text-gray-800\">\n\tpeform je predan postavljanju novih standardov v in\u017eeniringu in proizvodnji.<\/p><\/div>\n\n<div class=\"flex flex-col items-center justify-center text-center\" >\n\t\t\t<img\n\t\t\tsrc=\"https:\/\/peform.com\/wp-content\/uploads\/sites\/3\/2025\/02\/dash-red.svg\"\n\t\t\talt=\"\"\n\t\t\tclass=\"object-cover mb-5 mx-auto max-w-16 aspect-square\"\n\t\t\/>\n\t\t\n\t<p\tdata-slug=\"\"\n\tclass=\"font-display text-balance font-synthesis-none scroll-m-20 flex items-start text-3xl md:text-4xl lg:text-5xl leading-normal transition duration-300 font-sans font-medium max-w-52 w-max text-white group-hover:text-blue-200\"\n>\n\t\t<span class=\"min-w-0 break-words hyphens-auto\">\n\t\t.\t<\/span>\n<\/p><\/div>\n\n<div class=\"flex flex-col items-center justify-center text-center\" >\n\t\t\t<img\n\t\t\tsrc=\"https:\/\/peform.com\/wp-content\/uploads\/sites\/3\/2025\/02\/Peform-Icons_people.png\"\n\t\t\talt=\"\"\n\t\t\tclass=\"object-cover mb-5 mx-auto max-w-16 aspect-square\"\n\t\t\/>\n\t\t\n\t<p class=\"font-sans [&amp;&gt;a]:underline font-synthesis-none break-words hyphens-auto text-tiny lg:text-md leading-tight transition duration-300 max-w-52 w-max text-black group-hover:text-gray-800\">\n\tpeform se zavzema za medsebojno spo\u0161tovanje.<\/p><\/div>\n\n<div class=\"flex flex-col items-center justify-center text-center\" >\n\t\t\t<img\n\t\t\tsrc=\"https:\/\/peform.com\/wp-content\/uploads\/sites\/3\/2025\/02\/dash-red.svg\"\n\t\t\talt=\"\"\n\t\t\tclass=\"object-cover mb-5 mx-auto max-w-16 aspect-square\"\n\t\t\/>\n\t\t\n\t<p\tdata-slug=\"\"\n\tclass=\"font-display text-balance font-synthesis-none scroll-m-20 flex items-start text-3xl md:text-4xl lg:text-5xl leading-normal transition duration-300 font-sans font-medium max-w-52 w-max text-white group-hover:text-blue-200\"\n>\n\t\t<span class=\"min-w-0 break-words hyphens-auto\">\n\t\t.\t<\/span>\n<\/p><\/div>\n\n<div class=\"flex flex-col items-center justify-center text-center\" >\n\t\t\t<img\n\t\t\tsrc=\"https:\/\/peform.com\/wp-content\/uploads\/sites\/3\/2025\/02\/Peform-Icons_sustainability.png\"\n\t\t\talt=\"\"\n\t\t\tclass=\"object-cover mb-5 mx-auto max-w-16 aspect-square\"\n\t\t\/>\n\t\t\n\t<p class=\"font-sans [&amp;&gt;a]:underline font-synthesis-none break-words hyphens-auto text-tiny lg:text-md leading-tight transition duration-300 max-w-52 w-max text-black group-hover:text-gray-800\">\n\tpeform prispeva k trajnostni prihodnosti za naslednje generacije.<\/p><\/div>\n<\/div><\/div>\n\n<div\n\tclass=\"scroll-my-24 bg-gray-650 wrapper-contained-wide mt-0 mb-4 pt-16 pb-16 w-full\"\n\t>\n\t<div\n\tclass=\"scroll-my-24 mt-0 mb-4 pt-0 pb-0 w-full\"\n\t>\n\t<h2\tdata-slug=\"tehnologija-strojne-obdelave\"\n\tclass=\"font-display text-balance font-synthesis-none scroll-m-20 flex items-start text-3xl md:text-4xl lg:text-5xl leading-normal text-start justify-start text-white [&amp;&gt;a]:text-blue-700\"\n>\n\t\t\t<span class=\"mt-[0.35rem] [&amp;&gt;svg]:size-5\">\n\t\t\t<svg xmlns='http:\/\/www.w3.org\/2000\/svg' width='11' height='24' viewBox='0 0 11 24' fill='none'><path stroke='#E20031' stroke-width='3' d='m1.59 23.487 8-22' fill='none'\/><\/svg>\t\t<\/span>\n\n\t\t<span class=\"min-w-0 break-words hyphens-auto\">\n\t\tTehnologija strojne obdelave\t<\/span>\n<\/h2><\/div>\n\n<div\n\tclass=\"scroll-my-24 mt-0 mb-0 pt-0 pb-0 w-full\"\n\t>\n\t<div class=\"grid grid-cols-3 max-sm:grid-cols-1 gap-x-4 auto-rows-fr\" >\n\t\n<div class=\"flex flex-col col-start-1 max-sm:col-start-1 col-end-span-1 max-sm:col-end-span-1 row-end-span-1 justify-stretch h-full [&amp;&gt;*:only-child]:h-full items-stretch w-full [&amp;&gt;*:only-child]:w-full pl-0 pr-0 pt-0 pb-0 bg-gradient-to-r overflow-visible\" >\n\t\n<div\n\tclass=\"scroll-my-24 mt-0 mb-4 pt-0 pb-0 w-full\"\n\t>\n\t<a class=\"grid grid-cols-1 grid-rows-1 w-full overflow-hidden group\" href=\"https:\/\/peform.com\/si\/resitve-za-proizvodnjo\/tehnologija-strojne-obdelave\/cnc-struzenje\/\">\n\t<picture\n\t\t\tclass=\"w-full h-full row-start-1 col-start-1 col-span-1 row-span-1 object-cover overflow-hidden !block\"\n\t>\n\t\t\t\t\t\t\t\n\t<img\n\t\tsrc=\"https:\/\/peform.com\/wp-content\/uploads\/sites\/3\/2025\/05\/CNC_turning_4.png\"\n\t\talt=\"\"\n\t\tclass=\"object-cover aspect-3\/2 object-center group-hover:scale-110 transition-transform duration-300\"\n\t\/>\n<\/picture>\n\t<div class=\"row-start-1 col-start-1 col-span-1 row-span-1 pt-4 md:pt-6 px-4 md:px-7 pb-6 md:pb-14 flex flex-col h-max z-10 bg-gradient-to-b from-black\/40 to-black\/0\">\n\t\t<button\tclass=\"font-sans transition duration-300 flex w-fit items-center focus-visible:ring focus:outline-none text-lg disabled:cursor-default [&amp;&gt;svg]:flex-none max-w-full leading-tight cursor-pointer [&amp;&gt;svg]:size-6 gap-3 text-left text-white hover:text-blue-200 button font-display text-white hover:!text-white font-bold text-left mb-2 !text-xl underline underline-offset-4 decoration-2\">\n\t\t\t<span class=\"min-w-0 break-words hyphens-auto\">CNC stru\u017eenje<\/span>\n\t\n\t<\/button>\t<\/div>\n<\/a><\/div>\n<\/div>\n\n<div class=\"flex flex-col col-start-2 max-sm:col-start-1 col-end-span-1 max-sm:col-end-span-1 row-end-span-1 justify-stretch h-full [&amp;&gt;*:only-child]:h-full items-stretch w-full [&amp;&gt;*:only-child]:w-full pl-0 pr-0 pt-0 pb-0 bg-gradient-to-r overflow-visible\" >\n\t\n<div\n\tclass=\"scroll-my-24 mt-0 mb-4 pt-0 pb-0 w-full\"\n\t>\n\t<a class=\"grid grid-cols-1 grid-rows-1 w-full overflow-hidden group\" href=\"https:\/\/peform.com\/si\/resitve-za-proizvodnjo\/tehnologija-strojne-obdelave\/cnc-rezkanje\/\">\n\t<picture\n\t\t\tclass=\"w-full h-full row-start-1 col-start-1 col-span-1 row-span-1 object-cover overflow-hidden !block\"\n\t>\n\t\t\t\t\t\t\t\n\t<img\n\t\tsrc=\"https:\/\/peform.com\/wp-content\/uploads\/sites\/3\/2025\/02\/milling-scaled.jpg\"\n\t\talt=\"\"\n\t\tclass=\"object-cover aspect-3\/2 object-center group-hover:scale-110 transition-transform duration-300\"\n\t\/>\n<\/picture>\n\t<div class=\"row-start-1 col-start-1 col-span-1 row-span-1 pt-4 md:pt-6 px-4 md:px-7 pb-6 md:pb-14 flex flex-col h-max z-10 bg-gradient-to-b from-black\/40 to-black\/0\">\n\t\t<button\tclass=\"font-sans transition duration-300 flex w-fit items-center focus-visible:ring focus:outline-none text-lg disabled:cursor-default [&amp;&gt;svg]:flex-none max-w-full leading-tight cursor-pointer [&amp;&gt;svg]:size-6 gap-3 text-left text-white hover:text-blue-200 button font-display text-white hover:!text-white font-bold text-left mb-2 !text-xl underline underline-offset-4 decoration-2\">\n\t\t\t<span class=\"min-w-0 break-words hyphens-auto\">CNC rezkanje<\/span>\n\t\n\t<\/button>\t<\/div>\n<\/a><\/div>\n<\/div>\n\n<div class=\"flex flex-col col-start-3 max-sm:col-start-1 col-end-span-1 max-sm:col-end-span-1 row-end-span-1 justify-stretch h-full [&amp;&gt;*:only-child]:h-full items-stretch w-full [&amp;&gt;*:only-child]:w-full pl-0 pr-0 pt-0 pb-0 bg-gradient-to-r overflow-visible\" >\n\t\n<div\n\tclass=\"scroll-my-24 mt-0 mb-4 pt-0 pb-0 w-full\"\n\t>\n\t<a class=\"grid grid-cols-1 grid-rows-1 w-full overflow-hidden group\" href=\"https:\/\/peform.com\/si\/resitve-za-proizvodnjo\/tehnologija-strojne-obdelave\/brusenje\/\">\n\t<picture\n\t\t\tclass=\"w-full h-full row-start-1 col-start-1 col-span-1 row-span-1 object-cover overflow-hidden !block\"\n\t>\n\t\t\t\t\t\t\t\n\t<img\n\t\tsrc=\"https:\/\/peform.com\/wp-content\/uploads\/sites\/3\/2025\/02\/grinding-technology-3.png\"\n\t\talt=\"\"\n\t\tclass=\"object-cover aspect-3\/2 object-center group-hover:scale-110 transition-transform duration-300\"\n\t\/>\n<\/picture>\n\t<div class=\"row-start-1 col-start-1 col-span-1 row-span-1 pt-4 md:pt-6 px-4 md:px-7 pb-6 md:pb-14 flex flex-col h-max z-10 bg-gradient-to-b from-black\/40 to-black\/0\">\n\t\t<button\tclass=\"font-sans transition duration-300 flex w-fit items-center focus-visible:ring focus:outline-none text-lg disabled:cursor-default [&amp;&gt;svg]:flex-none max-w-full leading-tight cursor-pointer [&amp;&gt;svg]:size-6 gap-3 text-left text-white hover:text-blue-200 button font-display text-white hover:!text-white font-bold text-left mb-2 !text-xl underline underline-offset-4 decoration-2\">\n\t\t\t<span class=\"min-w-0 break-words hyphens-auto\">Bru\u0161enje<\/span>\n\t\n\t<\/button>\t<\/div>\n<\/a><\/div>\n<\/div>\n<\/div><\/div>\n\n<div\n\tclass=\"scroll-my-24 mt-0 mb-0 pt-0 pb-0 w-full\"\n\t>\n\t<div class=\"grid grid-cols-2 max-sm:grid-cols-1 gap-x-4 auto-rows-fr\" >\n\t\n<div class=\"flex flex-col col-start-1 max-sm:col-start-1 col-end-span-1 max-sm:col-end-span-1 row-end-span-1 justify-stretch h-full [&amp;&gt;*:only-child]:h-full items-stretch w-full [&amp;&gt;*:only-child]:w-full pl-0 pr-0 pt-0 pb-0 bg-gradient-to-r overflow-visible\" >\n\t\n<div\n\tclass=\"scroll-my-24 mt-0 mb-4 pt-0 pb-0 w-full\"\n\t>\n\t<a class=\"grid grid-cols-1 grid-rows-1 w-full overflow-hidden group\" href=\"https:\/\/peform.com\/si\/o-nas\/trajnost-razvoj\/\">\n\t<picture\n\t\t\tclass=\"w-full h-full row-start-1 col-start-1 col-span-1 row-span-1 object-cover overflow-hidden !block\"\n\t>\n\t\t\t\t\t\t\t\n\t<img\n\t\tsrc=\"https:\/\/peform.com\/wp-content\/uploads\/sites\/3\/2025\/02\/header_peform_Sustainability2.jpg\"\n\t\talt=\"\"\n\t\tclass=\"object-cover aspect-21\/9 object-center group-hover:scale-110 transition-transform duration-300\"\n\t\/>\n<\/picture>\n\t<div class=\"row-start-1 col-start-1 col-span-1 row-span-1 pt-4 md:pt-6 px-4 md:px-7 pb-6 md:pb-14 flex flex-col h-max z-10 bg-gradient-to-b from-black\/40 to-black\/0\">\n\t\t<button\tclass=\"font-sans transition duration-300 flex w-fit items-center focus-visible:ring focus:outline-none text-lg disabled:cursor-default [&amp;&gt;svg]:flex-none max-w-full leading-tight cursor-pointer [&amp;&gt;svg]:size-6 gap-3 text-left text-white hover:text-blue-200 button font-display text-white hover:!text-white font-bold text-left mb-2 !text-xl underline underline-offset-4 decoration-2\">\n\t\t\t<span class=\"min-w-0 break-words hyphens-auto\">Trajnostni razvoj<\/span>\n\t\n\t<\/button>\t<\/div>\n<\/a><\/div>\n<\/div>\n\n<div class=\"flex flex-col col-start-2 max-sm:col-start-1 col-end-span-1 max-sm:col-end-span-1 row-end-span-1 justify-stretch h-full [&amp;&gt;*:only-child]:h-full items-stretch w-full [&amp;&gt;*:only-child]:w-full pl-0 pr-0 pt-0 pb-0 bg-gradient-to-r overflow-visible\" >\n\t\n<div\n\tclass=\"scroll-my-24 mt-0 mb-4 pt-0 pb-0 w-full\"\n\t>\n\t<a class=\"grid grid-cols-1 grid-rows-1 w-full overflow-hidden group\" href=\"https:\/\/peform.com\/si\/lokacije\/\">\n\t<picture\n\t\t\tclass=\"w-full h-full row-start-1 col-start-1 col-span-1 row-span-1 object-cover overflow-hidden !block\"\n\t>\n\t\t\t\t\t\t\t\n\t<img\n\t\tsrc=\"https:\/\/peform.com\/wp-content\/uploads\/sites\/3\/2025\/02\/working_at_peform2.jpg\"\n\t\talt=\"\"\n\t\tclass=\"object-cover aspect-21\/9 object-center group-hover:scale-110 transition-transform duration-300\"\n\t\/>\n<\/picture><button\tclass=\"font-sans transition duration-300 flex w-fit items-center focus-visible:ring focus:outline-none text-lg disabled:cursor-default [&amp;&gt;svg]:flex-none max-w-full leading-tight cursor-pointer [&amp;&gt;svg]:size-6 gap-3 text-left text-white hover:text-blue-200 button row-start-1 col-start-1 col-span-1 row-span-1 justify-self-center font-display text-white hover:!text-white font-bold text-left mb-2 !text-8xl [&amp;&gt;svg]:size-8 md:[&amp;&gt;svg]:size-11 z-10 p-4 md:p-8 w-max underline underline-offset-[0.625rem]\">\n\t\t\t<span class=\"min-w-0 break-words hyphens-auto\">Storitev<\/span>\n\t\n\t<\/button><\/a><\/div>\n<\/div>\n<\/div><\/div><\/div>\n\n<div\n\tclass=\"scroll-my-24 wrapper-contained mt-0 mb-4 pt-20 pb-20 w-full\"\n\t>\n\t<div class=\"flex flex-col flex-wrap justify-center max-w-2xl px-4 py-8 mx-auto gap-y-5 items-center text-center text-blue-900\">\n\t<h2\tdata-slug=\"vas-zanima\"\n\tclass=\"font-display text-balance font-synthesis-none scroll-m-20 flex items-start text-6xl md:text-7xl leading-tight\"\n>\n\t\t<span class=\"min-w-0 break-words hyphens-auto\">\n\t\tVas zanima?\t<\/span>\n<\/h2><p class=\"font-sans [&amp;&gt;a]:underline font-synthesis-none break-words hyphens-auto text-xl md:text-2xl leading-normal\">\n\tNa\u0161i strokovnjaki vam z veseljem ponudijo natan\u010dne re\u0161itve.<\/p><a\thref=\"https:\/\/peform.com\/si\/lokacije\/\"class=\"font-sans transition duration-300 flex w-fit items-center focus-visible:ring focus:outline-none text-lg disabled:cursor-default [&amp;&gt;svg]:flex-none max-w-full px-8 border [&amp;&gt;svg]:size-5 gap-2 py-2 rounded-sm text-white bg-red-700 border-red-700 hover:bg-red-800 hover:border-red-800 disabled:bg-gray-300 disabled:border-gray-300 focus-visible:ring-red-500\/30 button mt-2\">\n\t\t\t<span class=\"min-w-0 break-words hyphens-auto\">Pi\u0161ite nam<\/span>\n\t\n\t<\/a><\/div><\/div>","protected":false},"excerpt":{"rendered":"","protected":false},"author":6,"featured_media":287,"parent":2202,"menu_order":0,"comment_status":"closed","ping_status":"closed","template":"","meta":{"footnotes":""},"content-types":[22],"class_list":["post-2132","page","type-page","status-publish","has-post-thumbnail","hentry","content-type-manufacturing"],"yoast_head":"<!-- This site is optimized with the Yoast SEO plugin v27.2 - https:\/\/yoast.com\/product\/yoast-seo-wordpress\/ -->\n<title>Tehnologija strojne obdelave - peform<\/title>\n<meta name=\"robots\" content=\"index, follow, max-snippet:-1, max-image-preview:large, max-video-preview:-1\" \/>\n<link rel=\"canonical\" href=\"https:\/\/peform.com\/si\/resitve-za-proizvodnjo\/tehnologija-strojne-obdelave\/\" \/>\n<meta property=\"og:locale\" content=\"sl_SI\" \/>\n<meta property=\"og:type\" content=\"article\" \/>\n<meta property=\"og:title\" content=\"Tehnologija strojne obdelave - peform\" \/>\n<meta property=\"og:url\" content=\"https:\/\/peform.com\/si\/resitve-za-proizvodnjo\/tehnologija-strojne-obdelave\/\" \/>\n<meta property=\"og:site_name\" content=\"peform\" \/>\n<meta property=\"article:modified_time\" content=\"2025-07-09T10:15:37+00:00\" \/>\n<meta property=\"og:image\" content=\"https:\/\/peform.com\/wp-content\/uploads\/sites\/3\/2025\/02\/CNC_turning_3-scaled.jpg\" \/>\n\t<meta property=\"og:image:width\" content=\"2560\" \/>\n\t<meta property=\"og:image:height\" content=\"1766\" \/>\n\t<meta property=\"og:image:type\" content=\"image\/jpeg\" \/>\n<meta name=\"twitter:card\" content=\"summary_large_image\" \/>\n<meta name=\"twitter:label1\" content=\"Est. reading time\" \/>\n\t<meta name=\"twitter:data1\" content=\"4 minutes\" \/>\n<script type=\"application\/ld+json\" class=\"yoast-schema-graph\">{\"@context\":\"https:\/\/schema.org\",\"@graph\":[{\"@type\":\"WebPage\",\"@id\":\"https:\/\/peform.com\/si\/resitve-za-proizvodnjo\/tehnologija-strojne-obdelave\/\",\"url\":\"https:\/\/peform.com\/si\/resitve-za-proizvodnjo\/tehnologija-strojne-obdelave\/\",\"name\":\"Tehnologija strojne obdelave - peform\",\"isPartOf\":{\"@id\":\"https:\/\/peform.com\/#website\"},\"primaryImageOfPage\":{\"@id\":\"https:\/\/peform.com\/si\/resitve-za-proizvodnjo\/tehnologija-strojne-obdelave\/#primaryimage\"},\"image\":{\"@id\":\"https:\/\/peform.com\/si\/resitve-za-proizvodnjo\/tehnologija-strojne-obdelave\/#primaryimage\"},\"thumbnailUrl\":\"https:\/\/peform.com\/wp-content\/uploads\/sites\/3\/2025\/02\/CNC_turning_3-scaled.jpg\",\"datePublished\":\"2025-02-13T10:46:59+00:00\",\"dateModified\":\"2025-07-09T10:15:37+00:00\",\"breadcrumb\":{\"@id\":\"https:\/\/peform.com\/si\/resitve-za-proizvodnjo\/tehnologija-strojne-obdelave\/#breadcrumb\"},\"inLanguage\":\"sl-SI\",\"potentialAction\":[{\"@type\":\"ReadAction\",\"target\":[\"https:\/\/peform.com\/si\/resitve-za-proizvodnjo\/tehnologija-strojne-obdelave\/\"]}]},{\"@type\":\"ImageObject\",\"inLanguage\":\"sl-SI\",\"@id\":\"https:\/\/peform.com\/si\/resitve-za-proizvodnjo\/tehnologija-strojne-obdelave\/#primaryimage\",\"url\":\"https:\/\/peform.com\/wp-content\/uploads\/sites\/3\/2025\/02\/CNC_turning_3-scaled.jpg\",\"contentUrl\":\"https:\/\/peform.com\/wp-content\/uploads\/sites\/3\/2025\/02\/CNC_turning_3-scaled.jpg\",\"width\":2560,\"height\":1766,\"caption\":\"xr:d:DAFzeW2uYrE:5,j:8366970650234634922,t:23110709\"},{\"@type\":\"BreadcrumbList\",\"@id\":\"https:\/\/peform.com\/si\/resitve-za-proizvodnjo\/tehnologija-strojne-obdelave\/#breadcrumb\",\"itemListElement\":[{\"@type\":\"ListItem\",\"position\":1,\"name\":\"Home\",\"item\":\"https:\/\/peform.com\/si\/\"},{\"@type\":\"ListItem\",\"position\":2,\"name\":\"Re\u0161itve za proizvodnjo\",\"item\":\"https:\/\/peform.com\/si\/resitve-za-proizvodnjo\/\"},{\"@type\":\"ListItem\",\"position\":3,\"name\":\"Tehnologija strojne obdelave\"}]},{\"@type\":\"WebSite\",\"@id\":\"https:\/\/peform.com\/#website\",\"url\":\"https:\/\/peform.com\/\",\"name\":\"peform\",\"description\":\"\",\"potentialAction\":[{\"@type\":\"SearchAction\",\"target\":{\"@type\":\"EntryPoint\",\"urlTemplate\":\"https:\/\/peform.com\/?s={search_term_string}\"},\"query-input\":{\"@type\":\"PropertyValueSpecification\",\"valueRequired\":true,\"valueName\":\"search_term_string\"}}],\"inLanguage\":\"sl-SI\"}]}<\/script>\n<!-- \/ Yoast SEO plugin. -->","yoast_head_json":{"title":"Tehnologija strojne obdelave - peform","robots":{"index":"index","follow":"follow","max-snippet":"max-snippet:-1","max-image-preview":"max-image-preview:large","max-video-preview":"max-video-preview:-1"},"canonical":"https:\/\/peform.com\/si\/resitve-za-proizvodnjo\/tehnologija-strojne-obdelave\/","og_locale":"sl_SI","og_type":"article","og_title":"Tehnologija strojne obdelave - peform","og_url":"https:\/\/peform.com\/si\/resitve-za-proizvodnjo\/tehnologija-strojne-obdelave\/","og_site_name":"peform","article_modified_time":"2025-07-09T10:15:37+00:00","og_image":[{"width":2560,"height":1766,"url":"https:\/\/peform.com\/wp-content\/uploads\/sites\/3\/2025\/02\/CNC_turning_3-scaled.jpg","type":"image\/jpeg"}],"twitter_card":"summary_large_image","twitter_misc":{"Est. reading time":"4 minutes"},"schema":{"@context":"https:\/\/schema.org","@graph":[{"@type":"WebPage","@id":"https:\/\/peform.com\/si\/resitve-za-proizvodnjo\/tehnologija-strojne-obdelave\/","url":"https:\/\/peform.com\/si\/resitve-za-proizvodnjo\/tehnologija-strojne-obdelave\/","name":"Tehnologija strojne obdelave - peform","isPartOf":{"@id":"https:\/\/peform.com\/#website"},"primaryImageOfPage":{"@id":"https:\/\/peform.com\/si\/resitve-za-proizvodnjo\/tehnologija-strojne-obdelave\/#primaryimage"},"image":{"@id":"https:\/\/peform.com\/si\/resitve-za-proizvodnjo\/tehnologija-strojne-obdelave\/#primaryimage"},"thumbnailUrl":"https:\/\/peform.com\/wp-content\/uploads\/sites\/3\/2025\/02\/CNC_turning_3-scaled.jpg","datePublished":"2025-02-13T10:46:59+00:00","dateModified":"2025-07-09T10:15:37+00:00","breadcrumb":{"@id":"https:\/\/peform.com\/si\/resitve-za-proizvodnjo\/tehnologija-strojne-obdelave\/#breadcrumb"},"inLanguage":"sl-SI","potentialAction":[{"@type":"ReadAction","target":["https:\/\/peform.com\/si\/resitve-za-proizvodnjo\/tehnologija-strojne-obdelave\/"]}]},{"@type":"ImageObject","inLanguage":"sl-SI","@id":"https:\/\/peform.com\/si\/resitve-za-proizvodnjo\/tehnologija-strojne-obdelave\/#primaryimage","url":"https:\/\/peform.com\/wp-content\/uploads\/sites\/3\/2025\/02\/CNC_turning_3-scaled.jpg","contentUrl":"https:\/\/peform.com\/wp-content\/uploads\/sites\/3\/2025\/02\/CNC_turning_3-scaled.jpg","width":2560,"height":1766,"caption":"xr:d:DAFzeW2uYrE:5,j:8366970650234634922,t:23110709"},{"@type":"BreadcrumbList","@id":"https:\/\/peform.com\/si\/resitve-za-proizvodnjo\/tehnologija-strojne-obdelave\/#breadcrumb","itemListElement":[{"@type":"ListItem","position":1,"name":"Home","item":"https:\/\/peform.com\/si\/"},{"@type":"ListItem","position":2,"name":"Re\u0161itve za proizvodnjo","item":"https:\/\/peform.com\/si\/resitve-za-proizvodnjo\/"},{"@type":"ListItem","position":3,"name":"Tehnologija strojne obdelave"}]},{"@type":"WebSite","@id":"https:\/\/peform.com\/#website","url":"https:\/\/peform.com\/","name":"peform","description":"","potentialAction":[{"@type":"SearchAction","target":{"@type":"EntryPoint","urlTemplate":"https:\/\/peform.com\/?s={search_term_string}"},"query-input":{"@type":"PropertyValueSpecification","valueRequired":true,"valueName":"search_term_string"}}],"inLanguage":"sl-SI"}]}},"_links":{"self":[{"href":"https:\/\/peform.com\/si\/wp-json\/wp\/v2\/pages\/2132","targetHints":{"allow":["GET"]}}],"collection":[{"href":"https:\/\/peform.com\/si\/wp-json\/wp\/v2\/pages"}],"about":[{"href":"https:\/\/peform.com\/si\/wp-json\/wp\/v2\/types\/page"}],"author":[{"embeddable":true,"href":"https:\/\/peform.com\/si\/wp-json\/wp\/v2\/users\/6"}],"replies":[{"embeddable":true,"href":"https:\/\/peform.com\/si\/wp-json\/wp\/v2\/comments?post=2132"}],"version-history":[{"count":3,"href":"https:\/\/peform.com\/si\/wp-json\/wp\/v2\/pages\/2132\/revisions"}],"predecessor-version":[{"id":2269,"href":"https:\/\/peform.com\/si\/wp-json\/wp\/v2\/pages\/2132\/revisions\/2269"}],"up":[{"embeddable":true,"href":"https:\/\/peform.com\/si\/wp-json\/wp\/v2\/pages\/2202"}],"wp:featuredmedia":[{"embeddable":true,"href":"https:\/\/peform.com\/si\/wp-json\/wp\/v2\/media\/287"}],"wp:attachment":[{"href":"https:\/\/peform.com\/si\/wp-json\/wp\/v2\/media?parent=2132"}],"wp:term":[{"taxonomy":"content-type","embeddable":true,"href":"https:\/\/peform.com\/si\/wp-json\/wp\/v2\/content-types?post=2132"}],"curies":[{"name":"wp","href":"https:\/\/api.w.org\/{rel}","templated":true}]}}