{"id":2119,"date":"2025-02-13T11:48:41","date_gmt":"2025-02-13T10:48:41","guid":{"rendered":"https:\/\/peform.com\/?page_id=2119"},"modified":"2025-07-09T13:49:19","modified_gmt":"2025-07-09T11:49:19","slug":"trajnost-razvoj","status":"publish","type":"page","link":"https:\/\/peform.com\/si\/o-nas\/trajnost-razvoj\/","title":{"rendered":"Trajnost razvoj"},"content":{"rendered":"<div\n\tclass=\"scroll-my-24 wrapper-full mt-0 mb-4 pt-0 pb-0 w-full\"\n\t>\n\t<div class=\"flex flex-col sm:grid sm:grid-rows-1 grid-cols-1 sm:grid-cols-12 relative group\">\n\t\t<div class=\"px-4 sm:px-10 pb-8 sm:pb-12 pt-3 z-10 bg-blue-900 [.group:not(:has(.breadcrumbs))_&amp;]:pt-8 grid sm:flex sm:flex-col order-2 sm:order-none sm:justify-end items-start grid-rows-1 sm:grid-cols-4 row-start-1 col-start-1 sm:row-start-1 sm:col-start-1 md:col-start-1 sm:col-span-9 md:col-span-6 bg-opacity-100 sm:cut-off-content-secondary-sm md:cut-off-content-secondary-md\">\n\t\t<div class='breadcrumbs text-md\/5 flex flex-wrap items-baseline gap-x-1.5 gap-y-0.5 text-gray-300 mt-4 mb-8 sm:mb-auto sm:mt-4 col-span-4'><a href='https:\/\/peform.com\/si\/' aria-label='Home link'>\n\t\t\t<svg xmlns='http:\/\/www.w3.org\/2000\/svg' width='12' height='12' viewBox='0 0 12 12' fill='none'><path d='M2 10.667h2v-4h4v4h2v-6l-4-3-4 3v6ZM.667 12V4L6 0l5.333 4v8H6.667V8H5.333v4H.667Z' fill='currentColor'\/><\/svg> <span><a href=\" https:\/\/peform.com\/si\/ \">Home<\/a><\/span>\n\t\t<\/a><\/div><h2\tdata-slug=\"zavezani-k-doseganju-co2-nevtralnosti\"\n\tclass=\"font-display text-balance font-synthesis-none scroll-m-20 flex items-start text-7xl md:text-8xl leading-[1.125] col-start-1 col-span-3 text-white sm:max-w-[70%]\"\n>\n\t\t<span class=\"min-w-0 break-words hyphens-auto\">\n\t\tZavezani k doseganju CO\u2082 nevtralnosti\t<\/span>\n<\/h2><p class=\"font-sans [&amp;&gt;a]:underline font-synthesis-none break-words hyphens-auto text-3xl md:text-4xl lg:text-5xl leading-normal sm:mb-2 col-start-1 col-span-3 text-gray-300 sm:max-w-[70%]\">\n\tTrajnost v peform<\/p>\t<\/div>\n\n\t<div class=\"z-20 absolute justify-center items-center [.group:not(:has(.breadcrumbs))_&amp;]:mt-8 w-8 h-16 sm:w-12 sm:h-24 md:size-auto hidden sm:flex sm:bottom-[1%] sm:left-[53.6%] md:bottom-[6%] md:left-[36.1%] xl:left-[36.35%]\">\n\t\t<svg xmlns='http:\/\/www.w3.org\/2000\/svg' width='101' height='218' viewBox='0 0 101 218' fill='none'><path d='M100.33 0 19.784 218H0L80.545 0h19.785Z' fill='#E00832'\/><\/svg>\t<\/div>\n\t<picture\n\t\t\tclass=\"mb-0 row-start-1 col-start-1 z-0 sm:col-start-6 sm:col-span-7 md:col-start-5 md:col-span-8\"\n\t>\n\t\t\t\t\t\t\t\n\t<img\n\t\tsrc=\"https:\/\/peform.com\/wp-content\/uploads\/sites\/3\/2025\/02\/header_peform_Sustainability2.jpg\"\n\t\talt=\"\"\n\t\tclass=\"object-cover object-center row-start-1 col-start-1 z-0 block sm:aspect-16\/9 sm:cut-off-media-1\"\n\t\/>\n<\/picture><\/div><\/div>\n\n<div\n\tclass=\"scroll-my-24 wrapper-contained-wide mt-0 mb-4 pt-16 pb-0 w-full\"\n\t>\n\t<div class=\"grid grid-cols-12 gap-y-4 gap-x-8\" >\n\t\n<div class=\"flex flex-col col-start-1 max-sm:col-start-2 col-end-span-4 max-sm:col-end-span-10 row-end-span-1 justify-stretch h-full [&amp;&gt;*:only-child]:h-full items-stretch w-full [&amp;&gt;*:only-child]:w-full pl-0 pr-0 pt-0 pb-0 bg-gradient-to-r overflow-visible\" >\n\t\n<div\n\tclass=\"scroll-my-24 mt-0 mb-4 pt-12 pb-12 w-full\"\n\t>\n\t<div\n\tclass=\"flex flex-col flex-wrap items-center text-center gap-2 js-animated-number\"\n\tdata-duration=\"5\"\n>\n\t<p\tdata-slug=\"izogibanje-emisijam-co2\"\n\tclass=\"font-display text-balance font-synthesis-none scroll-m-20 flex items-start text-3xl md:text-4xl lg:text-5xl leading-normal font-normal font-sans text-blue-900\"\n>\n\t\t<span class=\"min-w-0 break-words hyphens-auto\">\n\t\tIzogibanje emisijam CO\u2082:\t<\/span>\n<\/p><p\tdata-slug=\"273\"\n\tclass=\"font-display text-balance font-synthesis-none scroll-m-20 flex items-start text-11xl md:text-12xl lg:text-13xl leading-none text-blue-900 js-animated-number-number\"\n>\n\t\t<span class=\"min-w-0 break-words hyphens-auto\">\n\t\t273\t<\/span>\n<\/p><p\tdata-slug=\"zaradi-uporabe-obnovljivih-virov-energije\"\n\tclass=\"font-display text-balance font-synthesis-none scroll-m-20 flex items-start text-xl md:text-2xl lg:text-lg leading-normal font-normal font-sans text-blue-900\"\n>\n\t\t<span class=\"min-w-0 break-words hyphens-auto\">\n\t\tzaradi uporabe obnovljivih virov energije\t<\/span>\n<\/p><\/div><\/div>\n<\/div>\n\n<div class=\"flex flex-col col-start-5 max-sm:col-start-2 col-end-span-4 max-sm:col-end-span-10 row-end-span-1 justify-stretch h-full [&amp;&gt;*:only-child]:h-full items-stretch w-full [&amp;&gt;*:only-child]:w-full pl-0 pr-0 pt-0 pb-0 bg-gradient-to-r overflow-visible\" >\n\t\n<div\n\tclass=\"scroll-my-24 mt-0 mb-4 pt-12 pb-12 w-full\"\n\t>\n\t<div\n\tclass=\"flex flex-col flex-wrap items-center text-center gap-2 js-animated-number\"\n\tdata-duration=\"5\"\n>\n\t<p\tdata-slug=\"reciklirani-odpadki\"\n\tclass=\"font-display text-balance font-synthesis-none scroll-m-20 flex items-start text-3xl md:text-4xl lg:text-5xl leading-normal font-normal font-sans text-blue-900\"\n>\n\t\t<span class=\"min-w-0 break-words hyphens-auto\">\n\t\tReciklirani odpadki:\t<\/span>\n<\/p><p\tdata-slug=\"91\"\n\tclass=\"font-display text-balance font-synthesis-none scroll-m-20 flex items-start text-11xl md:text-12xl lg:text-13xl leading-none text-blue-900 js-animated-number-number\"\n>\n\t\t<span class=\"min-w-0 break-words hyphens-auto\">\n\t\t91% \t<\/span>\n<\/p><p\tdata-slug=\"z-odgovorno-proizvodnjo\"\n\tclass=\"font-display text-balance font-synthesis-none scroll-m-20 flex items-start text-xl md:text-2xl lg:text-lg leading-normal font-normal font-sans text-blue-900\"\n>\n\t\t<span class=\"min-w-0 break-words hyphens-auto\">\n\t\tz odgovorno proizvodnjo\t<\/span>\n<\/p><\/div><\/div>\n<\/div>\n\n<div class=\"flex flex-col col-start-9 max-sm:col-start-2 col-end-span-4 max-sm:col-end-span-10 row-end-span-1 justify-stretch h-full [&amp;&gt;*:only-child]:h-full items-stretch w-full [&amp;&gt;*:only-child]:w-full pl-0 pr-0 pt-0 pb-0 bg-gradient-to-r overflow-visible\" >\n\t\n<div\n\tclass=\"scroll-my-24 mt-0 mb-4 pt-12 pb-12 w-full\"\n\t>\n\t<div\n\tclass=\"flex flex-col flex-wrap items-center text-center gap-2 js-animated-number\"\n\tdata-duration=\"5\"\n>\n\t<p\tdata-slug=\"uporabljena-obnovljiva-energija\"\n\tclass=\"font-display text-balance font-synthesis-none scroll-m-20 flex items-start text-3xl md:text-4xl lg:text-5xl leading-normal font-normal font-sans text-blue-900\"\n>\n\t\t<span class=\"min-w-0 break-words hyphens-auto\">\n\t\tUporabljena obnovljiva energija:\t<\/span>\n<\/p><p\tdata-slug=\"15\"\n\tclass=\"font-display text-balance font-synthesis-none scroll-m-20 flex items-start text-11xl md:text-12xl lg:text-13xl leading-none text-blue-900 js-animated-number-number\"\n>\n\t\t<span class=\"min-w-0 break-words hyphens-auto\">\n\t\t15%\t<\/span>\n<\/p><p\tdata-slug=\"xn-kupljena-in-proizvedena-v-lastni-reiji-bei\"\n\tclass=\"font-display text-balance font-synthesis-none scroll-m-20 flex items-start text-xl md:text-2xl lg:text-lg leading-normal font-normal font-sans text-blue-900\"\n>\n\t\t<span class=\"min-w-0 break-words hyphens-auto\">\n\t\tkupljena in proizvedena v lastni re\u017eiji\t<\/span>\n<\/p><\/div><\/div>\n<\/div>\n<\/div><\/div>\n\n<div\n\tclass=\"scroll-my-24 wrapper-contained mt-0 mb-4 pt-16 pb-0 w-full\"\n\t>\n\t<div class=\"grid grid-cols-8 sm:grid-cols-5 sm:gap-14\">\n\t<picture\n\t\t\tclass=\"col-span-full sm:order-2 sm:cut-off-left sm:col-span-3\"\n\t>\n\t\t\t\t\t\t\t\n\t<img\n\t\tsrc=\"https:\/\/peform.com\/wp-content\/uploads\/sites\/3\/2025\/02\/peform_forging_NIVE4452-scaled.jpg\"\n\t\talt=\"\"\n\t\tclass=\"object-cover object-center\"\n\t\/>\n<\/picture>\n\t<div class=\"col-span-8 mt-8 sm:mt-0 flex flex-col flex-wrap justify-center sm:col-span-2\">\n\t\t\n<div\n\tclass=\"scroll-my-24 mt-0 mb-4 pt-0 pb-0 w-full\"\n\t>\n\t<h2\tdata-slug=\"usklajenost-z-globalnimi-standardi\"\n\tclass=\"font-display text-balance font-synthesis-none scroll-m-20 flex items-start text-6xl md:text-7xl leading-tight text-start justify-start text-blue-900 [&amp;&gt;a]:text-blue-700\"\n>\n\t\t<span class=\"min-w-0 break-words hyphens-auto\">\n\t\t<strong>Usklajenost z globalnimi standardi<\/strong>\t<\/span>\n<\/h2><\/div>\n\n<div\n\tclass=\"scroll-my-24 mt-0 mb-4 pt-0 pb-0 w-full\"\n\t>\n\t<p class=\"font-sans [&amp;&gt;a]:underline font-synthesis-none break-words hyphens-auto text-base leading-normal text-start text-blue-900 [&amp;&gt;a]:text-blue-700\">\n\tKot del pewag group, se podjetje peform usklajuje s cilji trajnostnega razvoja Zdru\u017eenih narodov (SDG), Pari\u0161kim sporazumom in Evropsko podnebno zakonodajo. Na\u0161e poslovanje je certificirano po standardih ISO 9001, 14001 in 50001, kar zagotavlja najvi\u0161je standarde kakovosti, varovanja okolja in energetske u\u010dinkovitosti.<\/p><\/div>\n\t<\/div>\n<\/div><\/div>\n\n<div\n\tclass=\"scroll-my-24 wrapper-contained mt-0 mb-4 pt-16 pb-0 w-full\"\n\t>\n\t<div class=\"grid grid-cols-8 sm:grid-cols-5 sm:gap-14\">\n\t<picture\n\t\t\tclass=\"col-span-full sm:cut-off-right sm:col-span-3\"\n\t>\n\t\t\t\t\t\t\t\n\t<img\n\t\tsrc=\"https:\/\/peform.com\/wp-content\/uploads\/sites\/3\/2025\/02\/peform_Chrudim_ISO-Certificates_1727262387556-scaled.jpg\"\n\t\talt=\"\"\n\t\tclass=\"object-cover object-center\"\n\t\/>\n<\/picture>\n\t<div class=\"col-span-8 mt-8 sm:mt-0 flex flex-col flex-wrap justify-center sm:col-span-2\">\n\t\t\n<div\n\tclass=\"scroll-my-24 mt-0 mb-4 pt-0 pb-0 w-full\"\n\t>\n\t<h2\tdata-slug=\"xn-naa-pot-do-co2-nevtralne-proizvodnje-p6j\"\n\tclass=\"font-display text-balance font-synthesis-none scroll-m-20 flex items-start text-6xl md:text-7xl leading-tight text-start justify-start text-blue-900 [&amp;&gt;a]:text-blue-700\"\n>\n\t\t<span class=\"min-w-0 break-words hyphens-auto\">\n\t\t<strong>Na\u0161a pot do CO\u2082-nevtralne proizvodnje<\/strong>\t<\/span>\n<\/h2><\/div>\n\n<div\n\tclass=\"scroll-my-24 mt-0 mb-4 pt-0 pb-0 w-full\"\n\t>\n\t<p class=\"font-sans [&amp;&gt;a]:underline font-synthesis-none break-words hyphens-auto text-base leading-normal text-start text-blue-900 [&amp;&gt;a]:text-blue-700\">\n\tZavezujemo se, da bomo do leta 2030 dosegli proizvodnjo z nevtralnimi emisijami CO<sub>2<\/sub>. Da bi dosegli ta cilj, nenehno izbolj\u0161ujemo energetsko u\u010dinkovitost in vlagamo v obnovljive vire energije, vklju\u010dno s fotovoltai\u010dnimi sistemi, hidroelektrarno in biomasno termoelektrarno. Decarbonizacija na\u0161ega voznega parka je \u0161e ena klju\u010dna pobuda za zmanj\u0161anje emisij v celotnem poslovanju.<\/p><\/div>\n\t<\/div>\n<\/div><\/div>\n\n<div class=\"h-20\"><\/div>\n\n<div\n\tclass=\"scroll-my-24 wrapper-contained mt-0 mb-4 pt-0 pb-0 w-full\"\n\t>\n\t<h2\tdata-slug=\"\"\n\tclass=\"font-display text-balance font-synthesis-none scroll-m-20 flex items-start text-6xl md:text-7xl leading-tight text-start justify-start text-blue-900 [&amp;&gt;a]:text-blue-700\"\n>\n\t\t<span class=\"min-w-0 break-words hyphens-auto\">\n\t\tPreberite ve\u010d o na\u0161ih prizadevanjih za trajnostni razvoj:\t<\/span>\n<\/h2><\/div>\n\n<div\n\tclass=\"scroll-my-24 wrapper-contained mt-0 mb-4 pt-0 pb-0 w-full\"\n\t>\n\t<a\thref=\"https:\/\/www.pewag-group.com\/company\/sustainability\/\"target=\"_blank\"rel=\"noopener noreferrer\"class=\"font-sans transition duration-300 flex w-fit items-center focus-visible:ring focus:outline-none text-lg disabled:cursor-default [&amp;&gt;svg]:flex-none max-w-full leading-tight cursor-pointer [&amp;&gt;svg]:size-6 gap-3 text-left text-red-700 hover:text-red-800 button\">\n\t\t\t<span class=\"min-w-0 break-words hyphens-auto\">Trajnost v skupini pewag group<\/span>\n\t\n\t<svg xmlns='http:\/\/www.w3.org\/2000\/svg' width='33' height='21' viewBox='0 0 33 21' fill='none'><path d='M23.813 1 30 8H10' stroke='#E20031' stroke-width='2.4' fill='none'\/><path d='m14.464 20 6.445-7H0' stroke='#003964' stroke-width='2.4' fill='none'\/><\/svg><\/a><\/div>\n\n<div class=\"h-4\"><\/div>\n\n<div class=\"h-20\"><\/div>\n\n<div\n\tclass=\"scroll-my-24 wrapper-contained mt-0 mb-4 pt-0 pb-0 w-full\"\n\t>\n\t<\/div>","protected":false},"excerpt":{"rendered":"","protected":false},"author":6,"featured_media":197,"parent":2123,"menu_order":0,"comment_status":"closed","ping_status":"closed","template":"","meta":{"footnotes":""},"content-types":[21],"class_list":["post-2119","page","type-page","status-publish","has-post-thumbnail","hentry","content-type-about-peform"],"yoast_head":"<!-- This site is optimized with the Yoast SEO plugin v27.2 - https:\/\/yoast.com\/product\/yoast-seo-wordpress\/ -->\n<title>Trajnost razvoj - peform<\/title>\n<meta name=\"robots\" content=\"index, follow, max-snippet:-1, max-image-preview:large, max-video-preview:-1\" \/>\n<link rel=\"canonical\" href=\"https:\/\/peform.com\/si\/o-nas\/trajnost-razvoj\/\" \/>\n<meta property=\"og:locale\" content=\"sl_SI\" \/>\n<meta property=\"og:type\" content=\"article\" \/>\n<meta property=\"og:title\" content=\"Trajnost razvoj - peform\" \/>\n<meta property=\"og:url\" content=\"https:\/\/peform.com\/si\/o-nas\/trajnost-razvoj\/\" \/>\n<meta property=\"og:site_name\" content=\"peform\" \/>\n<meta property=\"article:modified_time\" content=\"2025-07-09T11:49:19+00:00\" \/>\n<meta property=\"og:image\" content=\"https:\/\/peform.com\/wp-content\/uploads\/sites\/3\/2025\/02\/header_peform_Sustainability2.jpg\" \/>\n\t<meta property=\"og:image:width\" content=\"1600\" \/>\n\t<meta property=\"og:image:height\" content=\"749\" \/>\n\t<meta property=\"og:image:type\" content=\"image\/jpeg\" \/>\n<meta name=\"twitter:card\" content=\"summary_large_image\" \/>\n<meta name=\"twitter:label1\" content=\"Est. reading time\" \/>\n\t<meta name=\"twitter:data1\" content=\"2 minutes\" \/>\n<script type=\"application\/ld+json\" class=\"yoast-schema-graph\">{\"@context\":\"https:\/\/schema.org\",\"@graph\":[{\"@type\":\"WebPage\",\"@id\":\"https:\/\/peform.com\/si\/o-nas\/trajnost-razvoj\/\",\"url\":\"https:\/\/peform.com\/si\/o-nas\/trajnost-razvoj\/\",\"name\":\"Trajnost razvoj - peform\",\"isPartOf\":{\"@id\":\"https:\/\/peform.com\/#website\"},\"primaryImageOfPage\":{\"@id\":\"https:\/\/peform.com\/si\/o-nas\/trajnost-razvoj\/#primaryimage\"},\"image\":{\"@id\":\"https:\/\/peform.com\/si\/o-nas\/trajnost-razvoj\/#primaryimage\"},\"thumbnailUrl\":\"https:\/\/peform.com\/wp-content\/uploads\/sites\/3\/2025\/02\/header_peform_Sustainability2.jpg\",\"datePublished\":\"2025-02-13T10:48:41+00:00\",\"dateModified\":\"2025-07-09T11:49:19+00:00\",\"breadcrumb\":{\"@id\":\"https:\/\/peform.com\/si\/o-nas\/trajnost-razvoj\/#breadcrumb\"},\"inLanguage\":\"sl-SI\",\"potentialAction\":[{\"@type\":\"ReadAction\",\"target\":[\"https:\/\/peform.com\/si\/o-nas\/trajnost-razvoj\/\"]}]},{\"@type\":\"ImageObject\",\"inLanguage\":\"sl-SI\",\"@id\":\"https:\/\/peform.com\/si\/o-nas\/trajnost-razvoj\/#primaryimage\",\"url\":\"https:\/\/peform.com\/wp-content\/uploads\/sites\/3\/2025\/02\/header_peform_Sustainability2.jpg\",\"contentUrl\":\"https:\/\/peform.com\/wp-content\/uploads\/sites\/3\/2025\/02\/header_peform_Sustainability2.jpg\",\"width\":1600,\"height\":749},{\"@type\":\"BreadcrumbList\",\"@id\":\"https:\/\/peform.com\/si\/o-nas\/trajnost-razvoj\/#breadcrumb\",\"itemListElement\":[{\"@type\":\"ListItem\",\"position\":1,\"name\":\"Home\",\"item\":\"https:\/\/peform.com\/si\/\"},{\"@type\":\"ListItem\",\"position\":2,\"name\":\"O nas\",\"item\":\"https:\/\/peform.com\/si\/o-nas\/\"},{\"@type\":\"ListItem\",\"position\":3,\"name\":\"Trajnost razvoj\"}]},{\"@type\":\"WebSite\",\"@id\":\"https:\/\/peform.com\/#website\",\"url\":\"https:\/\/peform.com\/\",\"name\":\"peform\",\"description\":\"\",\"potentialAction\":[{\"@type\":\"SearchAction\",\"target\":{\"@type\":\"EntryPoint\",\"urlTemplate\":\"https:\/\/peform.com\/?s={search_term_string}\"},\"query-input\":{\"@type\":\"PropertyValueSpecification\",\"valueRequired\":true,\"valueName\":\"search_term_string\"}}],\"inLanguage\":\"sl-SI\"}]}<\/script>\n<!-- \/ Yoast SEO plugin. -->","yoast_head_json":{"title":"Trajnost razvoj - peform","robots":{"index":"index","follow":"follow","max-snippet":"max-snippet:-1","max-image-preview":"max-image-preview:large","max-video-preview":"max-video-preview:-1"},"canonical":"https:\/\/peform.com\/si\/o-nas\/trajnost-razvoj\/","og_locale":"sl_SI","og_type":"article","og_title":"Trajnost razvoj - peform","og_url":"https:\/\/peform.com\/si\/o-nas\/trajnost-razvoj\/","og_site_name":"peform","article_modified_time":"2025-07-09T11:49:19+00:00","og_image":[{"width":1600,"height":749,"url":"https:\/\/peform.com\/wp-content\/uploads\/sites\/3\/2025\/02\/header_peform_Sustainability2.jpg","type":"image\/jpeg"}],"twitter_card":"summary_large_image","twitter_misc":{"Est. reading time":"2 minutes"},"schema":{"@context":"https:\/\/schema.org","@graph":[{"@type":"WebPage","@id":"https:\/\/peform.com\/si\/o-nas\/trajnost-razvoj\/","url":"https:\/\/peform.com\/si\/o-nas\/trajnost-razvoj\/","name":"Trajnost razvoj - peform","isPartOf":{"@id":"https:\/\/peform.com\/#website"},"primaryImageOfPage":{"@id":"https:\/\/peform.com\/si\/o-nas\/trajnost-razvoj\/#primaryimage"},"image":{"@id":"https:\/\/peform.com\/si\/o-nas\/trajnost-razvoj\/#primaryimage"},"thumbnailUrl":"https:\/\/peform.com\/wp-content\/uploads\/sites\/3\/2025\/02\/header_peform_Sustainability2.jpg","datePublished":"2025-02-13T10:48:41+00:00","dateModified":"2025-07-09T11:49:19+00:00","breadcrumb":{"@id":"https:\/\/peform.com\/si\/o-nas\/trajnost-razvoj\/#breadcrumb"},"inLanguage":"sl-SI","potentialAction":[{"@type":"ReadAction","target":["https:\/\/peform.com\/si\/o-nas\/trajnost-razvoj\/"]}]},{"@type":"ImageObject","inLanguage":"sl-SI","@id":"https:\/\/peform.com\/si\/o-nas\/trajnost-razvoj\/#primaryimage","url":"https:\/\/peform.com\/wp-content\/uploads\/sites\/3\/2025\/02\/header_peform_Sustainability2.jpg","contentUrl":"https:\/\/peform.com\/wp-content\/uploads\/sites\/3\/2025\/02\/header_peform_Sustainability2.jpg","width":1600,"height":749},{"@type":"BreadcrumbList","@id":"https:\/\/peform.com\/si\/o-nas\/trajnost-razvoj\/#breadcrumb","itemListElement":[{"@type":"ListItem","position":1,"name":"Home","item":"https:\/\/peform.com\/si\/"},{"@type":"ListItem","position":2,"name":"O nas","item":"https:\/\/peform.com\/si\/o-nas\/"},{"@type":"ListItem","position":3,"name":"Trajnost razvoj"}]},{"@type":"WebSite","@id":"https:\/\/peform.com\/#website","url":"https:\/\/peform.com\/","name":"peform","description":"","potentialAction":[{"@type":"SearchAction","target":{"@type":"EntryPoint","urlTemplate":"https:\/\/peform.com\/?s={search_term_string}"},"query-input":{"@type":"PropertyValueSpecification","valueRequired":true,"valueName":"search_term_string"}}],"inLanguage":"sl-SI"}]}},"_links":{"self":[{"href":"https:\/\/peform.com\/si\/wp-json\/wp\/v2\/pages\/2119","targetHints":{"allow":["GET"]}}],"collection":[{"href":"https:\/\/peform.com\/si\/wp-json\/wp\/v2\/pages"}],"about":[{"href":"https:\/\/peform.com\/si\/wp-json\/wp\/v2\/types\/page"}],"author":[{"embeddable":true,"href":"https:\/\/peform.com\/si\/wp-json\/wp\/v2\/users\/6"}],"replies":[{"embeddable":true,"href":"https:\/\/peform.com\/si\/wp-json\/wp\/v2\/comments?post=2119"}],"version-history":[{"count":5,"href":"https:\/\/peform.com\/si\/wp-json\/wp\/v2\/pages\/2119\/revisions"}],"predecessor-version":[{"id":2322,"href":"https:\/\/peform.com\/si\/wp-json\/wp\/v2\/pages\/2119\/revisions\/2322"}],"up":[{"embeddable":true,"href":"https:\/\/peform.com\/si\/wp-json\/wp\/v2\/pages\/2123"}],"wp:featuredmedia":[{"embeddable":true,"href":"https:\/\/peform.com\/si\/wp-json\/wp\/v2\/media\/197"}],"wp:attachment":[{"href":"https:\/\/peform.com\/si\/wp-json\/wp\/v2\/media?parent=2119"}],"wp:term":[{"taxonomy":"content-type","embeddable":true,"href":"https:\/\/peform.com\/si\/wp-json\/wp\/v2\/content-types?post=2119"}],"curies":[{"name":"wp","href":"https:\/\/api.w.org\/{rel}","templated":true}]}}