{"id":1630,"date":"2025-02-24T11:50:25","date_gmt":"2025-02-24T10:50:25","guid":{"rendered":"https:\/\/peform.com\/?page_id=1630"},"modified":"2025-05-15T10:55:35","modified_gmt":"2025-05-15T08:55:35","slug":"impressum","status":"publish","type":"page","link":"https:\/\/peform.com\/de\/impressum\/","title":{"rendered":"Impressum"},"content":{"rendered":"<div\n\tclass=\"scroll-my-24 mt-20 mb-4 pt-12 pb-12 w-full\"\n\t>\n\t<div class='breadcrumbs text-md\/5 flex flex-wrap items-baseline gap-x-1.5 gap-y-0.5 text-gray-700 mx-4 sm:mx-8 lg:mx-2'><a href='https:\/\/peform.com\/de\/' aria-label='Home link'>\n\t\t\t<svg xmlns='http:\/\/www.w3.org\/2000\/svg' width='12' height='12' viewBox='0 0 12 12' fill='none'><path d='M2 10.667h2v-4h4v4h2v-6l-4-3-4 3v6ZM.667 12V4L6 0l5.333 4v8H6.667V8H5.333v4H.667Z' fill='currentColor'\/><\/svg> <span><a href=\" https:\/\/peform.com\/de\/ \">Home<\/a><\/span>\n\t\t<\/a><\/div><\/div>\n\n<div\n\tclass=\"scroll-my-24 wrapper-contained mt-0 mb-4 pt-0 pb-20 w-full\"\n\t>\n\t<div class=\"grid grid-cols-12 auto-rows-fr\" >\n\t\n<div class=\"flex flex-col col-start-1 col-end-span-10 row-end-span-1 justify-stretch h-full [&amp;&gt;*:only-child]:h-full items-stretch w-full [&amp;&gt;*:only-child]:w-full pl-0 pr-0 pt-0 pb-0 bg-gradient-to-r overflow-visible\" >\n\t\n<div\n\tclass=\"scroll-my-24 mt-0 mb-4 pt-8 pb-0 w-full\"\n\t>\n\t<h2\tdata-slug=\"impressum\"\n\tclass=\"font-display text-balance font-synthesis-none scroll-m-20 flex items-start text-6xl md:text-7xl leading-tight text-start justify-start text-blue-900 [&amp;&gt;a]:text-blue-700\"\n>\n\t\t<span class=\"min-w-0 break-words hyphens-auto\">\n\t\tImpressum\t<\/span>\n<\/h2><\/div>\n\n<div\n\tclass=\"scroll-my-24 mt-0 mb-4 pt-0 pb-20 w-full\"\n\t>\n\t<p class=\"font-sans [&amp;&gt;a]:underline font-synthesis-none break-words hyphens-auto text-base leading-normal text-start text-blue-900 [&amp;&gt;a]:text-blue-700\">\n\t<strong>Verantwortlich f\u00fcr diese Website<br><\/strong>peform Holding \u010cesko s.r.o.<br>CZ-51754 Vamberk<br>Smetanovo n\u00e1b\u0159e\u017e\u00ed 934<br>Telefon: +420 736 744\u00a0560<br>Telefon: +420 494 549 980\u2028<br>Fax: +420 494 541 999<br>Email:\u00a0office@pwe.at<br>www.peform.com<br>\u00a0<br><strong><strong>Rechtliche Information<\/strong>\u2028<br><\/strong>Rechtsform: Limited Liability Company (s.r.o.)<br>Firmensitz: Vamberk\u2028<br>Firmenbuchnummer:\u00a0C 22923<br>Firmenbuchgericht: Court in Hradec Kr\u00e1lov\u00e9\u2028<br>UID-Nummer: CZ27504646<br>Company ID (I\u010cO): 275 04 646\u2028<br>Texte und Bilder \u00a9 perform Holding \u010cesko s.r.o.\u2028<br>\u2028<br><strong>Umsetzung<br><\/strong><a href=\"http:\/\/www.pewag.com\">pewag International GmbH<\/a> und EN GARDE<\/p><\/div>\n<\/div>\n<\/div><\/div>","protected":false},"excerpt":{"rendered":"","protected":false},"author":6,"featured_media":0,"parent":0,"menu_order":0,"comment_status":"closed","ping_status":"closed","template":"","meta":{"footnotes":""},"content-types":[],"class_list":["post-1630","page","type-page","status-publish","hentry"],"yoast_head":"<!-- This site is optimized with the Yoast SEO plugin v27.2 - https:\/\/yoast.com\/product\/yoast-seo-wordpress\/ -->\n<title>Impressum - peform<\/title>\n<meta name=\"robots\" content=\"index, follow, max-snippet:-1, max-image-preview:large, max-video-preview:-1\" \/>\n<link rel=\"canonical\" href=\"https:\/\/peform.com\/de\/impressum\/\" \/>\n<meta property=\"og:locale\" content=\"de_DE\" \/>\n<meta property=\"og:type\" content=\"article\" \/>\n<meta property=\"og:title\" content=\"Impressum - peform\" \/>\n<meta property=\"og:url\" content=\"https:\/\/peform.com\/de\/impressum\/\" \/>\n<meta property=\"og:site_name\" content=\"peform\" \/>\n<meta property=\"article:modified_time\" content=\"2025-05-15T08:55:35+00:00\" \/>\n<meta name=\"twitter:card\" content=\"summary_large_image\" \/>\n<meta name=\"twitter:label1\" content=\"Gesch\u00e4tzte Lesezeit\" \/>\n\t<meta name=\"twitter:data1\" content=\"1\u00a0Minute\" \/>\n<script type=\"application\/ld+json\" class=\"yoast-schema-graph\">{\"@context\":\"https:\/\/schema.org\",\"@graph\":[{\"@type\":\"WebPage\",\"@id\":\"https:\/\/peform.com\/de\/impressum\/\",\"url\":\"https:\/\/peform.com\/de\/impressum\/\",\"name\":\"Impressum - peform\",\"isPartOf\":{\"@id\":\"https:\/\/peform.com\/#website\"},\"datePublished\":\"2025-02-24T10:50:25+00:00\",\"dateModified\":\"2025-05-15T08:55:35+00:00\",\"breadcrumb\":{\"@id\":\"https:\/\/peform.com\/de\/impressum\/#breadcrumb\"},\"inLanguage\":\"de\",\"potentialAction\":[{\"@type\":\"ReadAction\",\"target\":[\"https:\/\/peform.com\/de\/impressum\/\"]}]},{\"@type\":\"BreadcrumbList\",\"@id\":\"https:\/\/peform.com\/de\/impressum\/#breadcrumb\",\"itemListElement\":[{\"@type\":\"ListItem\",\"position\":1,\"name\":\"Home\",\"item\":\"https:\/\/peform.com\/de\/\"},{\"@type\":\"ListItem\",\"position\":2,\"name\":\"Impressum\"}]},{\"@type\":\"WebSite\",\"@id\":\"https:\/\/peform.com\/#website\",\"url\":\"https:\/\/peform.com\/\",\"name\":\"peform\",\"description\":\"\",\"potentialAction\":[{\"@type\":\"SearchAction\",\"target\":{\"@type\":\"EntryPoint\",\"urlTemplate\":\"https:\/\/peform.com\/?s={search_term_string}\"},\"query-input\":{\"@type\":\"PropertyValueSpecification\",\"valueRequired\":true,\"valueName\":\"search_term_string\"}}],\"inLanguage\":\"de\"}]}<\/script>\n<!-- \/ Yoast SEO plugin. -->","yoast_head_json":{"title":"Impressum - peform","robots":{"index":"index","follow":"follow","max-snippet":"max-snippet:-1","max-image-preview":"max-image-preview:large","max-video-preview":"max-video-preview:-1"},"canonical":"https:\/\/peform.com\/de\/impressum\/","og_locale":"de_DE","og_type":"article","og_title":"Impressum - peform","og_url":"https:\/\/peform.com\/de\/impressum\/","og_site_name":"peform","article_modified_time":"2025-05-15T08:55:35+00:00","twitter_card":"summary_large_image","twitter_misc":{"Gesch\u00e4tzte Lesezeit":"1\u00a0Minute"},"schema":{"@context":"https:\/\/schema.org","@graph":[{"@type":"WebPage","@id":"https:\/\/peform.com\/de\/impressum\/","url":"https:\/\/peform.com\/de\/impressum\/","name":"Impressum - peform","isPartOf":{"@id":"https:\/\/peform.com\/#website"},"datePublished":"2025-02-24T10:50:25+00:00","dateModified":"2025-05-15T08:55:35+00:00","breadcrumb":{"@id":"https:\/\/peform.com\/de\/impressum\/#breadcrumb"},"inLanguage":"de","potentialAction":[{"@type":"ReadAction","target":["https:\/\/peform.com\/de\/impressum\/"]}]},{"@type":"BreadcrumbList","@id":"https:\/\/peform.com\/de\/impressum\/#breadcrumb","itemListElement":[{"@type":"ListItem","position":1,"name":"Home","item":"https:\/\/peform.com\/de\/"},{"@type":"ListItem","position":2,"name":"Impressum"}]},{"@type":"WebSite","@id":"https:\/\/peform.com\/#website","url":"https:\/\/peform.com\/","name":"peform","description":"","potentialAction":[{"@type":"SearchAction","target":{"@type":"EntryPoint","urlTemplate":"https:\/\/peform.com\/?s={search_term_string}"},"query-input":{"@type":"PropertyValueSpecification","valueRequired":true,"valueName":"search_term_string"}}],"inLanguage":"de"}]}},"_links":{"self":[{"href":"https:\/\/peform.com\/de\/wp-json\/wp\/v2\/pages\/1630","targetHints":{"allow":["GET"]}}],"collection":[{"href":"https:\/\/peform.com\/de\/wp-json\/wp\/v2\/pages"}],"about":[{"href":"https:\/\/peform.com\/de\/wp-json\/wp\/v2\/types\/page"}],"author":[{"embeddable":true,"href":"https:\/\/peform.com\/de\/wp-json\/wp\/v2\/users\/6"}],"replies":[{"embeddable":true,"href":"https:\/\/peform.com\/de\/wp-json\/wp\/v2\/comments?post=1630"}],"version-history":[{"count":1,"href":"https:\/\/peform.com\/de\/wp-json\/wp\/v2\/pages\/1630\/revisions"}],"predecessor-version":[{"id":1635,"href":"https:\/\/peform.com\/de\/wp-json\/wp\/v2\/pages\/1630\/revisions\/1635"}],"wp:attachment":[{"href":"https:\/\/peform.com\/de\/wp-json\/wp\/v2\/media?parent=1630"}],"wp:term":[{"taxonomy":"content-type","embeddable":true,"href":"https:\/\/peform.com\/de\/wp-json\/wp\/v2\/content-types?post=1630"}],"curies":[{"name":"wp","href":"https:\/\/api.w.org\/{rel}","templated":true}]}}