{"id":1607,"date":"2025-02-13T14:13:20","date_gmt":"2025-02-13T13:13:20","guid":{"rendered":"https:\/\/peform.com\/?page_id=1607"},"modified":"2026-02-17T15:08:54","modified_gmt":"2026-02-17T14:08:54","slug":"umformtechnik","status":"publish","type":"page","link":"https:\/\/peform.com\/de\/fertigungskompetenz\/umformtechnik\/","title":{"rendered":"Umformtechnik"},"content":{"rendered":"<div\n\tclass=\"scroll-my-24 wrapper-full mt-0 mb-4 pt-0 pb-0 w-full\"\n\t>\n\t<div class=\"flex flex-col sm:grid sm:grid-rows-1 grid-cols-1 sm:grid-cols-12 relative group\">\n\t\t<div class=\"px-4 sm:px-10 pb-8 sm:pb-12 pt-3 z-10 bg-blue-900 [.group:not(:has(.breadcrumbs))_&amp;]:pt-8 grid sm:flex sm:flex-col order-2 sm:order-none sm:justify-end items-start grid-rows-1 sm:grid-cols-4 row-start-1 col-start-1 sm:row-start-1 sm:col-start-1 md:col-start-1 sm:col-span-9 md:col-span-6 bg-opacity-100 sm:cut-off-content-secondary-sm md:cut-off-content-secondary-md\">\n\t\t<div class='breadcrumbs text-md\/5 flex flex-wrap items-baseline gap-x-1.5 gap-y-0.5 text-gray-300 mt-4 mb-8 sm:mb-auto sm:mt-4 col-span-4'><a href='https:\/\/peform.com\/de\/' aria-label='Home link'>\n\t\t\t<svg xmlns='http:\/\/www.w3.org\/2000\/svg' width='12' height='12' viewBox='0 0 12 12' fill='none'><path d='M2 10.667h2v-4h4v4h2v-6l-4-3-4 3v6ZM.667 12V4L6 0l5.333 4v8H6.667V8H5.333v4H.667Z' fill='currentColor'\/><\/svg> <span><a href=\" https:\/\/peform.com\/de\/ \">Home<\/a><\/span>\n\t\t<\/a><\/div><p class=\"font-sans [&amp;&gt;a]:underline font-synthesis-none break-words hyphens-auto text-3xl md:text-4xl lg:text-5xl leading-normal sm:mb-2 col-start-1 col-span-3 text-gray-300 sm:max-w-[70%]\">\n\tFERTIGUNG<\/p><h2\tdata-slug=\"umformtechnik\"\n\tclass=\"font-display text-balance font-synthesis-none scroll-m-20 flex items-start text-7xl md:text-8xl leading-[1.125] col-start-1 col-span-3 text-white sm:max-w-[70%]\"\n>\n\t\t<span class=\"min-w-0 break-words hyphens-auto\">\n\t\t<strong>Umformtechnik<\/strong>\t<\/span>\n<\/h2>\t<\/div>\n\n\t<div class=\"z-20 absolute justify-center items-center [.group:not(:has(.breadcrumbs))_&amp;]:mt-8 w-8 h-16 sm:w-12 sm:h-24 md:size-auto hidden sm:flex sm:bottom-[1%] sm:left-[53.6%] md:bottom-[6%] md:left-[36.1%] xl:left-[36.35%]\">\n\t\t<svg xmlns='http:\/\/www.w3.org\/2000\/svg' width='101' height='218' viewBox='0 0 101 218' fill='none'><path d='M100.33 0 19.784 218H0L80.545 0h19.785Z' fill='#E00832'\/><\/svg>\t<\/div>\n\t<picture\n\t\t\tclass=\"mb-0 row-start-1 col-start-1 z-0 sm:col-start-6 sm:col-span-7 md:col-start-5 md:col-span-8\"\n\t>\n\t\t\t\t\t\t\t\n\t<img\n\t\tsrc=\"https:\/\/peform.com\/wp-content\/uploads\/sites\/3\/2025\/02\/beinding-technology-1-1.png\"\n\t\talt=\"\"\n\t\tclass=\"object-cover object-center row-start-1 col-start-1 z-0 block sm:aspect-16\/9 sm:cut-off-media-1\"\n\t\/>\n<\/picture><\/div><\/div>\n\n<div\n\tclass=\"scroll-my-24 wrapper-contained mt-0 mb-4 pt-0 pb-0 w-full\"\n\t>\n\t<div class=\"grid grid-cols-12 gap-y-4 gap-x-4\" >\n\t\n<div class=\"flex flex-col col-start-3 max-sm:col-start-1 col-end-span-8 max-sm:col-end-span-12 row-end-span-1 justify-stretch h-full [&amp;&gt;*:only-child]:h-full items-stretch w-full [&amp;&gt;*:only-child]:w-full pl-0 pr-0 pt-0 pb-0 bg-gradient-to-r overflow-visible\" >\n\t\n<div\n\tclass=\"scroll-my-24 mt-0 mb-4 pt-20 pb-0 w-full\"\n\t>\n\t<h2\tdata-slug=\"\"\n\tclass=\"font-display text-balance font-synthesis-none scroll-m-20 flex items-start text-6xl md:text-7xl leading-tight text-center justify-center text-blue-900 [&amp;&gt;a]:text-blue-700\"\n>\n\t\t<span class=\"min-w-0 break-words hyphens-auto\">\n\t\tVerwandeln Sie 2D-Komponenten in pr\u00e4zise 3D-L\u00f6sungen mit peform.\t<\/span>\n<\/h2><\/div>\n\n<div\n\tclass=\"scroll-my-24 mt-0 mb-4 pt-0 pb-0 w-full\"\n\t>\n\t<p class=\"font-sans [&amp;&gt;a]:underline font-synthesis-none break-words hyphens-auto text-base leading-normal text-center text-blue-900 [&amp;&gt;a]:text-blue-700\">\n\tMit fortschrittlichen CNC-gesteuerten Abkantpressen formen wir laser- oder wasserstrahlgeschnittene Teile in komplexe Geometrien. Unsere Umformtechnologie liefert Bauteile, die Ihre spezifischen Anforderungen mit au\u00dfergew\u00f6hnlicher Pr\u00e4zision realisiert.<\/p><\/div>\n<\/div>\n<\/div><\/div>\n\n<div\n\tclass=\"scroll-my-24 wrapper-contained mt-0 mb-4 pt-16 pb-0 w-full\"\n\t>\n\t<div class=\"grid grid-cols-8 sm:grid-cols-5 sm:gap-14\">\n\t<picture\n\t\t\tclass=\"col-span-full sm:cut-off-right sm:col-span-3\"\n\t>\n\t\t\t\t\t\t\t\n\t<img\n\t\tsrc=\"https:\/\/peform.com\/wp-content\/uploads\/sites\/3\/2025\/02\/beinding-technology-5-1.png\"\n\t\talt=\"\"\n\t\tclass=\"object-cover object-center\"\n\t\/>\n<\/picture>\n\t<div class=\"col-span-8 mt-8 sm:mt-0 flex flex-col flex-wrap justify-center sm:col-span-2\">\n\t\t\n<div\n\tclass=\"scroll-my-24 mt-0 mb-4 pt-0 pb-0 w-full\"\n\t>\n\t<h2\tdata-slug=\"\"\n\tclass=\"font-display text-balance font-synthesis-none scroll-m-20 flex items-start text-6xl md:text-7xl leading-tight text-start justify-start text-blue-900 [&amp;&gt;a]:text-blue-700\"\n>\n\t\t<span class=\"min-w-0 break-words hyphens-auto\">\n\t\t<strong>Hochpr\u00e4zise 3D-Umformung f\u00fcr maximale Genauigkeit<\/strong>\t<\/span>\n<\/h2><\/div>\n\n<div\n\tclass=\"scroll-my-24 mt-0 mb-4 pt-0 pb-0 w-full\"\n\t>\n\t<p class=\"font-sans [&amp;&gt;a]:underline font-synthesis-none break-words hyphens-auto text-base leading-normal text-start text-blue-900 [&amp;&gt;a]:text-blue-700\">\n\tUnser Umformprozess nutzt CNC-gesteuerte Abkantpressen, um flache Komponenten in pr\u00e4zise 3D-Formen zu verwandeln. Durch sorgf\u00e4ltig kontrollierte Verfahren gew\u00e4hrleisten wir gleichbleibende Qualit\u00e4t und Ma\u00dfgenauigkeit bei jeder Produktionsserie.<\/p><\/div>\n\t<\/div>\n<\/div><\/div>\n\n<div\n\tclass=\"scroll-my-24 wrapper-contained mt-0 mb-4 pt-16 pb-16 w-full\"\n\t>\n\t<div class=\"grid grid-cols-8 sm:grid-cols-5 sm:gap-14\">\n\t<picture\n\t\t\tclass=\"col-span-full sm:order-2 sm:cut-off-left sm:col-span-3\"\n\t>\n\t\t\t\t\t\t\t\n\t<img\n\t\tsrc=\"https:\/\/peform.com\/wp-content\/uploads\/sites\/3\/2025\/02\/employee_bending_peform-1.jpg\"\n\t\talt=\"\"\n\t\tclass=\"object-cover object-center\"\n\t\/>\n<\/picture>\n\t<div class=\"col-span-8 mt-8 sm:mt-0 flex flex-col flex-wrap justify-center sm:col-span-2\">\n\t\t\n<div\n\tclass=\"scroll-my-24 mt-0 mb-4 pt-0 pb-0 w-full\"\n\t>\n\t<h2\tdata-slug=\"\"\n\tclass=\"font-display text-balance font-synthesis-none scroll-m-20 flex items-start text-6xl md:text-7xl leading-tight text-start justify-start text-blue-900 [&amp;&gt;a]:text-blue-700\"\n>\n\t\t<span class=\"min-w-0 break-words hyphens-auto\">\n\t\t<strong>Pr\u00e4zision und Zuverl\u00e4ssigkeit in der 3D-Umformung<\/strong>\t<\/span>\n<\/h2><\/div>\n\n<div\n\tclass=\"scroll-my-24 mt-0 mb-4 pt-0 pb-0 w-full\"\n\t>\n\t<p class=\"font-sans [&amp;&gt;a]:underline font-synthesis-none break-words hyphens-auto text-base leading-normal text-start text-blue-900 [&amp;&gt;a]:text-blue-700\">\n\tUnser CNC-gesteuerter Prozess garantiert au\u00dfergew\u00f6hnliche Genauigkeit, selbst bei komplexen Geometrien. Ideal f\u00fcr anspruchsvolle Anwendungen liefern wir konsistente Qualit\u00e4t sowohl bei Kleinserien als auch bei gro\u00dfvolumigen Produktionen, perfekt auf Ihre Anforderungen zugeschnitten.<\/p><\/div>\n\t<\/div>\n<\/div><\/div>\n\n<div\n\tclass=\"scroll-my-24 bg-gray-50 wrapper-contained-wide mt-0 mb-0 pt-20 pb-12 w-full\"\n\t>\n\t<div class=\"grid grid-cols-12 gap-y-4 gap-x-4\" >\n\t\n<div class=\"flex flex-col col-start-3 max-sm:col-start-2 col-end-span-8 max-sm:col-end-span-10 row-end-span-1 justify-stretch h-full [&amp;&gt;*:only-child]:h-full items-stretch w-full [&amp;&gt;*:only-child]:w-full pl-0 pr-0 pt-0 pb-0 bg-gradient-to-r overflow-visible\" >\n\t\n<div\n\tclass=\"scroll-my-24 mt-0 mb-4 pt-0 pb-0 w-full\"\n\t>\n\t<h2\tdata-slug=\"warum-peform\"\n\tclass=\"font-display text-balance font-synthesis-none scroll-m-20 flex items-start text-3xl md:text-4xl lg:text-5xl leading-normal text-start justify-start text-black [&amp;&gt;a]:text-blue-700\"\n>\n\t\t<span class=\"min-w-0 break-words hyphens-auto\">\n\t\tWarum peform?\t<\/span>\n<\/h2><\/div>\n\n<div\n\tclass=\"scroll-my-24 mt-0 mb-4 pt-0 pb-0 w-full\"\n\t>\n\t<ul\tclass=\"font-sans [&amp;&gt;a]:underline font-synthesis-none text-xl md:text-2xl leading-normal list-[&#039;\u2713_&#039;] ml-[1em] marker:text-red-700 text-black\"\n>\n\t<li>Fortgeschrittene CNC-Programmierungsexpertise<\/li><li>Konsistente Qualit\u00e4t bei allen Produktionsl\u00e4ufen<\/li><li>Flexible Verarbeitung verschiedener Materialien und St\u00e4rken<\/li><li>Hohe Pr\u00e4zision f\u00fcr komplexe Geometrien<\/li><li>Umfassendes Qualit\u00e4tskontrollsystem<\/li><li>Schnelles Prototyping bis hin zur Serienproduktion<\/li><\/ul><\/div>\n<\/div>\n\n<div class=\"flex flex-col col-start-3 max-sm:col-start-2 col-end-span-8 max-sm:col-end-span-10 row-end-span-1 justify-stretch h-full [&amp;&gt;*:only-child]:h-full items-stretch w-full [&amp;&gt;*:only-child]:w-full pl-0 pr-0 pt-0 pb-0 bg-gradient-to-r overflow-visible\" >\n\t\n<div\n\tclass=\"scroll-my-24 mt-0 mb-4 pt-0 pb-0 w-full\"\n\t>\n\t<h2\tdata-slug=\"technische-highlights\"\n\tclass=\"font-display text-balance font-synthesis-none scroll-m-20 flex items-start text-3xl md:text-4xl lg:text-5xl leading-normal text-start justify-start text-black [&amp;&gt;a]:text-blue-700\"\n>\n\t\t<span class=\"min-w-0 break-words hyphens-auto\">\n\t\tTechnische Highlights\t<\/span>\n<\/h2><\/div>\n\n<div\n\tclass=\"scroll-my-24 mt-0 mb-4 pt-0 pb-0 w-full\"\n\t>\n\t<ul\tclass=\"font-sans [&amp;&gt;a]:underline font-synthesis-none text-xl md:text-2xl leading-normal list-[&#039;\u2713_&#039;] ml-[1em] marker:text-red-700 text-black\"\n>\n\t<li>Kohlenstoffstahl: Bis zu 6 mm St\u00e4rke auf 3-Meter-L\u00e4ngen<\/li><li>Dickere Materialien: Bis zu 10 mm bei k\u00fcrzeren Biegel\u00e4ngen<\/li><li>Pr\u00e4zision: \u00b10,1 mm bei allen Umformvorg\u00e4ngen<br><\/li><\/ul><\/div>\n<\/div>\n<\/div><\/div>\n\n<div\n\tclass=\"scroll-my-24 mt-16 mb-12 pt-0 pb-0 w-full\"\n\t>\n\t<div class=\"flex flex-col flex-wrap justify-center max-w-2xl px-4 py-8 mx-auto gap-y-5 items-center text-center text-blue-900\">\n\t<h2\tdata-slug=\"\"\n\tclass=\"font-display text-balance font-synthesis-none scroll-m-20 flex items-start text-6xl md:text-7xl leading-tight\"\n>\n\t\t<span class=\"min-w-0 break-words hyphens-auto\">\n\t\tW\u00fcrden Sie gerne etwas mit dieser Technologie anfertigen lassen?\t<\/span>\n<\/h2><p class=\"font-sans [&amp;&gt;a]:underline font-synthesis-none break-words hyphens-auto text-xl md:text-2xl leading-normal\">\n\tFinden Sie den peform Standort, der Ihre Herausforderung realisiert.<\/p><a\thref=\"https:\/\/peform.com\/de\/standorte\/\"class=\"font-sans transition duration-300 flex w-fit items-center focus-visible:ring focus:outline-none text-lg disabled:cursor-default [&amp;&gt;svg]:flex-none max-w-full px-8 border [&amp;&gt;svg]:size-5 gap-2 py-2 rounded-sm text-white bg-red-700 border-red-700 hover:bg-red-800 hover:border-red-800 disabled:bg-gray-300 disabled:border-gray-300 focus-visible:ring-red-500\/30 button mt-2\">\n\t\t\t<span class=\"min-w-0 break-words hyphens-auto\">Standort finden<\/span>\n\t\n\t<\/a><\/div><\/div>\n\n<div\n\tclass=\"scroll-my-24 border-b border-b-gray-50 bg-gray-950 wrapper-contained-wide mt-0 mb-0 pt-0 pb-16 w-full\"\n\t>\n\t<div\n\tclass=\"scroll-my-24 mt-16 mb-0 pt-0 max-sm:pt-8 pb-0 w-full\"\n\t>\n\t<h2\tdata-slug=\"mehr-erfahren\"\n\tclass=\"font-display text-balance font-synthesis-none scroll-m-20 flex items-start text-3xl md:text-4xl lg:text-5xl leading-normal text-start justify-start text-white [&amp;&gt;a]:text-blue-700\"\n>\n\t\t\t<span class=\"mt-[0.35rem] [&amp;&gt;svg]:size-5\">\n\t\t\t<svg xmlns='http:\/\/www.w3.org\/2000\/svg' width='11' height='24' viewBox='0 0 11 24' fill='none'><path stroke='#E20031' stroke-width='3' d='m1.59 23.487 8-22' fill='none'\/><\/svg>\t\t<\/span>\n\n\t\t<span class=\"min-w-0 break-words hyphens-auto\">\n\t\tMehr erfahren\t<\/span>\n<\/h2><\/div>\n\n<div\n\tclass=\"scroll-my-24 bg-gray-950 mt-0 max-sm:mt-8 mb-0 pt-0 pb-0 w-full\"\n\t>\n\t<div>\n\t\n\t<div\n\t\tid=\"featured-content-es-95\"\n\t\tclass=\"grid py-28 *:scale-125 hover:*:scale-150 *:origin-bottom *:transition hover:*:z-20 grid-cols-2 gap-y-16 sm:gap-y-0 sm:grid-cols-4 sm:mx-8\"\n\t\taria-live=\"polite\"\n\t>\n\t\t<a class=\"grid grid-cols-1 grid-rows-1 w-full group items-end isolate relative before:content-[''] before:absolute before:bg-red-600 before:opacity-0 before:size-full before:top-0 before:left-0 before:-z-10 hover:before:translate-x-1.5 before:transition hover:before:opacity-100 before:card-rhombus [&amp;:not(:last-child)]:before:cutoff-top-17-only\" href=\"https:\/\/peform.com\/de\/fertigungskompetenz\/\">\n\t<picture\n\t\t\tclass=\"card-rhombus w-full h-full row-start-1 col-start-1 col-span-1 row-span-1 object-cover overflow-hidden !block\"\n\t>\n\t\t\t\t\t\t\t\n\t<img\n\t\tsrc=\"https:\/\/peform.com\/wp-content\/uploads\/sites\/3\/2025\/02\/milling-1024x680.jpg\"\n\t\talt=\"\"\n\t\tclass=\"object-cover object-center aspect-3\/2\"\n\t\/>\n<\/picture>\n\t<div class=\"card-rhombus row-start-1 col-start-1 col-span-1 row-span-1 pl-6 pr-16 py-2 h-full flex flex-col z-10 transition-colors bg-black\/60 group-hover:bg-black\/5\">\n\t\t<button\tclass=\"font-sans transition duration-300 flex w-fit items-center focus-visible:ring focus:outline-none text-lg disabled:cursor-default [&amp;&gt;svg]:flex-none max-w-full leading-tight cursor-pointer [&amp;&gt;svg]:size-6 gap-3 text-left text-white hover:text-blue-200 button font-display text-white hover:!text-white font-bold text-left mb-2 mt-auto w-full !text-xl [&amp;&gt;svg]:opacity-0 group-hover:[&amp;&gt;svg]:opacity-100\">\n\t\t\t<span class=\"min-w-0 break-words hyphens-auto\">Fertigungskompetenz<\/span>\n\t\n\t<svg xmlns='http:\/\/www.w3.org\/2000\/svg' width='31' height='20' viewBox='0 0 31 20' fill='none'><path d='m22.315 1.432 5.771 6.53H9.432' stroke='#E20031' stroke-width='2.4' fill='none'\/><path d='m13.596 19.154 6.01-6.53H.106' stroke='#EDEDED' stroke-width='2.4' fill='none'\/><\/svg><\/button>\t<\/div>\n<\/a><a class=\"grid grid-cols-1 grid-rows-1 w-full group items-end isolate relative before:content-[''] before:absolute before:bg-red-600 before:opacity-0 before:size-full before:top-0 before:left-0 before:-z-10 hover:before:translate-x-1.5 before:transition hover:before:opacity-100 before:card-rhombus [&amp;:not(:last-child)]:before:cutoff-top-17-only\" href=\"https:\/\/peform.com\/de\/fertigungskompetenz\/montagekompetenz\/\">\n\t<picture\n\t\t\tclass=\"card-rhombus w-full h-full row-start-1 col-start-1 col-span-1 row-span-1 object-cover overflow-hidden !block\"\n\t>\n\t\t\t\t\t\t\t\n\t<img\n\t\tsrc=\"https:\/\/peform.com\/wp-content\/uploads\/sites\/3\/2025\/02\/metal-assembly_DSC00940-1024x768.jpg\"\n\t\talt=\"\"\n\t\tclass=\"object-cover object-center aspect-3\/2\"\n\t\/>\n<\/picture>\n\t<div class=\"card-rhombus row-start-1 col-start-1 col-span-1 row-span-1 pl-6 pr-16 py-2 h-full flex flex-col z-10 transition-colors bg-black\/60 group-hover:bg-black\/5\">\n\t\t<button\tclass=\"font-sans transition duration-300 flex w-fit items-center focus-visible:ring focus:outline-none text-lg disabled:cursor-default [&amp;&gt;svg]:flex-none max-w-full leading-tight cursor-pointer [&amp;&gt;svg]:size-6 gap-3 text-left text-white hover:text-blue-200 button font-display text-white hover:!text-white font-bold text-left mb-2 mt-auto w-full !text-xl [&amp;&gt;svg]:opacity-0 group-hover:[&amp;&gt;svg]:opacity-100\">\n\t\t\t<span class=\"min-w-0 break-words hyphens-auto\">Montagekompetenz<\/span>\n\t\n\t<svg xmlns='http:\/\/www.w3.org\/2000\/svg' width='31' height='20' viewBox='0 0 31 20' fill='none'><path d='m22.315 1.432 5.771 6.53H9.432' stroke='#E20031' stroke-width='2.4' fill='none'\/><path d='m13.596 19.154 6.01-6.53H.106' stroke='#EDEDED' stroke-width='2.4' fill='none'\/><\/svg><\/button>\t<\/div>\n<\/a><a class=\"grid grid-cols-1 grid-rows-1 w-full group items-end isolate relative before:content-[''] before:absolute before:bg-red-600 before:opacity-0 before:size-full before:top-0 before:left-0 before:-z-10 hover:before:translate-x-1.5 before:transition hover:before:opacity-100 before:card-rhombus [&amp;:not(:last-child)]:before:cutoff-top-17-only\" href=\"https:\/\/peform.com\/de\/industrien\/\">\n\t<picture\n\t\t\tclass=\"card-rhombus w-full h-full row-start-1 col-start-1 col-span-1 row-span-1 object-cover overflow-hidden !block\"\n\t>\n\t\t\t\t\t\t\t\n\t<img\n\t\tsrc=\"https:\/\/peform.com\/wp-content\/uploads\/sites\/3\/2025\/02\/peform-Industries_Header-6-1024x682.png\"\n\t\talt=\"\"\n\t\tclass=\"object-cover object-center aspect-3\/2\"\n\t\/>\n<\/picture>\n\t<div class=\"card-rhombus row-start-1 col-start-1 col-span-1 row-span-1 pl-6 pr-16 py-2 h-full flex flex-col z-10 transition-colors bg-black\/60 group-hover:bg-black\/5\">\n\t\t<button\tclass=\"font-sans transition duration-300 flex w-fit items-center focus-visible:ring focus:outline-none text-lg disabled:cursor-default [&amp;&gt;svg]:flex-none max-w-full leading-tight cursor-pointer [&amp;&gt;svg]:size-6 gap-3 text-left text-white hover:text-blue-200 button font-display text-white hover:!text-white font-bold text-left mb-2 mt-auto w-full !text-xl [&amp;&gt;svg]:opacity-0 group-hover:[&amp;&gt;svg]:opacity-100\">\n\t\t\t<span class=\"min-w-0 break-words hyphens-auto\">Industrien<\/span>\n\t\n\t<svg xmlns='http:\/\/www.w3.org\/2000\/svg' width='31' height='20' viewBox='0 0 31 20' fill='none'><path d='m22.315 1.432 5.771 6.53H9.432' stroke='#E20031' stroke-width='2.4' fill='none'\/><path d='m13.596 19.154 6.01-6.53H.106' stroke='#EDEDED' stroke-width='2.4' fill='none'\/><\/svg><\/button>\t<\/div>\n<\/a><a class=\"grid grid-cols-1 grid-rows-1 w-full group items-end isolate relative before:content-[''] before:absolute before:bg-red-600 before:opacity-0 before:size-full before:top-0 before:left-0 before:-z-10 hover:before:translate-x-1.5 before:transition hover:before:opacity-100 before:card-rhombus [&amp;:not(:last-child)]:before:cutoff-top-17-only\" href=\"https:\/\/peform.com\/de\/ueber-uns\/karriere-bei-peform\/\">\n\t<picture\n\t\t\tclass=\"card-rhombus w-full h-full row-start-1 col-start-1 col-span-1 row-span-1 object-cover overflow-hidden !block\"\n\t>\n\t\t\t\t\t\t\t\n\t<img\n\t\tsrc=\"https:\/\/peform.com\/wp-content\/uploads\/sites\/3\/2025\/05\/header_working_at_peform_welding_IMG_8772-1024x563.png\"\n\t\talt=\"\"\n\t\tclass=\"object-cover object-center aspect-3\/2\"\n\t\/>\n<\/picture>\n\t<div class=\"card-rhombus row-start-1 col-start-1 col-span-1 row-span-1 pl-6 pr-16 py-2 h-full flex flex-col z-10 transition-colors bg-black\/60 group-hover:bg-black\/5\">\n\t\t<button\tclass=\"font-sans transition duration-300 flex w-fit items-center focus-visible:ring focus:outline-none text-lg disabled:cursor-default [&amp;&gt;svg]:flex-none max-w-full leading-tight cursor-pointer [&amp;&gt;svg]:size-6 gap-3 text-left text-white hover:text-blue-200 button font-display text-white hover:!text-white font-bold text-left mb-2 mt-auto w-full !text-xl [&amp;&gt;svg]:opacity-0 group-hover:[&amp;&gt;svg]:opacity-100\">\n\t\t\t<span class=\"min-w-0 break-words hyphens-auto\">Karriere bei peform<\/span>\n\t\n\t<svg xmlns='http:\/\/www.w3.org\/2000\/svg' width='31' height='20' viewBox='0 0 31 20' fill='none'><path d='m22.315 1.432 5.771 6.53H9.432' stroke='#E20031' stroke-width='2.4' fill='none'\/><path d='m13.596 19.154 6.01-6.53H.106' stroke='#EDEDED' stroke-width='2.4' fill='none'\/><\/svg><\/button>\t<\/div>\n<\/a>\t<\/div>\n\n\t\n\t<\/div><\/div><\/div>","protected":false},"excerpt":{"rendered":"","protected":false},"author":6,"featured_media":415,"parent":1547,"menu_order":0,"comment_status":"closed","ping_status":"closed","template":"","meta":{"footnotes":""},"content-types":[48],"class_list":["post-1607","page","type-page","status-publish","has-post-thumbnail","hentry","content-type-manufacturing-de"],"yoast_head":"<!-- This site is optimized with the Yoast SEO plugin v27.2 - https:\/\/yoast.com\/product\/yoast-seo-wordpress\/ -->\n<title>Umformtechnik - peform<\/title>\n<meta name=\"robots\" content=\"index, follow, max-snippet:-1, max-image-preview:large, max-video-preview:-1\" \/>\n<link rel=\"canonical\" href=\"https:\/\/peform.com\/de\/fertigungskompetenz\/umformtechnik\/\" \/>\n<meta property=\"og:locale\" content=\"de_DE\" \/>\n<meta property=\"og:type\" content=\"article\" \/>\n<meta property=\"og:title\" content=\"Umformtechnik - peform\" \/>\n<meta property=\"og:url\" content=\"https:\/\/peform.com\/de\/fertigungskompetenz\/umformtechnik\/\" \/>\n<meta property=\"og:site_name\" content=\"peform\" \/>\n<meta property=\"article:modified_time\" content=\"2026-02-17T14:08:54+00:00\" \/>\n<meta property=\"og:image\" content=\"https:\/\/peform.com\/wp-content\/uploads\/sites\/3\/2025\/02\/beinding-technology-1-1-1024x682.png\" \/>\n\t<meta property=\"og:image:width\" content=\"1024\" \/>\n\t<meta property=\"og:image:height\" content=\"682\" \/>\n\t<meta property=\"og:image:type\" content=\"image\/png\" \/>\n<meta name=\"twitter:card\" content=\"summary_large_image\" \/>\n<meta name=\"twitter:label1\" content=\"Gesch\u00e4tzte Lesezeit\" \/>\n\t<meta name=\"twitter:data1\" content=\"4\u00a0Minuten\" \/>\n<script type=\"application\/ld+json\" class=\"yoast-schema-graph\">{\"@context\":\"https:\/\/schema.org\",\"@graph\":[{\"@type\":\"WebPage\",\"@id\":\"https:\/\/peform.com\/de\/fertigungskompetenz\/umformtechnik\/\",\"url\":\"https:\/\/peform.com\/de\/fertigungskompetenz\/umformtechnik\/\",\"name\":\"Umformtechnik - peform\",\"isPartOf\":{\"@id\":\"https:\/\/peform.com\/#website\"},\"primaryImageOfPage\":{\"@id\":\"https:\/\/peform.com\/de\/fertigungskompetenz\/umformtechnik\/#primaryimage\"},\"image\":{\"@id\":\"https:\/\/peform.com\/de\/fertigungskompetenz\/umformtechnik\/#primaryimage\"},\"thumbnailUrl\":\"https:\/\/peform.com\/wp-content\/uploads\/sites\/3\/2025\/02\/beinding-technology-1-1.png\",\"datePublished\":\"2025-02-13T13:13:20+00:00\",\"dateModified\":\"2026-02-17T14:08:54+00:00\",\"breadcrumb\":{\"@id\":\"https:\/\/peform.com\/de\/fertigungskompetenz\/umformtechnik\/#breadcrumb\"},\"inLanguage\":\"de\",\"potentialAction\":[{\"@type\":\"ReadAction\",\"target\":[\"https:\/\/peform.com\/de\/fertigungskompetenz\/umformtechnik\/\"]}]},{\"@type\":\"ImageObject\",\"inLanguage\":\"de\",\"@id\":\"https:\/\/peform.com\/de\/fertigungskompetenz\/umformtechnik\/#primaryimage\",\"url\":\"https:\/\/peform.com\/wp-content\/uploads\/sites\/3\/2025\/02\/beinding-technology-1-1.png\",\"contentUrl\":\"https:\/\/peform.com\/wp-content\/uploads\/sites\/3\/2025\/02\/beinding-technology-1-1.png\",\"width\":2000,\"height\":1333},{\"@type\":\"BreadcrumbList\",\"@id\":\"https:\/\/peform.com\/de\/fertigungskompetenz\/umformtechnik\/#breadcrumb\",\"itemListElement\":[{\"@type\":\"ListItem\",\"position\":1,\"name\":\"Home\",\"item\":\"https:\/\/peform.com\/de\/\"},{\"@type\":\"ListItem\",\"position\":2,\"name\":\"Fertigungskompetenz\",\"item\":\"https:\/\/peform.com\/de\/fertigungskompetenz\/\"},{\"@type\":\"ListItem\",\"position\":3,\"name\":\"Umformtechnik\"}]},{\"@type\":\"WebSite\",\"@id\":\"https:\/\/peform.com\/#website\",\"url\":\"https:\/\/peform.com\/\",\"name\":\"peform\",\"description\":\"\",\"potentialAction\":[{\"@type\":\"SearchAction\",\"target\":{\"@type\":\"EntryPoint\",\"urlTemplate\":\"https:\/\/peform.com\/?s={search_term_string}\"},\"query-input\":{\"@type\":\"PropertyValueSpecification\",\"valueRequired\":true,\"valueName\":\"search_term_string\"}}],\"inLanguage\":\"de\"}]}<\/script>\n<!-- \/ Yoast SEO plugin. -->","yoast_head_json":{"title":"Umformtechnik - peform","robots":{"index":"index","follow":"follow","max-snippet":"max-snippet:-1","max-image-preview":"max-image-preview:large","max-video-preview":"max-video-preview:-1"},"canonical":"https:\/\/peform.com\/de\/fertigungskompetenz\/umformtechnik\/","og_locale":"de_DE","og_type":"article","og_title":"Umformtechnik - peform","og_url":"https:\/\/peform.com\/de\/fertigungskompetenz\/umformtechnik\/","og_site_name":"peform","article_modified_time":"2026-02-17T14:08:54+00:00","og_image":[{"width":1024,"height":682,"url":"https:\/\/peform.com\/wp-content\/uploads\/sites\/3\/2025\/02\/beinding-technology-1-1-1024x682.png","type":"image\/png"}],"twitter_card":"summary_large_image","twitter_misc":{"Gesch\u00e4tzte Lesezeit":"4\u00a0Minuten"},"schema":{"@context":"https:\/\/schema.org","@graph":[{"@type":"WebPage","@id":"https:\/\/peform.com\/de\/fertigungskompetenz\/umformtechnik\/","url":"https:\/\/peform.com\/de\/fertigungskompetenz\/umformtechnik\/","name":"Umformtechnik - peform","isPartOf":{"@id":"https:\/\/peform.com\/#website"},"primaryImageOfPage":{"@id":"https:\/\/peform.com\/de\/fertigungskompetenz\/umformtechnik\/#primaryimage"},"image":{"@id":"https:\/\/peform.com\/de\/fertigungskompetenz\/umformtechnik\/#primaryimage"},"thumbnailUrl":"https:\/\/peform.com\/wp-content\/uploads\/sites\/3\/2025\/02\/beinding-technology-1-1.png","datePublished":"2025-02-13T13:13:20+00:00","dateModified":"2026-02-17T14:08:54+00:00","breadcrumb":{"@id":"https:\/\/peform.com\/de\/fertigungskompetenz\/umformtechnik\/#breadcrumb"},"inLanguage":"de","potentialAction":[{"@type":"ReadAction","target":["https:\/\/peform.com\/de\/fertigungskompetenz\/umformtechnik\/"]}]},{"@type":"ImageObject","inLanguage":"de","@id":"https:\/\/peform.com\/de\/fertigungskompetenz\/umformtechnik\/#primaryimage","url":"https:\/\/peform.com\/wp-content\/uploads\/sites\/3\/2025\/02\/beinding-technology-1-1.png","contentUrl":"https:\/\/peform.com\/wp-content\/uploads\/sites\/3\/2025\/02\/beinding-technology-1-1.png","width":2000,"height":1333},{"@type":"BreadcrumbList","@id":"https:\/\/peform.com\/de\/fertigungskompetenz\/umformtechnik\/#breadcrumb","itemListElement":[{"@type":"ListItem","position":1,"name":"Home","item":"https:\/\/peform.com\/de\/"},{"@type":"ListItem","position":2,"name":"Fertigungskompetenz","item":"https:\/\/peform.com\/de\/fertigungskompetenz\/"},{"@type":"ListItem","position":3,"name":"Umformtechnik"}]},{"@type":"WebSite","@id":"https:\/\/peform.com\/#website","url":"https:\/\/peform.com\/","name":"peform","description":"","potentialAction":[{"@type":"SearchAction","target":{"@type":"EntryPoint","urlTemplate":"https:\/\/peform.com\/?s={search_term_string}"},"query-input":{"@type":"PropertyValueSpecification","valueRequired":true,"valueName":"search_term_string"}}],"inLanguage":"de"}]}},"_links":{"self":[{"href":"https:\/\/peform.com\/de\/wp-json\/wp\/v2\/pages\/1607","targetHints":{"allow":["GET"]}}],"collection":[{"href":"https:\/\/peform.com\/de\/wp-json\/wp\/v2\/pages"}],"about":[{"href":"https:\/\/peform.com\/de\/wp-json\/wp\/v2\/types\/page"}],"author":[{"embeddable":true,"href":"https:\/\/peform.com\/de\/wp-json\/wp\/v2\/users\/6"}],"replies":[{"embeddable":true,"href":"https:\/\/peform.com\/de\/wp-json\/wp\/v2\/comments?post=1607"}],"version-history":[{"count":4,"href":"https:\/\/peform.com\/de\/wp-json\/wp\/v2\/pages\/1607\/revisions"}],"predecessor-version":[{"id":2485,"href":"https:\/\/peform.com\/de\/wp-json\/wp\/v2\/pages\/1607\/revisions\/2485"}],"up":[{"embeddable":true,"href":"https:\/\/peform.com\/de\/wp-json\/wp\/v2\/pages\/1547"}],"wp:featuredmedia":[{"embeddable":true,"href":"https:\/\/peform.com\/de\/wp-json\/wp\/v2\/media\/415"}],"wp:attachment":[{"href":"https:\/\/peform.com\/de\/wp-json\/wp\/v2\/media?parent=1607"}],"wp:term":[{"taxonomy":"content-type","embeddable":true,"href":"https:\/\/peform.com\/de\/wp-json\/wp\/v2\/content-types?post=1607"}],"curies":[{"name":"wp","href":"https:\/\/api.w.org\/{rel}","templated":true}]}}