{"id":1595,"date":"2025-02-13T13:59:44","date_gmt":"2025-02-13T12:59:44","guid":{"rendered":"https:\/\/peform.com\/?page_id=1595"},"modified":"2026-02-18T10:40:21","modified_gmt":"2026-02-18T09:40:21","slug":"trenntechnik","status":"publish","type":"page","link":"https:\/\/peform.com\/de\/fertigungskompetenz\/trenntechnik\/","title":{"rendered":"Trenntechnik"},"content":{"rendered":"<div\n\tclass=\"scroll-my-24 mt-0 mb-0 pt-12 max-sm:pt-4 pb-12 max-sm:pb-4 w-full\"\n\t>\n\t<div class='breadcrumbs text-md\/5 flex flex-wrap items-baseline gap-x-1.5 gap-y-0.5 text-gray-700 mx-4 sm:mx-8 lg:mx-2'><a href='https:\/\/peform.com\/de\/' aria-label='Home link'>\n\t\t\t<svg xmlns='http:\/\/www.w3.org\/2000\/svg' width='12' height='12' viewBox='0 0 12 12' fill='none'><path d='M2 10.667h2v-4h4v4h2v-6l-4-3-4 3v6ZM.667 12V4L6 0l5.333 4v8H6.667V8H5.333v4H.667Z' fill='currentColor'\/><\/svg> <span><a href=\" https:\/\/peform.com\/de\/ \">Home<\/a><\/span>\n\t\t<\/a><\/div><\/div>\n\n<div\n\tclass=\"scroll-my-24 wrapper-contained mt-0 mb-4 pt-0 pb-0 w-full\"\n\t>\n\t<div class=\"grid grid-cols-12 gap-y-4 gap-x-4\" >\n\t\n<div class=\"flex flex-col col-start-3 max-sm:col-start-2 col-end-span-8 max-sm:col-end-span-10 row-end-span-1 justify-stretch h-full [&amp;&gt;*:only-child]:h-full items-stretch w-full [&amp;&gt;*:only-child]:w-full pl-0 pr-0 pt-0 pb-0 bg-gradient-to-r overflow-visible\" >\n\t\n<div\n\tclass=\"scroll-my-24 mt-0 mb-4 pt-8 pb-0 w-full\"\n\t>\n\t<h2\tdata-slug=\"\"\n\tclass=\"font-display text-balance font-synthesis-none scroll-m-20 flex items-start text-6xl md:text-7xl leading-tight text-center justify-center text-blue-900 [&amp;&gt;a]:text-blue-700\"\n>\n\t\t<span class=\"min-w-0 break-words hyphens-auto\">\n\t\tErreichen Sie unvergleichliche Pr\u00e4zision mit den Trennverfahren von peform.\t<\/span>\n<\/h2><\/div>\n\n<div\n\tclass=\"scroll-my-24 mt-0 mb-4 pt-0 pb-0 w-full\"\n\t>\n\t<p class=\"font-sans [&amp;&gt;a]:underline font-synthesis-none break-words hyphens-auto text-base leading-normal text-center text-blue-900 [&amp;&gt;a]:text-blue-700\">\n\tMithilfe fortschrittlicher mechanischer und thermischer Techniken bearbeiten wir unterschiedlichste Materialien mit au\u00dfergew\u00f6hnlicher Genauigkeit.<br><br>Dank eines vielseitigen Maschinenparks bieten wir kosteneffiziente, technologieoptimierte L\u00f6sungen f\u00fcr Stanzen, Laserschneiden, Plasmaschneiden, Wasserstrahlschneiden und Drahterodieren. Jedes Projekt profitiert von unserer Verpflichtung zu herausragender Qualit\u00e4t und ma\u00dfgeschneiderten L\u00f6sungen.<\/p><\/div>\n<\/div>\n<\/div><\/div>\n\n<div\n\tclass=\"scroll-my-24 wrapper-contained mt-0 mb-4 pt-20 pb-16 w-full\"\n\t>\n\t<div class=\"flex flex-col items-center sm:items-start justify-center sm:flex-row sm:flex-wrap sm:justify-between gap-y-6 sm:gap-y-10 *:min-w-24\">\n\t\n<div class=\"flex flex-col items-center justify-center text-center\" >\n\t\t\t<img\n\t\t\tsrc=\"https:\/\/peform.com\/wp-content\/uploads\/sites\/3\/2025\/02\/Peform-Icons_engineering-manufacturing.png\"\n\t\t\talt=\"\"\n\t\t\tclass=\"object-cover mb-5 mx-auto max-w-16 aspect-square\"\n\t\t\/>\n\t\t\n\t<p class=\"font-sans [&amp;&gt;a]:underline font-synthesis-none break-words hyphens-auto text-tiny lg:text-md leading-tight transition duration-300 max-w-52 w-max text-black group-hover:text-gray-800\">\n\tpeform hat sich zum Ziel gesetzt, neue Ma\u00dfst\u00e4be in der Konstruktion und Fertigung zu setzen.<\/p><\/div>\n\n<div class=\"flex flex-col items-center justify-center text-center\" >\n\t\t\t<img\n\t\t\tsrc=\"https:\/\/peform.com\/wp-content\/uploads\/sites\/3\/2025\/02\/dash-red.svg\"\n\t\t\talt=\"\"\n\t\t\tclass=\"object-cover mb-5 mx-auto max-w-16 aspect-square\"\n\t\t\/>\n\t\t\n\t<p\tdata-slug=\"\"\n\tclass=\"font-display text-balance font-synthesis-none scroll-m-20 flex items-start text-3xl md:text-4xl lg:text-5xl leading-normal transition duration-300 font-sans font-medium max-w-52 w-max text-white group-hover:text-blue-200\"\n>\n\t\t<span class=\"min-w-0 break-words hyphens-auto\">\n\t\t.\t<\/span>\n<\/p><\/div>\n\n<div class=\"flex flex-col items-center justify-center text-center\" >\n\t\t\t<img\n\t\t\tsrc=\"https:\/\/peform.com\/wp-content\/uploads\/sites\/3\/2025\/02\/Peform-Icons_people.png\"\n\t\t\talt=\"\"\n\t\t\tclass=\"object-cover mb-5 mx-auto max-w-16 aspect-square\"\n\t\t\/>\n\t\t\n\t<p class=\"font-sans [&amp;&gt;a]:underline font-synthesis-none break-words hyphens-auto text-tiny lg:text-md leading-tight transition duration-300 max-w-52 w-max text-black group-hover:text-gray-800\">\n\tpeform verpflichtet sich, einander mit Respekt zu begegnen.<\/p><\/div>\n\n<div class=\"flex flex-col items-center justify-center text-center\" >\n\t\t\t<img\n\t\t\tsrc=\"https:\/\/peform.com\/wp-content\/uploads\/sites\/3\/2025\/02\/dash-red.svg\"\n\t\t\talt=\"\"\n\t\t\tclass=\"object-cover mb-5 mx-auto max-w-16 aspect-square\"\n\t\t\/>\n\t\t\n\t<p\tdata-slug=\"\"\n\tclass=\"font-display text-balance font-synthesis-none scroll-m-20 flex items-start text-3xl md:text-4xl lg:text-5xl leading-normal transition duration-300 font-sans font-medium max-w-52 w-max text-white group-hover:text-blue-200\"\n>\n\t\t<span class=\"min-w-0 break-words hyphens-auto\">\n\t\t.\t<\/span>\n<\/p><\/div>\n\n<div class=\"flex flex-col items-center justify-center text-center\" >\n\t\t\t<img\n\t\t\tsrc=\"https:\/\/peform.com\/wp-content\/uploads\/sites\/3\/2025\/02\/Peform-Icons_sustainability.png\"\n\t\t\talt=\"\"\n\t\t\tclass=\"object-cover mb-5 mx-auto max-w-16 aspect-square\"\n\t\t\/>\n\t\t\n\t<p class=\"font-sans [&amp;&gt;a]:underline font-synthesis-none break-words hyphens-auto text-tiny lg:text-md leading-tight transition duration-300 max-w-52 w-max text-black group-hover:text-gray-800\">\n\tpeform leistet einen nachhaltigen Beitrag f\u00fcr zuk\u00fcnftige Generationen.<\/p><\/div>\n<\/div><\/div>\n\n<div\n\tclass=\"scroll-my-24 bg-gray-650 wrapper-contained-wide mt-0 mb-4 pt-16 pb-16 w-full\"\n\t>\n\t<div\n\tclass=\"scroll-my-24 mt-0 mb-4 pt-0 pb-0 w-full\"\n\t>\n\t<h2\tdata-slug=\"trenntechnik\"\n\tclass=\"font-display text-balance font-synthesis-none scroll-m-20 flex items-start text-3xl md:text-4xl lg:text-5xl leading-normal text-start justify-start text-white [&amp;&gt;a]:text-blue-700\"\n>\n\t\t\t<span class=\"mt-[0.35rem] [&amp;&gt;svg]:size-5\">\n\t\t\t<svg xmlns='http:\/\/www.w3.org\/2000\/svg' width='11' height='24' viewBox='0 0 11 24' fill='none'><path stroke='#E20031' stroke-width='3' d='m1.59 23.487 8-22' fill='none'\/><\/svg>\t\t<\/span>\n\n\t\t<span class=\"min-w-0 break-words hyphens-auto\">\n\t\tTrenntechnik\t<\/span>\n<\/h2><\/div>\n\n<div\n\tclass=\"scroll-my-24 mt-0 mb-0 pt-0 pb-0 w-full\"\n\t>\n\t<div class=\"grid grid-cols-3 max-sm:grid-cols-1 gap-x-4 auto-rows-fr\" >\n\t\n<div class=\"flex flex-col col-start-1 max-sm:col-start-1 col-end-span-1 max-sm:col-end-span-1 row-end-span-1 justify-stretch h-full [&amp;&gt;*:only-child]:h-full items-stretch w-full [&amp;&gt;*:only-child]:w-full pl-0 pr-0 pt-0 pb-0 bg-gradient-to-r overflow-visible\" >\n\t\n<div\n\tclass=\"scroll-my-24 mt-0 mb-4 pt-0 pb-0 w-full\"\n\t>\n\t<a class=\"grid grid-cols-1 grid-rows-1 w-full overflow-hidden group\" href=\"https:\/\/peform.com\/de\/fertigungskompetenz\/trenntechnik\/stanzen\/\">\n\t<picture\n\t\t\tclass=\"w-full h-full row-start-1 col-start-1 col-span-1 row-span-1 object-cover overflow-hidden !block\"\n\t>\n\t\t\t\t\t\t\t\n\t<img\n\t\tsrc=\"https:\/\/peform.com\/wp-content\/uploads\/sites\/3\/2025\/02\/stamping_peform-Brumov_4-Press-parts-P1110722-scaled.jpg\"\n\t\talt=\"\"\n\t\tclass=\"object-cover aspect-3\/2 object-center group-hover:scale-110 transition-transform duration-300\"\n\t\/>\n<\/picture>\n\t<div class=\"row-start-1 col-start-1 col-span-1 row-span-1 pt-4 md:pt-6 px-4 md:px-7 pb-6 md:pb-14 flex flex-col h-max z-10 bg-gradient-to-b from-black\/40 to-black\/0\">\n\t\t<button\tclass=\"font-sans transition duration-300 flex w-fit items-center focus-visible:ring focus:outline-none text-lg disabled:cursor-default [&amp;&gt;svg]:flex-none max-w-full leading-tight cursor-pointer [&amp;&gt;svg]:size-6 gap-3 text-left text-white hover:text-blue-200 button font-display text-white hover:!text-white font-bold text-left mb-2 !text-xl underline underline-offset-4 decoration-2\">\n\t\t\t<span class=\"min-w-0 break-words hyphens-auto\">Stanzen<\/span>\n\t\n\t<\/button>\t<\/div>\n<\/a><\/div>\n<\/div>\n\n<div class=\"flex flex-col col-start-2 max-sm:col-start-1 col-end-span-1 max-sm:col-end-span-1 row-end-span-1 justify-stretch h-full [&amp;&gt;*:only-child]:h-full items-stretch w-full [&amp;&gt;*:only-child]:w-full pl-0 pr-0 pt-0 pb-0 bg-gradient-to-r overflow-visible\" >\n\t\n<div\n\tclass=\"scroll-my-24 mt-0 mb-4 pt-0 pb-0 w-full\"\n\t>\n\t<a class=\"grid grid-cols-1 grid-rows-1 w-full overflow-hidden group\" href=\"https:\/\/peform.com\/de\/fertigungskompetenz\/trenntechnik\/laserstrahlschneiden\/\">\n\t<picture\n\t\t\tclass=\"w-full h-full row-start-1 col-start-1 col-span-1 row-span-1 object-cover overflow-hidden !block\"\n\t>\n\t\t\t\t\t\t\t\n\t<img\n\t\tsrc=\"https:\/\/peform.com\/wp-content\/uploads\/sites\/3\/2025\/02\/Automated-Cutting_Laser_Plasma-1-scaled.jpg\"\n\t\talt=\"\"\n\t\tclass=\"object-cover aspect-3\/2 object-top group-hover:scale-110 transition-transform duration-300\"\n\t\/>\n<\/picture>\n\t<div class=\"row-start-1 col-start-1 col-span-1 row-span-1 pt-4 md:pt-6 px-4 md:px-7 pb-6 md:pb-14 flex flex-col h-max z-10 bg-gradient-to-b from-black\/40 to-black\/0\">\n\t\t<button\tclass=\"font-sans transition duration-300 flex w-fit items-center focus-visible:ring focus:outline-none text-lg disabled:cursor-default [&amp;&gt;svg]:flex-none max-w-full leading-tight cursor-pointer [&amp;&gt;svg]:size-6 gap-3 text-left text-white hover:text-blue-200 button font-display text-white hover:!text-white font-bold text-left mb-2 !text-xl underline underline-offset-4 decoration-2\">\n\t\t\t<span class=\"min-w-0 break-words hyphens-auto\">Laserstrahlschneiden<\/span>\n\t\n\t<\/button>\t<\/div>\n<\/a><\/div>\n<\/div>\n\n<div class=\"flex flex-col col-start-3 max-sm:col-start-1 col-end-span-1 max-sm:col-end-span-1 row-end-span-1 justify-stretch h-full [&amp;&gt;*:only-child]:h-full items-stretch w-full [&amp;&gt;*:only-child]:w-full pl-0 pr-0 pt-0 pb-0 bg-gradient-to-r overflow-visible\" >\n\t\n<div\n\tclass=\"scroll-my-24 mt-0 mb-4 pt-0 pb-0 w-full\"\n\t>\n\t<a class=\"grid grid-cols-1 grid-rows-1 w-full overflow-hidden group\" href=\"https:\/\/peform.com\/de\/fertigungskompetenz\/trenntechnik\/wasserstrahlschneiden\/\">\n\t<picture\n\t\t\tclass=\"w-full h-full row-start-1 col-start-1 col-span-1 row-span-1 object-cover overflow-hidden !block\"\n\t>\n\t\t\t\t\t\t\t\n\t<img\n\t\tsrc=\"https:\/\/peform.com\/wp-content\/uploads\/sites\/3\/2025\/02\/Automated-water-jet-cutting-scaled.jpg\"\n\t\talt=\"\"\n\t\tclass=\"object-cover aspect-3\/2 object-center group-hover:scale-110 transition-transform duration-300\"\n\t\/>\n<\/picture>\n\t<div class=\"row-start-1 col-start-1 col-span-1 row-span-1 pt-4 md:pt-6 px-4 md:px-7 pb-6 md:pb-14 flex flex-col h-max z-10 bg-gradient-to-b from-black\/40 to-black\/0\">\n\t\t<button\tclass=\"font-sans transition duration-300 flex w-fit items-center focus-visible:ring focus:outline-none text-lg disabled:cursor-default [&amp;&gt;svg]:flex-none max-w-full leading-tight cursor-pointer [&amp;&gt;svg]:size-6 gap-3 text-left text-white hover:text-blue-200 button font-display text-white hover:!text-white font-bold text-left mb-2 !text-xl underline underline-offset-4 decoration-2\">\n\t\t\t<span class=\"min-w-0 break-words hyphens-auto\">Wasserstrahlschneiden<\/span>\n\t\n\t<\/button>\t<\/div>\n<\/a><\/div>\n<\/div>\n<\/div><\/div>\n\n<div\n\tclass=\"scroll-my-24 mt-0 mb-0 pt-0 pb-0 w-full\"\n\t>\n\t<div class=\"grid grid-cols-2 max-sm:grid-cols-1 gap-x-4 auto-rows-fr\" >\n\t\n<div class=\"flex flex-col col-start-1 max-sm:col-start-1 col-end-span-1 max-sm:col-end-span-1 row-end-span-1 justify-stretch h-full [&amp;&gt;*:only-child]:h-full items-stretch w-full [&amp;&gt;*:only-child]:w-full pl-0 pr-0 pt-0 pb-0 bg-gradient-to-r overflow-visible\" >\n\t\n<div\n\tclass=\"scroll-my-24 mt-0 mb-4 pt-0 pb-0 w-full\"\n\t>\n\t<a class=\"grid grid-cols-1 grid-rows-1 w-full overflow-hidden group\" href=\"https:\/\/peform.com\/de\/fertigungskompetenz\/trenntechnik\/drahterodieren\/\">\n\t<picture\n\t\t\tclass=\"w-full h-full row-start-1 col-start-1 col-span-1 row-span-1 object-cover overflow-hidden !block\"\n\t>\n\t\t\t\t\t\t\t\n\t<img\n\t\tsrc=\"https:\/\/peform.com\/wp-content\/uploads\/sites\/3\/2025\/02\/Automated-Cutting_wire-eroding-scaled.jpg\"\n\t\talt=\"\"\n\t\tclass=\"object-cover aspect-21\/9 object-center group-hover:scale-110 transition-transform duration-300\"\n\t\/>\n<\/picture>\n\t<div class=\"row-start-1 col-start-1 col-span-1 row-span-1 pt-4 md:pt-6 px-4 md:px-7 pb-6 md:pb-14 flex flex-col h-max z-10 bg-gradient-to-b from-black\/40 to-black\/0\">\n\t\t<button\tclass=\"font-sans transition duration-300 flex w-fit items-center focus-visible:ring focus:outline-none text-lg disabled:cursor-default [&amp;&gt;svg]:flex-none max-w-full leading-tight cursor-pointer [&amp;&gt;svg]:size-6 gap-3 text-left text-white hover:text-blue-200 button font-display text-white hover:!text-white font-bold text-left mb-2 !text-xl underline underline-offset-4 decoration-2\">\n\t\t\t<span class=\"min-w-0 break-words hyphens-auto\">Drahterodieren<\/span>\n\t\n\t<\/button>\t<\/div>\n<\/a><\/div>\n<\/div>\n\n<div class=\"flex flex-col col-start-2 max-sm:col-start-1 col-end-span-1 max-sm:col-end-span-1 row-end-span-1 justify-stretch h-full [&amp;&gt;*:only-child]:h-full items-stretch w-full [&amp;&gt;*:only-child]:w-full pl-0 pr-0 pt-0 pb-0 bg-gradient-to-r overflow-visible\" >\n\t\n<div\n\tclass=\"scroll-my-24 mt-0 mb-4 pt-0 pb-0 w-full\"\n\t>\n\t<a class=\"grid grid-cols-1 grid-rows-1 w-full overflow-hidden group\" href=\"https:\/\/peform.com\/de\/standorte\/\">\n\t<picture\n\t\t\tclass=\"w-full h-full row-start-1 col-start-1 col-span-1 row-span-1 object-cover overflow-hidden !block\"\n\t>\n\t\t\t\t\t\t\t\n\t<img\n\t\tsrc=\"https:\/\/peform.com\/wp-content\/uploads\/sites\/3\/2025\/02\/working_at_peform2.jpg\"\n\t\talt=\"\"\n\t\tclass=\"object-cover aspect-21\/9 object-bottom group-hover:scale-110 transition-transform duration-300\"\n\t\/>\n<\/picture>\n\t<div class=\"row-start-1 col-start-1 col-span-1 row-span-1 pt-4 md:pt-6 px-4 md:px-7 pb-6 md:pb-14 flex flex-col h-max z-10 bg-gradient-to-b from-black\/40 to-black\/0\">\n\t\t<button\tclass=\"font-sans transition duration-300 flex w-fit items-center focus-visible:ring focus:outline-none text-lg disabled:cursor-default [&amp;&gt;svg]:flex-none max-w-full leading-tight cursor-pointer [&amp;&gt;svg]:size-6 gap-3 text-left text-white hover:text-blue-200 button font-display text-white hover:!text-white font-bold text-left mb-2 !text-xl underline underline-offset-4 decoration-2\">\n\t\t\t<span class=\"min-w-0 break-words hyphens-auto\">Services<\/span>\n\t\n\t<\/button>\t<\/div>\n<\/a><\/div>\n<\/div>\n<\/div><\/div><\/div>\n\n<div\n\tclass=\"scroll-my-24 wrapper-contained mt-0 mb-4 pt-20 pb-20 w-full\"\n\t>\n\t<div class=\"flex flex-col flex-wrap justify-center max-w-2xl px-4 py-8 mx-auto gap-y-5 items-center text-center text-blue-900\">\n\t<h2\tdata-slug=\"sind-sie-interessiert\"\n\tclass=\"font-display text-balance font-synthesis-none scroll-m-20 flex items-start text-7xl md:text-8xl leading-[1.125]\"\n>\n\t\t<span class=\"min-w-0 break-words hyphens-auto\">\n\t\tSind Sie interessiert?\t<\/span>\n<\/h2><p class=\"font-sans [&amp;&gt;a]:underline font-synthesis-none break-words hyphens-auto text-xl md:text-2xl leading-normal\">\n\tUnsere Expert:innen bieten Ihnen gerne pr\u00e4zise L\u00f6sungen an.<\/p><a\thref=\"https:\/\/peform.com\/de\/kontaktformular\/\"class=\"font-sans transition duration-300 flex w-fit items-center focus-visible:ring focus:outline-none text-lg disabled:cursor-default [&amp;&gt;svg]:flex-none max-w-full px-8 border [&amp;&gt;svg]:size-5 gap-2 py-2 rounded-sm text-white bg-red-700 border-red-700 hover:bg-red-800 hover:border-red-800 disabled:bg-gray-300 disabled:border-gray-300 focus-visible:ring-red-500\/30 button mt-2\">\n\t\t\t<span class=\"min-w-0 break-words hyphens-auto\">Kontaktieren Sie uns<\/span>\n\t\n\t<\/a><\/div><\/div>","protected":false},"excerpt":{"rendered":"","protected":false},"author":6,"featured_media":330,"parent":1547,"menu_order":0,"comment_status":"closed","ping_status":"closed","template":"","meta":{"footnotes":""},"content-types":[48],"class_list":["post-1595","page","type-page","status-publish","has-post-thumbnail","hentry","content-type-manufacturing-de"],"yoast_head":"<!-- This site is optimized with the Yoast SEO plugin v27.2 - https:\/\/yoast.com\/product\/yoast-seo-wordpress\/ -->\n<title>Trenntechnik - peform<\/title>\n<meta name=\"robots\" content=\"index, follow, max-snippet:-1, max-image-preview:large, max-video-preview:-1\" \/>\n<link rel=\"canonical\" href=\"https:\/\/peform.com\/de\/fertigungskompetenz\/trenntechnik\/\" \/>\n<meta property=\"og:locale\" content=\"de_DE\" \/>\n<meta property=\"og:type\" content=\"article\" \/>\n<meta property=\"og:title\" content=\"Trenntechnik - peform\" \/>\n<meta property=\"og:url\" content=\"https:\/\/peform.com\/de\/fertigungskompetenz\/trenntechnik\/\" \/>\n<meta property=\"og:site_name\" content=\"peform\" \/>\n<meta property=\"article:modified_time\" content=\"2026-02-18T09:40:21+00:00\" \/>\n<meta property=\"og:image\" content=\"https:\/\/peform.com\/wp-content\/uploads\/sites\/3\/2025\/02\/Automated-Cutting_Laser_Plasma_2-scaled.jpg\" \/>\n\t<meta property=\"og:image:width\" content=\"2560\" \/>\n\t<meta property=\"og:image:height\" content=\"1860\" \/>\n\t<meta property=\"og:image:type\" content=\"image\/jpeg\" \/>\n<meta name=\"twitter:card\" content=\"summary_large_image\" \/>\n<meta name=\"twitter:label1\" content=\"Gesch\u00e4tzte Lesezeit\" \/>\n\t<meta name=\"twitter:data1\" content=\"4\u00a0Minuten\" \/>\n<script type=\"application\/ld+json\" class=\"yoast-schema-graph\">{\"@context\":\"https:\/\/schema.org\",\"@graph\":[{\"@type\":\"WebPage\",\"@id\":\"https:\/\/peform.com\/de\/fertigungskompetenz\/trenntechnik\/\",\"url\":\"https:\/\/peform.com\/de\/fertigungskompetenz\/trenntechnik\/\",\"name\":\"Trenntechnik - peform\",\"isPartOf\":{\"@id\":\"https:\/\/peform.com\/#website\"},\"primaryImageOfPage\":{\"@id\":\"https:\/\/peform.com\/de\/fertigungskompetenz\/trenntechnik\/#primaryimage\"},\"image\":{\"@id\":\"https:\/\/peform.com\/de\/fertigungskompetenz\/trenntechnik\/#primaryimage\"},\"thumbnailUrl\":\"https:\/\/peform.com\/wp-content\/uploads\/sites\/3\/2025\/02\/Automated-Cutting_Laser_Plasma_2-scaled.jpg\",\"datePublished\":\"2025-02-13T12:59:44+00:00\",\"dateModified\":\"2026-02-18T09:40:21+00:00\",\"breadcrumb\":{\"@id\":\"https:\/\/peform.com\/de\/fertigungskompetenz\/trenntechnik\/#breadcrumb\"},\"inLanguage\":\"de\",\"potentialAction\":[{\"@type\":\"ReadAction\",\"target\":[\"https:\/\/peform.com\/de\/fertigungskompetenz\/trenntechnik\/\"]}]},{\"@type\":\"ImageObject\",\"inLanguage\":\"de\",\"@id\":\"https:\/\/peform.com\/de\/fertigungskompetenz\/trenntechnik\/#primaryimage\",\"url\":\"https:\/\/peform.com\/wp-content\/uploads\/sites\/3\/2025\/02\/Automated-Cutting_Laser_Plasma_2-scaled.jpg\",\"contentUrl\":\"https:\/\/peform.com\/wp-content\/uploads\/sites\/3\/2025\/02\/Automated-Cutting_Laser_Plasma_2-scaled.jpg\",\"width\":2560,\"height\":1860,\"caption\":\"xr:d:DAFzeaDdKGE:24,j:4123454219744398730,t:23111012\"},{\"@type\":\"BreadcrumbList\",\"@id\":\"https:\/\/peform.com\/de\/fertigungskompetenz\/trenntechnik\/#breadcrumb\",\"itemListElement\":[{\"@type\":\"ListItem\",\"position\":1,\"name\":\"Home\",\"item\":\"https:\/\/peform.com\/de\/\"},{\"@type\":\"ListItem\",\"position\":2,\"name\":\"Fertigungskompetenz\",\"item\":\"https:\/\/peform.com\/de\/fertigungskompetenz\/\"},{\"@type\":\"ListItem\",\"position\":3,\"name\":\"Trenntechnik\"}]},{\"@type\":\"WebSite\",\"@id\":\"https:\/\/peform.com\/#website\",\"url\":\"https:\/\/peform.com\/\",\"name\":\"peform\",\"description\":\"\",\"potentialAction\":[{\"@type\":\"SearchAction\",\"target\":{\"@type\":\"EntryPoint\",\"urlTemplate\":\"https:\/\/peform.com\/?s={search_term_string}\"},\"query-input\":{\"@type\":\"PropertyValueSpecification\",\"valueRequired\":true,\"valueName\":\"search_term_string\"}}],\"inLanguage\":\"de\"}]}<\/script>\n<!-- \/ Yoast SEO plugin. -->","yoast_head_json":{"title":"Trenntechnik - peform","robots":{"index":"index","follow":"follow","max-snippet":"max-snippet:-1","max-image-preview":"max-image-preview:large","max-video-preview":"max-video-preview:-1"},"canonical":"https:\/\/peform.com\/de\/fertigungskompetenz\/trenntechnik\/","og_locale":"de_DE","og_type":"article","og_title":"Trenntechnik - peform","og_url":"https:\/\/peform.com\/de\/fertigungskompetenz\/trenntechnik\/","og_site_name":"peform","article_modified_time":"2026-02-18T09:40:21+00:00","og_image":[{"width":2560,"height":1860,"url":"https:\/\/peform.com\/wp-content\/uploads\/sites\/3\/2025\/02\/Automated-Cutting_Laser_Plasma_2-scaled.jpg","type":"image\/jpeg"}],"twitter_card":"summary_large_image","twitter_misc":{"Gesch\u00e4tzte Lesezeit":"4\u00a0Minuten"},"schema":{"@context":"https:\/\/schema.org","@graph":[{"@type":"WebPage","@id":"https:\/\/peform.com\/de\/fertigungskompetenz\/trenntechnik\/","url":"https:\/\/peform.com\/de\/fertigungskompetenz\/trenntechnik\/","name":"Trenntechnik - peform","isPartOf":{"@id":"https:\/\/peform.com\/#website"},"primaryImageOfPage":{"@id":"https:\/\/peform.com\/de\/fertigungskompetenz\/trenntechnik\/#primaryimage"},"image":{"@id":"https:\/\/peform.com\/de\/fertigungskompetenz\/trenntechnik\/#primaryimage"},"thumbnailUrl":"https:\/\/peform.com\/wp-content\/uploads\/sites\/3\/2025\/02\/Automated-Cutting_Laser_Plasma_2-scaled.jpg","datePublished":"2025-02-13T12:59:44+00:00","dateModified":"2026-02-18T09:40:21+00:00","breadcrumb":{"@id":"https:\/\/peform.com\/de\/fertigungskompetenz\/trenntechnik\/#breadcrumb"},"inLanguage":"de","potentialAction":[{"@type":"ReadAction","target":["https:\/\/peform.com\/de\/fertigungskompetenz\/trenntechnik\/"]}]},{"@type":"ImageObject","inLanguage":"de","@id":"https:\/\/peform.com\/de\/fertigungskompetenz\/trenntechnik\/#primaryimage","url":"https:\/\/peform.com\/wp-content\/uploads\/sites\/3\/2025\/02\/Automated-Cutting_Laser_Plasma_2-scaled.jpg","contentUrl":"https:\/\/peform.com\/wp-content\/uploads\/sites\/3\/2025\/02\/Automated-Cutting_Laser_Plasma_2-scaled.jpg","width":2560,"height":1860,"caption":"xr:d:DAFzeaDdKGE:24,j:4123454219744398730,t:23111012"},{"@type":"BreadcrumbList","@id":"https:\/\/peform.com\/de\/fertigungskompetenz\/trenntechnik\/#breadcrumb","itemListElement":[{"@type":"ListItem","position":1,"name":"Home","item":"https:\/\/peform.com\/de\/"},{"@type":"ListItem","position":2,"name":"Fertigungskompetenz","item":"https:\/\/peform.com\/de\/fertigungskompetenz\/"},{"@type":"ListItem","position":3,"name":"Trenntechnik"}]},{"@type":"WebSite","@id":"https:\/\/peform.com\/#website","url":"https:\/\/peform.com\/","name":"peform","description":"","potentialAction":[{"@type":"SearchAction","target":{"@type":"EntryPoint","urlTemplate":"https:\/\/peform.com\/?s={search_term_string}"},"query-input":{"@type":"PropertyValueSpecification","valueRequired":true,"valueName":"search_term_string"}}],"inLanguage":"de"}]}},"_links":{"self":[{"href":"https:\/\/peform.com\/de\/wp-json\/wp\/v2\/pages\/1595","targetHints":{"allow":["GET"]}}],"collection":[{"href":"https:\/\/peform.com\/de\/wp-json\/wp\/v2\/pages"}],"about":[{"href":"https:\/\/peform.com\/de\/wp-json\/wp\/v2\/types\/page"}],"author":[{"embeddable":true,"href":"https:\/\/peform.com\/de\/wp-json\/wp\/v2\/users\/6"}],"replies":[{"embeddable":true,"href":"https:\/\/peform.com\/de\/wp-json\/wp\/v2\/comments?post=1595"}],"version-history":[{"count":6,"href":"https:\/\/peform.com\/de\/wp-json\/wp\/v2\/pages\/1595\/revisions"}],"predecessor-version":[{"id":2511,"href":"https:\/\/peform.com\/de\/wp-json\/wp\/v2\/pages\/1595\/revisions\/2511"}],"up":[{"embeddable":true,"href":"https:\/\/peform.com\/de\/wp-json\/wp\/v2\/pages\/1547"}],"wp:featuredmedia":[{"embeddable":true,"href":"https:\/\/peform.com\/de\/wp-json\/wp\/v2\/media\/330"}],"wp:attachment":[{"href":"https:\/\/peform.com\/de\/wp-json\/wp\/v2\/media?parent=1595"}],"wp:term":[{"taxonomy":"content-type","embeddable":true,"href":"https:\/\/peform.com\/de\/wp-json\/wp\/v2\/content-types?post=1595"}],"curies":[{"name":"wp","href":"https:\/\/api.w.org\/{rel}","templated":true}]}}