{"id":1531,"date":"2025-02-13T11:48:41","date_gmt":"2025-02-13T10:48:41","guid":{"rendered":"https:\/\/peform.com\/?page_id=1531"},"modified":"2026-02-17T13:53:38","modified_gmt":"2026-02-17T12:53:38","slug":"nachhaltigkeit","status":"publish","type":"page","link":"https:\/\/peform.com\/de\/ueber-uns\/nachhaltigkeit\/","title":{"rendered":"Nachhaltigkeit"},"content":{"rendered":"<div\n\tclass=\"scroll-my-24 wrapper-full mt-0 mb-4 pt-0 pb-0 w-full\"\n\t>\n\t<div class=\"flex flex-col sm:grid sm:grid-rows-1 grid-cols-1 sm:grid-cols-12 relative group\">\n\t\t<div class=\"px-4 sm:px-10 pb-8 sm:pb-12 pt-3 z-10 bg-blue-900 [.group:not(:has(.breadcrumbs))_&amp;]:pt-8 grid sm:flex sm:flex-col order-2 sm:order-none sm:justify-end items-start grid-rows-1 sm:grid-cols-4 row-start-1 col-start-1 sm:row-start-1 sm:col-start-1 md:col-start-1 sm:col-span-9 md:col-span-6 bg-opacity-100 sm:cut-off-content-secondary-sm md:cut-off-content-secondary-md\">\n\t\t<div class='breadcrumbs text-md\/5 flex flex-wrap items-baseline gap-x-1.5 gap-y-0.5 text-gray-300 mt-4 mb-8 sm:mb-auto sm:mt-4 col-span-4'><a href='https:\/\/peform.com\/de\/' aria-label='Home link'>\n\t\t\t<svg xmlns='http:\/\/www.w3.org\/2000\/svg' width='12' height='12' viewBox='0 0 12 12' fill='none'><path d='M2 10.667h2v-4h4v4h2v-6l-4-3-4 3v6ZM.667 12V4L6 0l5.333 4v8H6.667V8H5.333v4H.667Z' fill='currentColor'\/><\/svg> <span><a href=\" https:\/\/peform.com\/de\/ \">Home<\/a><\/span>\n\t\t<\/a><\/div><h2\tdata-slug=\"xn-co2-neutralitt-als-ziel-77b\"\n\tclass=\"font-display text-balance font-synthesis-none scroll-m-20 flex items-start text-7xl md:text-8xl leading-[1.125] col-start-1 col-span-3 text-white sm:max-w-[70%]\"\n>\n\t\t<span class=\"min-w-0 break-words hyphens-auto\">\n\t\tCO\u2082-Neutralit\u00e4t als Ziel\t<\/span>\n<\/h2><p class=\"font-sans [&amp;&gt;a]:underline font-synthesis-none break-words hyphens-auto text-3xl md:text-4xl lg:text-5xl leading-normal sm:mb-2 col-start-1 col-span-3 text-gray-300 sm:max-w-[70%]\">\n\tNachhaltigkeit bei peform<\/p>\t<\/div>\n\n\t<div class=\"z-20 absolute justify-center items-center [.group:not(:has(.breadcrumbs))_&amp;]:mt-8 w-8 h-16 sm:w-12 sm:h-24 md:size-auto hidden sm:flex sm:bottom-[1%] sm:left-[53.6%] md:bottom-[6%] md:left-[36.1%] xl:left-[36.35%]\">\n\t\t<svg xmlns='http:\/\/www.w3.org\/2000\/svg' width='101' height='218' viewBox='0 0 101 218' fill='none'><path d='M100.33 0 19.784 218H0L80.545 0h19.785Z' fill='#E00832'\/><\/svg>\t<\/div>\n\t<picture\n\t\t\tclass=\"mb-0 row-start-1 col-start-1 z-0 sm:col-start-6 sm:col-span-7 md:col-start-5 md:col-span-8\"\n\t>\n\t\t\t\t\t\t\t\n\t<img\n\t\tsrc=\"https:\/\/peform.com\/wp-content\/uploads\/sites\/3\/2025\/02\/header_peform_Sustainability2.jpg\"\n\t\talt=\"\"\n\t\tclass=\"object-cover object-center row-start-1 col-start-1 z-0 block sm:aspect-16\/9 sm:cut-off-media-1\"\n\t\/>\n<\/picture><\/div><\/div>\n\n<div\n\tclass=\"scroll-my-24 wrapper-contained-wide mt-0 mb-4 pt-16 pb-0 w-full\"\n\t>\n\t<div class=\"grid grid-cols-12 gap-y-4 gap-x-8\" >\n\t\n<div class=\"flex flex-col col-start-1 max-sm:col-start-2 col-end-span-4 max-sm:col-end-span-10 row-end-span-1 justify-stretch h-full [&amp;&gt;*:only-child]:h-full items-stretch w-full [&amp;&gt;*:only-child]:w-full pl-0 pr-0 pt-0 pb-0 bg-gradient-to-r overflow-visible\" >\n\t\n<div\n\tclass=\"scroll-my-24 mt-0 mb-4 pt-12 pb-12 w-full\"\n\t>\n\t<div\n\tclass=\"flex flex-col flex-wrap items-center text-center gap-2 js-animated-number\"\n\tdata-duration=\"5\"\n>\n\t<p\tdata-slug=\"co2-vermeidung-in-tonnen\"\n\tclass=\"font-display text-balance font-synthesis-none scroll-m-20 flex items-start text-3xl md:text-4xl lg:text-5xl leading-normal font-normal font-sans text-blue-900\"\n>\n\t\t<span class=\"min-w-0 break-words hyphens-auto\">\n\t\t CO\u2082-Vermeidung in Tonnen:\t<\/span>\n<\/p><p\tdata-slug=\"273\"\n\tclass=\"font-display text-balance font-synthesis-none scroll-m-20 flex items-start text-11xl md:text-12xl lg:text-13xl leading-none text-blue-900 js-animated-number-number\"\n>\n\t\t<span class=\"min-w-0 break-words hyphens-auto\">\n\t\t273\t<\/span>\n<\/p><p\tdata-slug=\"durch-die-nutzung-erneuerbarer-energien\"\n\tclass=\"font-display text-balance font-synthesis-none scroll-m-20 flex items-start text-xl md:text-2xl lg:text-lg leading-normal font-normal font-sans text-blue-900\"\n>\n\t\t<span class=\"min-w-0 break-words hyphens-auto\">\n\t\tdurch die Nutzung erneuerbarer Energien\t<\/span>\n<\/p><\/div><\/div>\n<\/div>\n\n<div class=\"flex flex-col col-start-5 max-sm:col-start-2 col-end-span-4 max-sm:col-end-span-10 row-end-span-1 justify-stretch h-full [&amp;&gt;*:only-child]:h-full items-stretch w-full [&amp;&gt;*:only-child]:w-full pl-0 pr-0 pt-0 pb-0 bg-gradient-to-r overflow-visible\" >\n\t\n<div\n\tclass=\"scroll-my-24 mt-0 mb-4 pt-12 pb-12 w-full\"\n\t>\n\t<div\n\tclass=\"flex flex-col flex-wrap items-center text-center gap-2 js-animated-number\"\n\tdata-duration=\"5\"\n>\n\t<p\tdata-slug=\"recycling-von-abfall\"\n\tclass=\"font-display text-balance font-synthesis-none scroll-m-20 flex items-start text-3xl md:text-4xl lg:text-5xl leading-normal font-normal font-sans text-blue-900\"\n>\n\t\t<span class=\"min-w-0 break-words hyphens-auto\">\n\t\tRecycling von Abfall:\t<\/span>\n<\/p><p\tdata-slug=\"91\"\n\tclass=\"font-display text-balance font-synthesis-none scroll-m-20 flex items-start text-11xl md:text-12xl lg:text-13xl leading-none text-blue-900 js-animated-number-number\"\n>\n\t\t<span class=\"min-w-0 break-words hyphens-auto\">\n\t\t91% \t<\/span>\n<\/p><p\tdata-slug=\"durch-verantwortungsbewusste-produktion\"\n\tclass=\"font-display text-balance font-synthesis-none scroll-m-20 flex items-start text-xl md:text-2xl lg:text-lg leading-normal font-normal font-sans text-blue-900\"\n>\n\t\t<span class=\"min-w-0 break-words hyphens-auto\">\n\t\tdurch verantwortungsbewusste Produktion\t<\/span>\n<\/p><\/div><\/div>\n<\/div>\n\n<div class=\"flex flex-col col-start-9 max-sm:col-start-2 col-end-span-4 max-sm:col-end-span-10 row-end-span-1 justify-stretch h-full [&amp;&gt;*:only-child]:h-full items-stretch w-full [&amp;&gt;*:only-child]:w-full pl-0 pr-0 pt-0 pb-0 bg-gradient-to-r overflow-visible\" >\n\t\n<div\n\tclass=\"scroll-my-24 mt-0 mb-4 pt-12 pb-12 w-full\"\n\t>\n\t<div\n\tclass=\"flex flex-col flex-wrap items-center text-center gap-2 js-animated-number\"\n\tdata-duration=\"5\"\n>\n\t<p\tdata-slug=\"erneuerbare-energie\"\n\tclass=\"font-display text-balance font-synthesis-none scroll-m-20 flex items-start text-3xl md:text-4xl lg:text-5xl leading-normal font-normal font-sans text-blue-900\"\n>\n\t\t<span class=\"min-w-0 break-words hyphens-auto\">\n\t\tErneuerbare Energie:\t<\/span>\n<\/p><p\tdata-slug=\"15\"\n\tclass=\"font-display text-balance font-synthesis-none scroll-m-20 flex items-start text-11xl md:text-12xl lg:text-13xl leading-none text-blue-900 js-animated-number-number\"\n>\n\t\t<span class=\"min-w-0 break-words hyphens-auto\">\n\t\t15%\t<\/span>\n<\/p><p\tdata-slug=\"gekauft-und-selbst-erzeugt\"\n\tclass=\"font-display text-balance font-synthesis-none scroll-m-20 flex items-start text-xl md:text-2xl lg:text-lg leading-normal font-normal font-sans text-blue-900\"\n>\n\t\t<span class=\"min-w-0 break-words hyphens-auto\">\n\t\tgekauft und selbst erzeugt\t<\/span>\n<\/p><\/div><\/div>\n<\/div>\n<\/div><\/div>\n\n<div\n\tclass=\"scroll-my-24 wrapper-contained mt-0 mb-4 pt-16 pb-0 w-full\"\n\t>\n\t<div class=\"grid grid-cols-8 sm:grid-cols-5 sm:gap-14\">\n\t<picture\n\t\t\tclass=\"col-span-full sm:order-2 sm:cut-off-left sm:col-span-3\"\n\t>\n\t\t\t\t\t\t\t\n\t<img\n\t\tsrc=\"https:\/\/peform.com\/wp-content\/uploads\/sites\/3\/2025\/02\/peform_forging_NIVE4452-scaled.jpg\"\n\t\talt=\"\"\n\t\tclass=\"object-cover object-center\"\n\t\/>\n<\/picture>\n\t<div class=\"col-span-8 mt-8 sm:mt-0 flex flex-col flex-wrap justify-center sm:col-span-2\">\n\t\t\n<div\n\tclass=\"scroll-my-24 mt-0 mb-4 pt-0 pb-0 w-full\"\n\t>\n\t<h2\tdata-slug=\"ausrichtung-an-globalen-standards\"\n\tclass=\"font-display text-balance font-synthesis-none scroll-m-20 flex items-start text-6xl md:text-7xl leading-tight text-start justify-start text-blue-900 [&amp;&gt;a]:text-blue-700\"\n>\n\t\t<span class=\"min-w-0 break-words hyphens-auto\">\n\t\t<strong>Ausrichtung an globalen Standards<\/strong>\t<\/span>\n<\/h2><\/div>\n\n<div\n\tclass=\"scroll-my-24 mt-0 mb-4 pt-0 pb-0 w-full\"\n\t>\n\t<p class=\"font-sans [&amp;&gt;a]:underline font-synthesis-none break-words hyphens-auto text-base leading-normal text-start text-blue-900 [&amp;&gt;a]:text-blue-700\">\n\tAls Teil der pewag Gruppe richtet peform seine Nachhaltigkeitsbem\u00fchungen an den Zielen der Vereinten Nationen f\u00fcr nachhaltige Entwicklung (SDGs), dem Pariser Abkommen und dem Europ\u00e4ischen Klimagesetz aus. Unsere Betriebe sind nach den Normen ISO 9001, 14001 und 50001 zertifiziert, wodurch h\u00f6chste Standards in den Bereichen Qualit\u00e4t, Umwelt und Energiemanagement gew\u00e4hrleistet sind.<\/p><\/div>\n\t<\/div>\n<\/div><\/div>\n\n<div\n\tclass=\"scroll-my-24 wrapper-contained mt-0 mb-4 pt-16 pb-0 w-full\"\n\t>\n\t<div class=\"grid grid-cols-8 sm:grid-cols-5 sm:gap-14\">\n\t<picture\n\t\t\tclass=\"col-span-full sm:cut-off-right sm:col-span-3\"\n\t>\n\t\t\t\t\t\t\t\n\t<img\n\t\tsrc=\"https:\/\/peform.com\/wp-content\/uploads\/sites\/3\/2025\/02\/peform_Chrudim_ISO-Certificates_1727262387556-scaled.jpg\"\n\t\talt=\"\"\n\t\tclass=\"object-cover object-center\"\n\t\/>\n<\/picture>\n\t<div class=\"col-span-8 mt-8 sm:mt-0 flex flex-col flex-wrap justify-center sm:col-span-2\">\n\t\t\n<div\n\tclass=\"scroll-my-24 mt-0 mb-4 pt-0 pb-0 w-full\"\n\t>\n\t<h2\tdata-slug=\"unser-weg-zu-einer-co2-neutralen-produktion\"\n\tclass=\"font-display text-balance font-synthesis-none scroll-m-20 flex items-start text-6xl md:text-7xl leading-tight text-start justify-start text-blue-900 [&amp;&gt;a]:text-blue-700\"\n>\n\t\t<span class=\"min-w-0 break-words hyphens-auto\">\n\t\t<strong>Unser Weg zu einer CO\u2082-neutralen Produktion<\/strong>\t<\/span>\n<\/h2><\/div>\n\n<div\n\tclass=\"scroll-my-24 mt-0 mb-4 pt-0 pb-0 w-full\"\n\t>\n\t<p class=\"font-sans [&amp;&gt;a]:underline font-synthesis-none break-words hyphens-auto text-base leading-normal text-start text-blue-900 [&amp;&gt;a]:text-blue-700\">\n\tWir haben uns verpflichtet, bis 2030 eine CO2-neutrale Produktion zu erreichen. Um dieses Ziel zu erreichen, verbessern wir kontinuierlich die Energieeffizienz und investieren in erneuerbare Energiequellen, darunter Photovoltaikanlagen, ein Wasserkraftwerk und ein Biomasse-Heizkraftwerk. Die Dekarbonisierung unserer Fahrzeugflotte ist eine weitere wichtige Initiative zur Reduzierung der Emissionen in unseren Betrieben.<\/p><\/div>\n\t<\/div>\n<\/div><\/div>\n\n<div class=\"h-20\"><\/div>\n\n<div\n\tclass=\"scroll-my-24 wrapper-contained mt-0 mb-4 pt-0 pb-0 w-full\"\n\t>\n\t<h2\tdata-slug=\"\"\n\tclass=\"font-display text-balance font-synthesis-none scroll-m-20 flex items-start text-6xl md:text-7xl leading-tight text-start justify-start text-blue-900 [&amp;&gt;a]:text-blue-700\"\n>\n\t\t<span class=\"min-w-0 break-words hyphens-auto\">\n\t\tErfahren Sie mehr \u00fcber unsere Nachhaltigkeitsbem\u00fchungen:\t<\/span>\n<\/h2><\/div>\n\n<div\n\tclass=\"scroll-my-24 wrapper-contained mt-0 mb-4 pt-0 pb-0 w-full\"\n\t>\n\t<a\thref=\"https:\/\/www.pewag-group.com\/de\/unternehmen\/nachhaltigkeit\/\"target=\"_blank\"rel=\"noopener noreferrer\"class=\"font-sans transition duration-300 flex w-fit items-center focus-visible:ring focus:outline-none text-lg disabled:cursor-default [&amp;&gt;svg]:flex-none max-w-full leading-tight cursor-pointer [&amp;&gt;svg]:size-6 gap-3 text-left text-red-700 hover:text-red-800 button\">\n\t\t\t<span class=\"min-w-0 break-words hyphens-auto\">Nachhaltigkeit in der pewag group<\/span>\n\t\n\t<svg xmlns='http:\/\/www.w3.org\/2000\/svg' width='33' height='21' viewBox='0 0 33 21' fill='none'><path d='M23.813 1 30 8H10' stroke='#E20031' stroke-width='2.4' fill='none'\/><path d='m14.464 20 6.445-7H0' stroke='#003964' stroke-width='2.4' fill='none'\/><\/svg><\/a><\/div>\n\n<div class=\"h-4\"><\/div>\n\n<div class=\"h-20\"><\/div>\n\n<div\n\tclass=\"scroll-my-24 wrapper-contained mt-0 mb-4 pt-0 pb-0 w-full\"\n\t>\n\t<\/div>","protected":false},"excerpt":{"rendered":"","protected":false},"author":6,"featured_media":197,"parent":1534,"menu_order":0,"comment_status":"closed","ping_status":"closed","template":"","meta":{"footnotes":""},"content-types":[46],"class_list":["post-1531","page","type-page","status-publish","has-post-thumbnail","hentry","content-type-about-peform-de"],"yoast_head":"<!-- This site is optimized with the Yoast SEO plugin v27.2 - https:\/\/yoast.com\/product\/yoast-seo-wordpress\/ -->\n<title>Nachhaltigkeit - peform<\/title>\n<meta name=\"robots\" content=\"index, follow, max-snippet:-1, max-image-preview:large, max-video-preview:-1\" \/>\n<link rel=\"canonical\" href=\"https:\/\/peform.com\/de\/ueber-uns\/nachhaltigkeit\/\" \/>\n<meta property=\"og:locale\" content=\"de_DE\" \/>\n<meta property=\"og:type\" content=\"article\" \/>\n<meta property=\"og:title\" content=\"Nachhaltigkeit - peform\" \/>\n<meta property=\"og:url\" content=\"https:\/\/peform.com\/de\/ueber-uns\/nachhaltigkeit\/\" \/>\n<meta property=\"og:site_name\" content=\"peform\" \/>\n<meta property=\"article:modified_time\" content=\"2026-02-17T12:53:38+00:00\" \/>\n<meta property=\"og:image\" content=\"https:\/\/peform.com\/wp-content\/uploads\/sites\/3\/2025\/02\/header_peform_Sustainability2.jpg\" \/>\n\t<meta property=\"og:image:width\" content=\"1600\" \/>\n\t<meta property=\"og:image:height\" content=\"749\" \/>\n\t<meta property=\"og:image:type\" content=\"image\/jpeg\" \/>\n<meta name=\"twitter:card\" content=\"summary_large_image\" \/>\n<meta name=\"twitter:label1\" content=\"Gesch\u00e4tzte Lesezeit\" \/>\n\t<meta name=\"twitter:data1\" content=\"2\u00a0Minuten\" \/>\n<script type=\"application\/ld+json\" class=\"yoast-schema-graph\">{\"@context\":\"https:\/\/schema.org\",\"@graph\":[{\"@type\":\"WebPage\",\"@id\":\"https:\/\/peform.com\/de\/ueber-uns\/nachhaltigkeit\/\",\"url\":\"https:\/\/peform.com\/de\/ueber-uns\/nachhaltigkeit\/\",\"name\":\"Nachhaltigkeit - peform\",\"isPartOf\":{\"@id\":\"https:\/\/peform.com\/#website\"},\"primaryImageOfPage\":{\"@id\":\"https:\/\/peform.com\/de\/ueber-uns\/nachhaltigkeit\/#primaryimage\"},\"image\":{\"@id\":\"https:\/\/peform.com\/de\/ueber-uns\/nachhaltigkeit\/#primaryimage\"},\"thumbnailUrl\":\"https:\/\/peform.com\/wp-content\/uploads\/sites\/3\/2025\/02\/header_peform_Sustainability2.jpg\",\"datePublished\":\"2025-02-13T10:48:41+00:00\",\"dateModified\":\"2026-02-17T12:53:38+00:00\",\"breadcrumb\":{\"@id\":\"https:\/\/peform.com\/de\/ueber-uns\/nachhaltigkeit\/#breadcrumb\"},\"inLanguage\":\"de\",\"potentialAction\":[{\"@type\":\"ReadAction\",\"target\":[\"https:\/\/peform.com\/de\/ueber-uns\/nachhaltigkeit\/\"]}]},{\"@type\":\"ImageObject\",\"inLanguage\":\"de\",\"@id\":\"https:\/\/peform.com\/de\/ueber-uns\/nachhaltigkeit\/#primaryimage\",\"url\":\"https:\/\/peform.com\/wp-content\/uploads\/sites\/3\/2025\/02\/header_peform_Sustainability2.jpg\",\"contentUrl\":\"https:\/\/peform.com\/wp-content\/uploads\/sites\/3\/2025\/02\/header_peform_Sustainability2.jpg\",\"width\":1600,\"height\":749},{\"@type\":\"BreadcrumbList\",\"@id\":\"https:\/\/peform.com\/de\/ueber-uns\/nachhaltigkeit\/#breadcrumb\",\"itemListElement\":[{\"@type\":\"ListItem\",\"position\":1,\"name\":\"Home\",\"item\":\"https:\/\/peform.com\/de\/\"},{\"@type\":\"ListItem\",\"position\":2,\"name\":\"\u00dcber uns\",\"item\":\"https:\/\/peform.com\/de\/ueber-uns\/\"},{\"@type\":\"ListItem\",\"position\":3,\"name\":\"Nachhaltigkeit\"}]},{\"@type\":\"WebSite\",\"@id\":\"https:\/\/peform.com\/#website\",\"url\":\"https:\/\/peform.com\/\",\"name\":\"peform\",\"description\":\"\",\"potentialAction\":[{\"@type\":\"SearchAction\",\"target\":{\"@type\":\"EntryPoint\",\"urlTemplate\":\"https:\/\/peform.com\/?s={search_term_string}\"},\"query-input\":{\"@type\":\"PropertyValueSpecification\",\"valueRequired\":true,\"valueName\":\"search_term_string\"}}],\"inLanguage\":\"de\"}]}<\/script>\n<!-- \/ Yoast SEO plugin. -->","yoast_head_json":{"title":"Nachhaltigkeit - peform","robots":{"index":"index","follow":"follow","max-snippet":"max-snippet:-1","max-image-preview":"max-image-preview:large","max-video-preview":"max-video-preview:-1"},"canonical":"https:\/\/peform.com\/de\/ueber-uns\/nachhaltigkeit\/","og_locale":"de_DE","og_type":"article","og_title":"Nachhaltigkeit - peform","og_url":"https:\/\/peform.com\/de\/ueber-uns\/nachhaltigkeit\/","og_site_name":"peform","article_modified_time":"2026-02-17T12:53:38+00:00","og_image":[{"width":1600,"height":749,"url":"https:\/\/peform.com\/wp-content\/uploads\/sites\/3\/2025\/02\/header_peform_Sustainability2.jpg","type":"image\/jpeg"}],"twitter_card":"summary_large_image","twitter_misc":{"Gesch\u00e4tzte Lesezeit":"2\u00a0Minuten"},"schema":{"@context":"https:\/\/schema.org","@graph":[{"@type":"WebPage","@id":"https:\/\/peform.com\/de\/ueber-uns\/nachhaltigkeit\/","url":"https:\/\/peform.com\/de\/ueber-uns\/nachhaltigkeit\/","name":"Nachhaltigkeit - peform","isPartOf":{"@id":"https:\/\/peform.com\/#website"},"primaryImageOfPage":{"@id":"https:\/\/peform.com\/de\/ueber-uns\/nachhaltigkeit\/#primaryimage"},"image":{"@id":"https:\/\/peform.com\/de\/ueber-uns\/nachhaltigkeit\/#primaryimage"},"thumbnailUrl":"https:\/\/peform.com\/wp-content\/uploads\/sites\/3\/2025\/02\/header_peform_Sustainability2.jpg","datePublished":"2025-02-13T10:48:41+00:00","dateModified":"2026-02-17T12:53:38+00:00","breadcrumb":{"@id":"https:\/\/peform.com\/de\/ueber-uns\/nachhaltigkeit\/#breadcrumb"},"inLanguage":"de","potentialAction":[{"@type":"ReadAction","target":["https:\/\/peform.com\/de\/ueber-uns\/nachhaltigkeit\/"]}]},{"@type":"ImageObject","inLanguage":"de","@id":"https:\/\/peform.com\/de\/ueber-uns\/nachhaltigkeit\/#primaryimage","url":"https:\/\/peform.com\/wp-content\/uploads\/sites\/3\/2025\/02\/header_peform_Sustainability2.jpg","contentUrl":"https:\/\/peform.com\/wp-content\/uploads\/sites\/3\/2025\/02\/header_peform_Sustainability2.jpg","width":1600,"height":749},{"@type":"BreadcrumbList","@id":"https:\/\/peform.com\/de\/ueber-uns\/nachhaltigkeit\/#breadcrumb","itemListElement":[{"@type":"ListItem","position":1,"name":"Home","item":"https:\/\/peform.com\/de\/"},{"@type":"ListItem","position":2,"name":"\u00dcber uns","item":"https:\/\/peform.com\/de\/ueber-uns\/"},{"@type":"ListItem","position":3,"name":"Nachhaltigkeit"}]},{"@type":"WebSite","@id":"https:\/\/peform.com\/#website","url":"https:\/\/peform.com\/","name":"peform","description":"","potentialAction":[{"@type":"SearchAction","target":{"@type":"EntryPoint","urlTemplate":"https:\/\/peform.com\/?s={search_term_string}"},"query-input":{"@type":"PropertyValueSpecification","valueRequired":true,"valueName":"search_term_string"}}],"inLanguage":"de"}]}},"_links":{"self":[{"href":"https:\/\/peform.com\/de\/wp-json\/wp\/v2\/pages\/1531","targetHints":{"allow":["GET"]}}],"collection":[{"href":"https:\/\/peform.com\/de\/wp-json\/wp\/v2\/pages"}],"about":[{"href":"https:\/\/peform.com\/de\/wp-json\/wp\/v2\/types\/page"}],"author":[{"embeddable":true,"href":"https:\/\/peform.com\/de\/wp-json\/wp\/v2\/users\/6"}],"replies":[{"embeddable":true,"href":"https:\/\/peform.com\/de\/wp-json\/wp\/v2\/comments?post=1531"}],"version-history":[{"count":5,"href":"https:\/\/peform.com\/de\/wp-json\/wp\/v2\/pages\/1531\/revisions"}],"predecessor-version":[{"id":2473,"href":"https:\/\/peform.com\/de\/wp-json\/wp\/v2\/pages\/1531\/revisions\/2473"}],"up":[{"embeddable":true,"href":"https:\/\/peform.com\/de\/wp-json\/wp\/v2\/pages\/1534"}],"wp:featuredmedia":[{"embeddable":true,"href":"https:\/\/peform.com\/de\/wp-json\/wp\/v2\/media\/197"}],"wp:attachment":[{"href":"https:\/\/peform.com\/de\/wp-json\/wp\/v2\/media?parent=1531"}],"wp:term":[{"taxonomy":"content-type","embeddable":true,"href":"https:\/\/peform.com\/de\/wp-json\/wp\/v2\/content-types?post=1531"}],"curies":[{"name":"wp","href":"https:\/\/api.w.org\/{rel}","templated":true}]}}