{"id":2436,"date":"2025-10-22T10:00:58","date_gmt":"2025-10-22T08:00:58","guid":{"rendered":"https:\/\/peform.com\/?page_id=2436"},"modified":"2025-11-07T12:32:52","modified_gmt":"2025-11-07T11:32:52","slug":"novinky","status":"publish","type":"page","link":"https:\/\/peform.com\/cz\/novinky\/","title":{"rendered":"Novinky"},"content":{"rendered":"<div\n\tclass=\"scroll-my-24 wrapper-full mt-0 mb-4 pt-0 pb-0 w-full\"\n\t>\n\t<div class=\"flex flex-col sm:grid sm:grid-rows-1 grid-cols-1 sm:grid-cols-12 relative group\">\n\t\t\t<div class=\"hidden md:block absolute top-0 right-0 h-full w-1\/6 bg-gray-650 bg-opacity-50 hero-overlay z-10\"><\/div>\n\t\t<div class=\"px-4 sm:px-10 pb-8 sm:pb-12 pt-3 z-10 bg-blue-900 [.group:not(:has(.breadcrumbs))_&amp;]:pt-8 grid sm:flex sm:flex-col order-2 sm:order-none sm:justify-end items-start grid-rows-1 sm:grid-cols-4 row-start-1 col-start-1 sm:row-start-1 sm:col-start-1 md:col-start-1 sm:col-span-9 md:col-span-6 bg-opacity-95 sm:cut-off-content-primary-sm md:cut-off-content-primary-md\">\n\t\t<div class='breadcrumbs text-md\/5 flex flex-wrap items-baseline gap-x-1.5 gap-y-0.5 text-gray-300 mt-4 mb-8 sm:mb-auto sm:mt-4 col-span-4'><a href='https:\/\/peform.com\/cz\/' aria-label='Home link'>\n\t\t\t<svg xmlns='http:\/\/www.w3.org\/2000\/svg' width='12' height='12' viewBox='0 0 12 12' fill='none'><path d='M2 10.667h2v-4h4v4h2v-6l-4-3-4 3v6ZM.667 12V4L6 0l5.333 4v8H6.667V8H5.333v4H.667Z' fill='currentColor'\/><\/svg> <span><a href=\" https:\/\/peform.com\/cz\/ \">Home<\/a><\/span>\n\t\t<\/a><\/div><h2\tdata-slug=\"novinky\"\n\tclass=\"font-display text-balance font-synthesis-none scroll-m-20 flex items-start text-7xl md:text-8xl leading-[1.125] col-start-1 col-span-3 text-white sm:max-w-[70%]\"\n>\n\t\t<span class=\"min-w-0 break-words hyphens-auto\">\n\t\tNovinky\t<\/span>\n<\/h2>\t<\/div>\n\n\t<div class=\"z-20 absolute justify-center items-center [.group:not(:has(.breadcrumbs))_&amp;]:mt-8 w-8 h-16 sm:w-12 sm:h-24 md:size-auto hidden sm:flex top-[5%] right-[5%] sm:top-1\/2 sm:-translate-y-1\/2 sm:left-[63%] md:left-[-13%] xl:left-[-12.5%]\">\n\t\t<svg xmlns='http:\/\/www.w3.org\/2000\/svg' width='101' height='218' viewBox='0 0 101 218' fill='none'><path d='M100.33 0 19.784 218H0L80.545 0h19.785Z' fill='#E00832'\/><\/svg>\t<\/div>\n\t<picture\n\t\t\tclass=\"mb-0 row-start-1 col-start-1 z-0 sm:col-start-1 sm:col-span-12\"\n\t>\n\t\t\t\t\t\t\t\n\t<img\n\t\tsrc=\"https:\/\/peform.com\/wp-content\/uploads\/sites\/3\/2025\/02\/pexels-andrei-tanase-1271619-scaled-1.jpg\"\n\t\talt=\"\"\n\t\tclass=\"object-cover object-center row-start-1 col-start-1 z-0 aspect-3\/2 sm:aspect-21\/9 sm:cut-off-media-2 md:cut-off-media-3\"\n\t\/>\n<\/picture><\/div><\/div>\n\n<div\n\tclass=\"scroll-my-24 wrapper-contained-wide mt-12 max-sm:mt-8 mb-4 pt-0 pb-0 w-full\"\n\t>\n\t<div>\n\t<div class=\"flex flex-wrap items-center justify-between gap-y-8 mb-5\" >\n\t\n\t<div class=\"w-full flex flex-row flex-wrap gap-2\">\n\t\t<a\thref=\"?page=1&amp;year-filter=2025\"class=\"font-sans transition duration-300 flex w-fit items-center focus-visible:ring focus:outline-none text-lg disabled:cursor-default [&amp;&gt;svg]:flex-none max-w-full px-6 border [&amp;&gt;svg]:size-5 gap-2 py-2 rounded-sm text-blue-800 border-gray-200 hover:text-blue-900 hover:border-gray-300 disabled:text-gray-300 disabled:border-gray-300 disabled:border focus-visible:ring-blue-500\/30 button\">\n\t\t\t<span class=\"min-w-0 break-words hyphens-auto\">2025<\/span>\n\t\n\t<\/a>\t<\/div>\n<\/div><div class=\"flex flex-wrap items-center justify-between gap-y-8 mb-5\" >\n\t\n\t<div class=\"w-full flex flex-row flex-wrap gap-2\">\n\t\t<a\thref=\"?page=1&amp;category-filter=143\"class=\"font-sans transition duration-300 flex w-fit items-center focus-visible:ring focus:outline-none text-lg disabled:cursor-default [&amp;&gt;svg]:flex-none max-w-full px-6 border [&amp;&gt;svg]:size-5 gap-2 py-2 rounded-sm text-blue-800 border-gray-200 hover:text-blue-900 hover:border-gray-300 disabled:text-gray-300 disabled:border-gray-300 disabled:border focus-visible:ring-blue-500\/30 button\">\n\t\t\t<span class=\"min-w-0 break-words hyphens-auto\">Obecn\u00e9<\/span>\n\t\n\t<\/a>\t<\/div>\n<\/div>\n\t<div\n\t\tid=\"featured-content-es-95\"\n\t\tclass=\"grid gap-6 grid-cols-1 sm:grid-cols-2 md:grid-cols-3\"\n\t\taria-live=\"polite\"\n\t>\n\t\t<a class=\"w-full md:max-w-md overflow-hidden group text-start text-black\" href=\"https:\/\/peform.com\/cz\/peform-chrudim-s-r-o-instalace-fve\/\">\n\t<picture\n\t\t\tclass=\"w-full !block bg-gray-100 overflow-hidden\"\n\t>\n\t\t\t\t\t\t\t\n\t<img\n\t\tsrc=\"https:\/\/peform.com\/wp-content\/uploads\/sites\/3\/2025\/10\/peform_platzhalterbild-01-1-1024x1024.png\"\n\t\talt=\"\"\n\t\tclass=\"object-cover object-center w-full aspect-3\/2 group-hover:scale-110 transition-transform duration-300\"\n\t\/>\n<\/picture>\n\t<div class=\"py-4 pr-2\">\n\t\t<button\tclass=\"font-sans transition duration-300 flex w-fit items-center focus-visible:ring focus:outline-none text-lg disabled:cursor-default [&amp;&gt;svg]:flex-none max-w-full leading-tight cursor-pointer [&amp;&gt;svg]:size-6 gap-3 text-left text-red-700 hover:text-red-800 button mt-2 !text-bold !font-display [&amp;&gt;svg]:size-5\">\n\t\t\t<span class=\"min-w-0 break-words hyphens-auto\">peform Chrudim s.r.o. instalace FVE<\/span>\n\t\n\t<svg xmlns='http:\/\/www.w3.org\/2000\/svg' width='33' height='21' viewBox='0 0 33 21' fill='none'><path d='M23.813 1 30 8H10' stroke='#E20031' stroke-width='2.4' fill='none'\/><path d='m14.464 20 6.445-7H0' stroke='#003964' stroke-width='2.4' fill='none'\/><\/svg><\/button><p class=\"font-sans [&amp;&gt;a]:underline font-synthesis-none break-words hyphens-auto text-base leading-normal mt-2\">\n\tD\u00edky ve\u0159ejn\u00fdm finan\u010dn\u00edm prost\u0159edk\u016fm jsme mohli realizovat aktivity, kter\u00e9 by bez jejich p\u0159isp\u011bn\u00ed nebyly mo\u017en\u00e9.<\/p>\t<\/div>\n<\/a>\t<\/div>\n\n\t\n\t<\/div><\/div>\n\n<div\n\tclass=\"scroll-my-24 wrapper-contained mt-0 mb-4 pt-0 pb-0 w-full\"\n\t>\n\t<\/div>","protected":false},"excerpt":{"rendered":"","protected":false},"author":7,"featured_media":0,"parent":0,"menu_order":0,"comment_status":"closed","ping_status":"closed","template":"","meta":{"footnotes":""},"content-types":[],"class_list":["post-2436","page","type-page","status-publish","hentry"],"yoast_head":"<!-- This site is optimized with the Yoast SEO plugin v27.2 - https:\/\/yoast.com\/product\/yoast-seo-wordpress\/ -->\n<title>Novinky - peform<\/title>\n<meta name=\"robots\" content=\"index, follow, max-snippet:-1, max-image-preview:large, max-video-preview:-1\" \/>\n<link rel=\"canonical\" href=\"https:\/\/peform.com\/cz\/novinky\/\" \/>\n<meta property=\"og:locale\" content=\"cs_CZ\" \/>\n<meta property=\"og:type\" content=\"article\" \/>\n<meta property=\"og:title\" content=\"Novinky - peform\" \/>\n<meta property=\"og:url\" content=\"https:\/\/peform.com\/cz\/novinky\/\" \/>\n<meta property=\"og:site_name\" content=\"peform\" \/>\n<meta property=\"article:modified_time\" content=\"2025-11-07T11:32:52+00:00\" \/>\n<meta name=\"twitter:card\" content=\"summary_large_image\" \/>\n<meta name=\"twitter:label1\" content=\"Est. reading time\" \/>\n\t<meta name=\"twitter:data1\" content=\"1 minute\" \/>\n<script type=\"application\/ld+json\" class=\"yoast-schema-graph\">{\"@context\":\"https:\/\/schema.org\",\"@graph\":[{\"@type\":\"WebPage\",\"@id\":\"https:\/\/peform.com\/cz\/novinky\/\",\"url\":\"https:\/\/peform.com\/cz\/novinky\/\",\"name\":\"Novinky - peform\",\"isPartOf\":{\"@id\":\"https:\/\/peform.com\/#website\"},\"datePublished\":\"2025-10-22T08:00:58+00:00\",\"dateModified\":\"2025-11-07T11:32:52+00:00\",\"breadcrumb\":{\"@id\":\"https:\/\/peform.com\/cz\/novinky\/#breadcrumb\"},\"inLanguage\":\"cs-CZ\",\"potentialAction\":[{\"@type\":\"ReadAction\",\"target\":[\"https:\/\/peform.com\/cz\/novinky\/\"]}]},{\"@type\":\"BreadcrumbList\",\"@id\":\"https:\/\/peform.com\/cz\/novinky\/#breadcrumb\",\"itemListElement\":[{\"@type\":\"ListItem\",\"position\":1,\"name\":\"Home\",\"item\":\"https:\/\/peform.com\/cz\/\"},{\"@type\":\"ListItem\",\"position\":2,\"name\":\"Novinky\"}]},{\"@type\":\"WebSite\",\"@id\":\"https:\/\/peform.com\/#website\",\"url\":\"https:\/\/peform.com\/\",\"name\":\"peform\",\"description\":\"\",\"potentialAction\":[{\"@type\":\"SearchAction\",\"target\":{\"@type\":\"EntryPoint\",\"urlTemplate\":\"https:\/\/peform.com\/?s={search_term_string}\"},\"query-input\":{\"@type\":\"PropertyValueSpecification\",\"valueRequired\":true,\"valueName\":\"search_term_string\"}}],\"inLanguage\":\"cs-CZ\"}]}<\/script>\n<!-- \/ Yoast SEO plugin. -->","yoast_head_json":{"title":"Novinky - peform","robots":{"index":"index","follow":"follow","max-snippet":"max-snippet:-1","max-image-preview":"max-image-preview:large","max-video-preview":"max-video-preview:-1"},"canonical":"https:\/\/peform.com\/cz\/novinky\/","og_locale":"cs_CZ","og_type":"article","og_title":"Novinky - peform","og_url":"https:\/\/peform.com\/cz\/novinky\/","og_site_name":"peform","article_modified_time":"2025-11-07T11:32:52+00:00","twitter_card":"summary_large_image","twitter_misc":{"Est. reading time":"1 minute"},"schema":{"@context":"https:\/\/schema.org","@graph":[{"@type":"WebPage","@id":"https:\/\/peform.com\/cz\/novinky\/","url":"https:\/\/peform.com\/cz\/novinky\/","name":"Novinky - peform","isPartOf":{"@id":"https:\/\/peform.com\/#website"},"datePublished":"2025-10-22T08:00:58+00:00","dateModified":"2025-11-07T11:32:52+00:00","breadcrumb":{"@id":"https:\/\/peform.com\/cz\/novinky\/#breadcrumb"},"inLanguage":"cs-CZ","potentialAction":[{"@type":"ReadAction","target":["https:\/\/peform.com\/cz\/novinky\/"]}]},{"@type":"BreadcrumbList","@id":"https:\/\/peform.com\/cz\/novinky\/#breadcrumb","itemListElement":[{"@type":"ListItem","position":1,"name":"Home","item":"https:\/\/peform.com\/cz\/"},{"@type":"ListItem","position":2,"name":"Novinky"}]},{"@type":"WebSite","@id":"https:\/\/peform.com\/#website","url":"https:\/\/peform.com\/","name":"peform","description":"","potentialAction":[{"@type":"SearchAction","target":{"@type":"EntryPoint","urlTemplate":"https:\/\/peform.com\/?s={search_term_string}"},"query-input":{"@type":"PropertyValueSpecification","valueRequired":true,"valueName":"search_term_string"}}],"inLanguage":"cs-CZ"}]}},"_links":{"self":[{"href":"https:\/\/peform.com\/cz\/wp-json\/wp\/v2\/pages\/2436","targetHints":{"allow":["GET"]}}],"collection":[{"href":"https:\/\/peform.com\/cz\/wp-json\/wp\/v2\/pages"}],"about":[{"href":"https:\/\/peform.com\/cz\/wp-json\/wp\/v2\/types\/page"}],"author":[{"embeddable":true,"href":"https:\/\/peform.com\/cz\/wp-json\/wp\/v2\/users\/7"}],"replies":[{"embeddable":true,"href":"https:\/\/peform.com\/cz\/wp-json\/wp\/v2\/comments?post=2436"}],"version-history":[{"count":3,"href":"https:\/\/peform.com\/cz\/wp-json\/wp\/v2\/pages\/2436\/revisions"}],"predecessor-version":[{"id":2441,"href":"https:\/\/peform.com\/cz\/wp-json\/wp\/v2\/pages\/2436\/revisions\/2441"}],"wp:attachment":[{"href":"https:\/\/peform.com\/cz\/wp-json\/wp\/v2\/media?parent=2436"}],"wp:term":[{"taxonomy":"content-type","embeddable":true,"href":"https:\/\/peform.com\/cz\/wp-json\/wp\/v2\/content-types?post=2436"}],"curies":[{"name":"wp","href":"https:\/\/api.w.org\/{rel}","templated":true}]}}